{"id":931,"date":"2019-02-12T16:07:56","date_gmt":"2019-02-12T15:07:56","guid":{"rendered":"http:\/\/vailly74.fr\/?page_id=931"},"modified":"2020-02-04T10:56:08","modified_gmt":"2020-02-04T09:56:08","slug":"benoit-morel","status":"publish","type":"page","link":"https:\/\/vailly74.fr\/index.php\/notre-commune\/artisans\/benoit-morel\/","title":{"rendered":"Beno\u00eet MOREL multi-travaux"},"content":{"rendered":"<p><img loading=\"lazy\" decoding=\"async\" class=\"alignnone size-medium wp-image-933 aligncenter\" src=\"http:\/\/vailly74.fr\/wp-content\/uploads\/2019\/02\/Capture-d\u2019e\u0301cran-2019-02-12-a\u0300-16.07.01-300x194.png\" alt=\"\" width=\"300\" height=\"194\" srcset=\"https:\/\/vailly74.fr\/wp-content\/uploads\/2019\/02\/Capture-d\u2019e\u0301cran-2019-02-12-a\u0300-16.07.01-300x194.png 300w, https:\/\/vailly74.fr\/wp-content\/uploads\/2019\/02\/Capture-d\u2019e\u0301cran-2019-02-12-a\u0300-16.07.01.png 323w\" sizes=\"auto, (max-width: 300px) 100vw, 300px\" \/><\/p>\n<p style=\"text-align: center;\"><span class=\"Style10\"><span style=\"color: #000000;\"><strong>Beno\u00eet MOREL<\/strong><\/span><\/span><\/p>\n<p style=\"text-align: center;\"><span class=\"Style10\"><em>Entreprise multi-travaux de la maison : m<span class=\"Style22\">a\u00e7onnerie, espaces verts et petit terrassement.<\/span><\/em><br \/>\n249 route de Plamp\u00e9ry &#8211; Sous la C\u00f4te &#8211; 74470 VAILLY<\/span><br \/>\n<span class=\"Style10\">T\u00e9l : 06 07 42 15 98<\/span><\/p>\n","protected":false},"excerpt":{"rendered":"<p>Beno\u00eet MOREL Entreprise multi-travaux de la maison : ma\u00e7onnerie, espaces verts et petit terrassement. 249 route de Plamp\u00e9ry &#8211; Sous la C\u00f4te &#8211; 74470 VAILLY T\u00e9l : 06 07 42 15 98<\/p>\n","protected":false},"author":1,"featured_media":0,"parent":730,"menu_order":5,"comment_status":"closed","ping_status":"closed","template":"","meta":{"_mi_skip_tracking":false,"footnotes":""},"class_list":["post-931","page","type-page","status-publish","hentry"],"_links":{"self":[{"href":"https:\/\/vailly74.fr\/index.php\/wp-json\/wp\/v2\/pages\/931","targetHints":{"allow":["GET"]}}],"collection":[{"href":"https:\/\/vailly74.fr\/index.php\/wp-json\/wp\/v2\/pages"}],"about":[{"href":"https:\/\/vailly74.fr\/index.php\/wp-json\/wp\/v2\/types\/page"}],"author":[{"embeddable":true,"href":"https:\/\/vailly74.fr\/index.php\/wp-json\/wp\/v2\/users\/1"}],"replies":[{"embeddable":true,"href":"https:\/\/vailly74.fr\/index.php\/wp-json\/wp\/v2\/comments?post=931"}],"version-history":[{"count":4,"href":"https:\/\/vailly74.fr\/index.php\/wp-json\/wp\/v2\/pages\/931\/revisions"}],"predecessor-version":[{"id":2431,"href":"https:\/\/vailly74.fr\/index.php\/wp-json\/wp\/v2\/pages\/931\/revisions\/2431"}],"up":[{"embeddable":true,"href":"https:\/\/vailly74.fr\/index.php\/wp-json\/wp\/v2\/pages\/730"}],"wp:attachment":[{"href":"https:\/\/vailly74.fr\/index.php\/wp-json\/wp\/v2\/media?parent=931"}],"curies":[{"name":"wp","href":"https:\/\/api.w.org\/{rel}","templated":true}]}}