{"id":925,"date":"2019-02-12T16:04:49","date_gmt":"2019-02-12T15:04:49","guid":{"rendered":"http:\/\/vailly74.fr\/?page_id=925"},"modified":"2020-02-04T10:40:14","modified_gmt":"2020-02-04T09:40:14","slug":"chatelain-paysages","status":"publish","type":"page","link":"https:\/\/vailly74.fr\/index.php\/notre-commune\/artisans\/chatelain-paysages\/","title":{"rendered":"Chatelain Paysages"},"content":{"rendered":"<p><img loading=\"lazy\" decoding=\"async\" class=\"alignnone size-medium wp-image-926 aligncenter\" src=\"http:\/\/vailly74.fr\/wp-content\/uploads\/2019\/02\/ChatelainPaysages-Carte-de-visite-300x172.jpg\" alt=\"\" width=\"300\" height=\"172\" srcset=\"https:\/\/vailly74.fr\/wp-content\/uploads\/2019\/02\/ChatelainPaysages-Carte-de-visite-300x172.jpg 300w, https:\/\/vailly74.fr\/wp-content\/uploads\/2019\/02\/ChatelainPaysages-Carte-de-visite-768x440.jpg 768w, https:\/\/vailly74.fr\/wp-content\/uploads\/2019\/02\/ChatelainPaysages-Carte-de-visite.jpg 793w\" sizes=\"auto, (max-width: 300px) 100vw, 300px\" \/><\/p>\n<p style=\"text-align: center;\"><span style=\"color: #008000;\"><strong>Chatelain Paysages<\/strong><\/span><\/p>\n<p style=\"text-align: center;\">\n<span class=\"Style10\"><strong>St\u00e9phane CHATELAIN<\/strong><br \/>\n67 Route de Layat &#8211; Sous-la-C\u00f4te &#8211; 74470 VAILLY<\/span><br \/>\n<span class=\"Style10\">T\u00e9l : 04 50 81 59 49 \/ 06 76 47 44 39<strong><br \/>\n<\/strong><\/span><span class=\"Style35\"><a href=\"mailto:chatelainpaysages@wanadoo.fr\">chatelainpaysages@wanadoo.fr<\/a><\/span><br \/>\n<a class=\"Style31\" href=\"https:\/\/www.lesjardinschatelain.fr\/\/\" target=\"_blank\" rel=\"noopener\">www.lesjardinschatelain.fr<\/a><\/p>\n<p style=\"text-align: center;\"><span class=\"Style36\"><br \/>\n<em><span class=\"Style31\">Chatelain Paysages r\u00e9alise tous vos am\u00e9nagements ext\u00e9rieurs pour obtenir un jardin personnalis\u00e9 : terrasses en pierre, en bois, cour en pierre, en enrob\u00e9, muret, bassin de jardin, <\/span><\/em><\/span><em><span class=\"Style22\">plantation, etc.<\/span><\/em><\/p>\n<p><img loading=\"lazy\" decoding=\"async\" class=\"wp-image-2419 size-medium alignleft\" src=\"http:\/\/vailly74.fr\/wp-content\/uploads\/2020\/02\/chatelain_paysages2-300x225.jpg\" alt=\"\" width=\"300\" height=\"225\" srcset=\"https:\/\/vailly74.fr\/wp-content\/uploads\/2020\/02\/chatelain_paysages2-300x225.jpg 300w, https:\/\/vailly74.fr\/wp-content\/uploads\/2020\/02\/chatelain_paysages2-768x576.jpg 768w, https:\/\/vailly74.fr\/wp-content\/uploads\/2020\/02\/chatelain_paysages2.jpg 1024w\" sizes=\"auto, (max-width: 300px) 100vw, 300px\" \/> <img loading=\"lazy\" decoding=\"async\" class=\"wp-image-2420 size-medium alignright\" src=\"http:\/\/vailly74.fr\/wp-content\/uploads\/2020\/02\/chatelain_paysages3-300x225.jpg\" alt=\"\" width=\"300\" height=\"225\" srcset=\"https:\/\/vailly74.fr\/wp-content\/uploads\/2020\/02\/chatelain_paysages3-300x225.jpg 300w, https:\/\/vailly74.fr\/wp-content\/uploads\/2020\/02\/chatelain_paysages3.jpg 767w\" sizes=\"auto, (max-width: 300px) 100vw, 300px\" \/><\/p>\n","protected":false},"excerpt":{"rendered":"<p>Chatelain Paysages St\u00e9phane CHATELAIN 67 Route de Layat &#8211; Sous-la-C\u00f4te &#8211; 74470 VAILLY T\u00e9l : 04 50 81 59 49 \/ 06 76 47 44 39 chatelainpaysages@wanadoo.fr www.lesjardinschatelain.fr Chatelain Paysages r\u00e9alise tous vos am\u00e9nagements ext\u00e9rieurs pour obtenir un jardin personnalis\u00e9<\/p>\n","protected":false},"author":1,"featured_media":0,"parent":730,"menu_order":2,"comment_status":"closed","ping_status":"closed","template":"","meta":{"_mi_skip_tracking":false,"footnotes":""},"class_list":["post-925","page","type-page","status-publish","hentry"],"_links":{"self":[{"href":"https:\/\/vailly74.fr\/index.php\/wp-json\/wp\/v2\/pages\/925","targetHints":{"allow":["GET"]}}],"collection":[{"href":"https:\/\/vailly74.fr\/index.php\/wp-json\/wp\/v2\/pages"}],"about":[{"href":"https:\/\/vailly74.fr\/index.php\/wp-json\/wp\/v2\/types\/page"}],"author":[{"embeddable":true,"href":"https:\/\/vailly74.fr\/index.php\/wp-json\/wp\/v2\/users\/1"}],"replies":[{"embeddable":true,"href":"https:\/\/vailly74.fr\/index.php\/wp-json\/wp\/v2\/comments?post=925"}],"version-history":[{"count":4,"href":"https:\/\/vailly74.fr\/index.php\/wp-json\/wp\/v2\/pages\/925\/revisions"}],"predecessor-version":[{"id":2421,"href":"https:\/\/vailly74.fr\/index.php\/wp-json\/wp\/v2\/pages\/925\/revisions\/2421"}],"up":[{"embeddable":true,"href":"https:\/\/vailly74.fr\/index.php\/wp-json\/wp\/v2\/pages\/730"}],"wp:attachment":[{"href":"https:\/\/vailly74.fr\/index.php\/wp-json\/wp\/v2\/media?parent=925"}],"curies":[{"name":"wp","href":"https:\/\/api.w.org\/{rel}","templated":true}]}}