{"id":895,"date":"2019-02-12T15:38:32","date_gmt":"2019-02-12T14:38:32","guid":{"rendered":"http:\/\/vailly74.fr\/?page_id=895"},"modified":"2020-02-04T10:00:12","modified_gmt":"2020-02-04T09:00:12","slug":"la-maison-du-brevon","status":"publish","type":"page","link":"https:\/\/vailly74.fr\/index.php\/notre-commune\/commercants\/la-maison-du-brevon\/","title":{"rendered":"Maison du Brevon"},"content":{"rendered":"<p>&nbsp;<\/p>\n<div>\n<p style=\"text-align: center;\"><img loading=\"lazy\" decoding=\"async\" class=\"wp-image-903 aligncenter\" src=\"http:\/\/vailly74.fr\/wp-content\/uploads\/2019\/02\/44624634_272876916576089_3900739514984824832_n-300x300.jpg\" alt=\"\" width=\"248\" height=\"248\" srcset=\"https:\/\/vailly74.fr\/wp-content\/uploads\/2019\/02\/44624634_272876916576089_3900739514984824832_n-300x300.jpg 300w, https:\/\/vailly74.fr\/wp-content\/uploads\/2019\/02\/44624634_272876916576089_3900739514984824832_n-150x150.jpg 150w, https:\/\/vailly74.fr\/wp-content\/uploads\/2019\/02\/44624634_272876916576089_3900739514984824832_n-270x270.jpg 270w, https:\/\/vailly74.fr\/wp-content\/uploads\/2019\/02\/44624634_272876916576089_3900739514984824832_n-230x230.jpg 230w, https:\/\/vailly74.fr\/wp-content\/uploads\/2019\/02\/44624634_272876916576089_3900739514984824832_n.jpg 491w\" sizes=\"auto, (max-width: 248px) 100vw, 248px\" \/><strong><span style=\"color: #386eab;\">La Maison du Brevon<br \/>\n<\/span><\/strong><em>Fromages et produits r\u00e9gionaux<\/em><\/p>\n<\/div>\n<p style=\"text-align: center;\"><span class=\"Style10\"><strong>Val\u00e9rie et Christian MOREL-CHEVILLET<\/strong><br \/>\n<\/span><span class=\"Style10\">20 all\u00e9e de la Fruiti\u00e8re &#8211; Sous La C\u00f4te &#8211; 74470 VAILLY<br \/>\n<\/span><span class=\"Style39\">T\u00e9l : 04 50 73 88 77 \/ <\/span><span class=\"Style39\">06 73 34 32 40<\/span><\/p>\n<p>&nbsp;<\/p>\n<div class=\"_39k5 _5s6c\">\n<div>\n<div class=\"_2cuy _3dgx _2vxa\">\n<p style=\"text-align: center;\">Depuis 2005, la maison du Brevon : cr\u00e8merie-fromagerie, vous propose des produits locaux (\u00e9piceries fines, vins, bi\u00e8res) et des fromages en direct des producteurs.<br \/>\nConseil, d\u00e9gustation ou d\u00e9couverte, nous sommes l\u00e0 pour r\u00e9pondre \u00e0 toutes vos envies fromag\u00e8res !<\/p>\n<\/div>\n<\/div>\n<\/div>\n<div style=\"text-align: center;\"><\/div>\n<div class=\"_39k5 _5s6c\">\n<div style=\"text-align: center;\"><strong><span style=\"color: #386eab;\">Horaires d&rsquo;ouverture :<\/span><\/strong><\/div>\n<div style=\"text-align: center;\">Mardi, jeudi, vendredi et samedi : 8h30 -12h00 \/ 16h00 -19h30<\/div>\n<div style=\"text-align: center;\">Mercredi et dimanche : 8h30 &#8211; 12h00<\/div>\n<div style=\"text-align: center;\">Ferm\u00e9 le lundi<\/div>\n<div><\/div>\n<\/div>\n<div>\n<div>\n<div>\n<div><img loading=\"lazy\" decoding=\"async\" class=\"size-medium wp-image-904 aligncenter\" src=\"http:\/\/vailly74.fr\/wp-content\/uploads\/2019\/02\/48268880_291534951376952_1775563398839271424_n-300x225.jpg\" alt=\"\" width=\"300\" height=\"225\" srcset=\"https:\/\/vailly74.fr\/wp-content\/uploads\/2019\/02\/48268880_291534951376952_1775563398839271424_n-300x225.jpg 300w, https:\/\/vailly74.fr\/wp-content\/uploads\/2019\/02\/48268880_291534951376952_1775563398839271424_n.jpg 500w\" sizes=\"auto, (max-width: 300px) 100vw, 300px\" \/><\/div>\n<\/div>\n<\/div>\n<\/div>\n<div class=\"_39k5 _5s6c\">\n<div><\/div>\n<\/div>\n","protected":false},"excerpt":{"rendered":"<p>&nbsp; La Maison du Brevon Fromages et produits r\u00e9gionaux Val\u00e9rie et Christian MOREL-CHEVILLET 20 all\u00e9e de la Fruiti\u00e8re &#8211; Sous La C\u00f4te &#8211; 74470 VAILLY T\u00e9l : 04 50 73 88 77 \/ 06 73 34 32 40 &nbsp; Depuis<\/p>\n","protected":false},"author":1,"featured_media":0,"parent":732,"menu_order":4,"comment_status":"closed","ping_status":"closed","template":"","meta":{"_mi_skip_tracking":false,"footnotes":""},"class_list":["post-895","page","type-page","status-publish","hentry"],"_links":{"self":[{"href":"https:\/\/vailly74.fr\/index.php\/wp-json\/wp\/v2\/pages\/895","targetHints":{"allow":["GET"]}}],"collection":[{"href":"https:\/\/vailly74.fr\/index.php\/wp-json\/wp\/v2\/pages"}],"about":[{"href":"https:\/\/vailly74.fr\/index.php\/wp-json\/wp\/v2\/types\/page"}],"author":[{"embeddable":true,"href":"https:\/\/vailly74.fr\/index.php\/wp-json\/wp\/v2\/users\/1"}],"replies":[{"embeddable":true,"href":"https:\/\/vailly74.fr\/index.php\/wp-json\/wp\/v2\/comments?post=895"}],"version-history":[{"count":16,"href":"https:\/\/vailly74.fr\/index.php\/wp-json\/wp\/v2\/pages\/895\/revisions"}],"predecessor-version":[{"id":2403,"href":"https:\/\/vailly74.fr\/index.php\/wp-json\/wp\/v2\/pages\/895\/revisions\/2403"}],"up":[{"embeddable":true,"href":"https:\/\/vailly74.fr\/index.php\/wp-json\/wp\/v2\/pages\/732"}],"wp:attachment":[{"href":"https:\/\/vailly74.fr\/index.php\/wp-json\/wp\/v2\/media?parent=895"}],"curies":[{"name":"wp","href":"https:\/\/api.w.org\/{rel}","templated":true}]}}