{"id":890,"date":"2019-02-12T15:35:41","date_gmt":"2019-02-12T14:35:41","guid":{"rendered":"http:\/\/vailly74.fr\/?page_id=890"},"modified":"2020-02-04T09:30:15","modified_gmt":"2020-02-04T08:30:15","slug":"bar-brasserie-au-brevon","status":"publish","type":"page","link":"https:\/\/vailly74.fr\/index.php\/notre-commune\/commercants\/bar-brasserie-au-brevon\/","title":{"rendered":"Bar Brasserie Au Brevon"},"content":{"rendered":"<p>&nbsp;<\/p>\n<p><img loading=\"lazy\" decoding=\"async\" class=\"size-medium wp-image-891 aligncenter\" src=\"http:\/\/vailly74.fr\/wp-content\/uploads\/2019\/02\/11182174_472245079589565_794597898374946270_n-300x300.jpg\" alt=\"\" width=\"300\" height=\"300\" srcset=\"https:\/\/vailly74.fr\/wp-content\/uploads\/2019\/02\/11182174_472245079589565_794597898374946270_n-300x300.jpg 300w, https:\/\/vailly74.fr\/wp-content\/uploads\/2019\/02\/11182174_472245079589565_794597898374946270_n-150x150.jpg 150w, https:\/\/vailly74.fr\/wp-content\/uploads\/2019\/02\/11182174_472245079589565_794597898374946270_n-270x270.jpg 270w, https:\/\/vailly74.fr\/wp-content\/uploads\/2019\/02\/11182174_472245079589565_794597898374946270_n-230x230.jpg 230w, https:\/\/vailly74.fr\/wp-content\/uploads\/2019\/02\/11182174_472245079589565_794597898374946270_n.jpg 572w\" sizes=\"auto, (max-width: 300px) 100vw, 300px\" \/><\/p>\n<p style=\"text-align: center;\"><span style=\"color: #386eab;\"><strong>Bar Brasserie \u00ab\u00a0Au Brevon\u00a0\u00bb<br \/>\n<\/strong><\/span><em>Patricia SENDERAK<\/em><br \/>\n<span class=\"Style10\">54 all\u00e9e de la Fruiti\u00e8re &#8211; Sous-la-C\u00f4te &#8211;\u00a0<\/span><span class=\"Style10\">74470\u00a0VAILLY<\/span><br \/>\n<span class=\"Style22\">T\u00e9l :\u00a004 56 30 79 49<\/span><\/p>\n<p>&nbsp;<\/p>\n<p style=\"text-align: center;\">Menu du jour, repas ouvrier, soir\u00e9es \u00e0 th\u00e8me,<em> etc.<\/em><\/p>\n<p class=\"Style22\">\n","protected":false},"excerpt":{"rendered":"<p>&nbsp; Bar Brasserie \u00ab\u00a0Au Brevon\u00a0\u00bb Patricia SENDERAK 54 all\u00e9e de la Fruiti\u00e8re &#8211; Sous-la-C\u00f4te &#8211;\u00a074470\u00a0VAILLY T\u00e9l :\u00a004 56 30 79 49 &nbsp; Menu du jour, repas ouvrier, soir\u00e9es \u00e0 th\u00e8me, etc.<\/p>\n","protected":false},"author":1,"featured_media":0,"parent":732,"menu_order":3,"comment_status":"closed","ping_status":"closed","template":"","meta":{"_mi_skip_tracking":false,"footnotes":""},"class_list":["post-890","page","type-page","status-publish","hentry"],"_links":{"self":[{"href":"https:\/\/vailly74.fr\/index.php\/wp-json\/wp\/v2\/pages\/890","targetHints":{"allow":["GET"]}}],"collection":[{"href":"https:\/\/vailly74.fr\/index.php\/wp-json\/wp\/v2\/pages"}],"about":[{"href":"https:\/\/vailly74.fr\/index.php\/wp-json\/wp\/v2\/types\/page"}],"author":[{"embeddable":true,"href":"https:\/\/vailly74.fr\/index.php\/wp-json\/wp\/v2\/users\/1"}],"replies":[{"embeddable":true,"href":"https:\/\/vailly74.fr\/index.php\/wp-json\/wp\/v2\/comments?post=890"}],"version-history":[{"count":4,"href":"https:\/\/vailly74.fr\/index.php\/wp-json\/wp\/v2\/pages\/890\/revisions"}],"predecessor-version":[{"id":2387,"href":"https:\/\/vailly74.fr\/index.php\/wp-json\/wp\/v2\/pages\/890\/revisions\/2387"}],"up":[{"embeddable":true,"href":"https:\/\/vailly74.fr\/index.php\/wp-json\/wp\/v2\/pages\/732"}],"wp:attachment":[{"href":"https:\/\/vailly74.fr\/index.php\/wp-json\/wp\/v2\/media?parent=890"}],"curies":[{"name":"wp","href":"https:\/\/api.w.org\/{rel}","templated":true}]}}