{"id":873,"date":"2019-02-12T15:14:24","date_gmt":"2019-02-12T14:14:24","guid":{"rendered":"http:\/\/vailly74.fr\/?page_id=873"},"modified":"2020-02-04T10:13:59","modified_gmt":"2020-02-04T09:13:59","slug":"un-moment-a-soi","status":"publish","type":"page","link":"https:\/\/vailly74.fr\/index.php\/notre-commune\/commercants\/un-moment-a-soi\/","title":{"rendered":"Un moment \u00e0 Soi"},"content":{"rendered":"<p><img loading=\"lazy\" decoding=\"async\" class=\"wp-image-879  aligncenter\" style=\"text-align: center;\" src=\"http:\/\/vailly74.fr\/wp-content\/uploads\/2019\/02\/12345598_564915470326504_4229696109400634862_n.jpg\" alt=\"\" width=\"451\" height=\"337\" srcset=\"https:\/\/vailly74.fr\/wp-content\/uploads\/2019\/02\/12345598_564915470326504_4229696109400634862_n.jpg 960w, https:\/\/vailly74.fr\/wp-content\/uploads\/2019\/02\/12345598_564915470326504_4229696109400634862_n-300x224.jpg 300w, https:\/\/vailly74.fr\/wp-content\/uploads\/2019\/02\/12345598_564915470326504_4229696109400634862_n-768x574.jpg 768w\" sizes=\"auto, (max-width: 451px) 100vw, 451px\" \/><\/p>\n<p style=\"text-align: center;\"><span style=\"color: #e81764;\"><strong>Un Moment \u00e0 Soi<\/strong><\/span><\/p>\n<p style=\"text-align: center;\"><em>Salon de coiffure, esth\u00e9tique et onglerie<br \/>\n<\/em><span class=\"Style10\"><strong>Marl\u00e8ne FOUQUART-CHASS\u00c9<\/strong><br \/>\n26 all\u00e9e de la Fruiti\u00e8re &#8211; Sous-la-C\u00f4te &#8211; 74470 VAILLY<\/span><br \/>\n<span class=\"Style39\">T\u00e9l : 04 50 71 98 21<\/span><br \/>\n<span class=\"Style22\"><a href=\"http:\/\/www.coiffeur-unmomentasoi-vailly.fr\"><span class=\"Style44\">www.coiffeur-unmomentasoi-vailly.fr<\/span><\/a><\/span><span class=\"Style44\"><br \/>\n<\/span><span class=\"Style22\"><a href=\"https:\/\/www.facebook.com\/unmomentasoivailly\/\">Facebook<\/a><\/span><\/p>\n<p style=\"text-align: center;\"><span class=\"Style22\"><strong><span style=\"color: #386eab;\">Horaires d&rsquo;ouverture :<\/span><br \/>\n<\/strong><\/span><span class=\"Style22\">Mardi et jeudi : 9h00 &#8211; 18h00\u00a0<strong><br \/>\n<\/strong>Mercredi : 9h00 &#8211; 12h00<br \/>\nVendredi : 9h00 &#8211; 19h00<br \/>\nSamedi : 9h00 &#8211; 17h00<br \/>\nFerm\u00e9 le lundi<\/span><\/p>\n<p>&nbsp;<\/p>\n<p><img loading=\"lazy\" decoding=\"async\" class=\"aligncenter wp-image-878 \" style=\"text-align: center;\" src=\"http:\/\/vailly74.fr\/wp-content\/uploads\/2019\/02\/12310434_564990413652343_1535756353643162580_n.jpg\" alt=\"\" width=\"209\" height=\"278\" srcset=\"https:\/\/vailly74.fr\/wp-content\/uploads\/2019\/02\/12310434_564990413652343_1535756353643162580_n.jpg 720w, https:\/\/vailly74.fr\/wp-content\/uploads\/2019\/02\/12310434_564990413652343_1535756353643162580_n-225x300.jpg 225w\" sizes=\"auto, (max-width: 209px) 100vw, 209px\" \/><\/p>\n<p>&nbsp;<\/p>\n","protected":false},"excerpt":{"rendered":"<p>Un Moment \u00e0 Soi Salon de coiffure, esth\u00e9tique et onglerie Marl\u00e8ne FOUQUART-CHASS\u00c9 26 all\u00e9e de la Fruiti\u00e8re &#8211; Sous-la-C\u00f4te &#8211; 74470 VAILLY T\u00e9l : 04 50 71 98 21 www.coiffeur-unmomentasoi-vailly.fr Facebook Horaires d&rsquo;ouverture : Mardi et jeudi : 9h00 &#8211;<\/p>\n","protected":false},"author":1,"featured_media":0,"parent":732,"menu_order":7,"comment_status":"closed","ping_status":"closed","template":"","meta":{"_mi_skip_tracking":false,"footnotes":""},"class_list":["post-873","page","type-page","status-publish","hentry"],"_links":{"self":[{"href":"https:\/\/vailly74.fr\/index.php\/wp-json\/wp\/v2\/pages\/873","targetHints":{"allow":["GET"]}}],"collection":[{"href":"https:\/\/vailly74.fr\/index.php\/wp-json\/wp\/v2\/pages"}],"about":[{"href":"https:\/\/vailly74.fr\/index.php\/wp-json\/wp\/v2\/types\/page"}],"author":[{"embeddable":true,"href":"https:\/\/vailly74.fr\/index.php\/wp-json\/wp\/v2\/users\/1"}],"replies":[{"embeddable":true,"href":"https:\/\/vailly74.fr\/index.php\/wp-json\/wp\/v2\/comments?post=873"}],"version-history":[{"count":7,"href":"https:\/\/vailly74.fr\/index.php\/wp-json\/wp\/v2\/pages\/873\/revisions"}],"predecessor-version":[{"id":2411,"href":"https:\/\/vailly74.fr\/index.php\/wp-json\/wp\/v2\/pages\/873\/revisions\/2411"}],"up":[{"embeddable":true,"href":"https:\/\/vailly74.fr\/index.php\/wp-json\/wp\/v2\/pages\/732"}],"wp:attachment":[{"href":"https:\/\/vailly74.fr\/index.php\/wp-json\/wp\/v2\/media?parent=873"}],"curies":[{"name":"wp","href":"https:\/\/api.w.org\/{rel}","templated":true}]}}