{"id":864,"date":"2019-02-12T15:07:00","date_gmt":"2019-02-12T14:07:00","guid":{"rendered":"http:\/\/vailly74.fr\/?page_id=864"},"modified":"2020-02-04T09:56:05","modified_gmt":"2020-02-04T08:56:05","slug":"boulangerie-traditions-gourmandises","status":"publish","type":"page","link":"https:\/\/vailly74.fr\/index.php\/notre-commune\/commercants\/boulangerie-traditions-gourmandises\/","title":{"rendered":"Boulangerie &#8211; P\u00e2tisserie Traditions &#038; Gourmandises"},"content":{"rendered":"<p><img loading=\"lazy\" decoding=\"async\" class=\"size-medium wp-image-2393 aligncenter\" src=\"http:\/\/vailly74.fr\/wp-content\/uploads\/2020\/02\/logoboulangerie-300x193.jpg\" alt=\"\" width=\"300\" height=\"193\" srcset=\"https:\/\/vailly74.fr\/wp-content\/uploads\/2020\/02\/logoboulangerie-300x193.jpg 300w, https:\/\/vailly74.fr\/wp-content\/uploads\/2020\/02\/logoboulangerie.jpg 591w\" sizes=\"auto, (max-width: 300px) 100vw, 300px\" \/><\/p>\n<p style=\"text-align: center;\"><em>Boulangerie &#8211; P\u00e2tisserie<\/em><br \/>\n<strong><span style=\"color: #e81764;\">Les Petits Gourmets<\/span><\/strong><br \/>\n<span class=\"Style10\"><em>Mathias MASTORINO &amp; C\u00e9cile FONTAINE<\/em><br \/>\n32 route de Layat &#8211; Sous la C\u00f4te &#8211; 74470 VAILLY<br \/>\n<\/span><\/p>\n<p style=\"text-align: center;\">T\u00e9l : 04.50.73.80.06<\/p>\n<p style=\"text-align: center;\"><a href=\"https:\/\/www.facebook.com\/pg\/Les-Petits-Gourmets-Vailly-332452784374588\/posts\/\" target=\"_blank\" rel=\"noopener\"><span class=\"Style21\">Facebook<\/span><\/a><\/p>\n<p style=\"text-align: center;\"><span class=\"Style21\"><span class=\"Style22\"><br \/>\nFabrication traditionnel du pain au levain et large choix de p\u00e2tisseries.<\/span><\/span><\/p>\n<p class=\"Style22\" style=\"text-align: center;\"><span style=\"color: #386eab;\"><strong>Horaires :<br \/>\n<\/strong><\/span>Mardi au dimanche : 7h00 &#8211; 12h30<strong><br \/>\n<\/strong>Ferm\u00e9 le lundi<\/p>\n<p><img loading=\"lazy\" decoding=\"async\" class=\"aligncenter wp-image-2396 \" src=\"http:\/\/vailly74.fr\/wp-content\/uploads\/2020\/02\/BoulangerieVailly.jpg\" alt=\"\" width=\"340\" height=\"453\" srcset=\"https:\/\/vailly74.fr\/wp-content\/uploads\/2020\/02\/BoulangerieVailly.jpg 720w, https:\/\/vailly74.fr\/wp-content\/uploads\/2020\/02\/BoulangerieVailly-225x300.jpg 225w\" sizes=\"auto, (max-width: 340px) 100vw, 340px\" \/><\/p>\n","protected":false},"excerpt":{"rendered":"<p>Boulangerie &#8211; P\u00e2tisserie Les Petits Gourmets Mathias MASTORINO &amp; C\u00e9cile FONTAINE 32 route de Layat &#8211; Sous la C\u00f4te &#8211; 74470 VAILLY T\u00e9l : 04.50.73.80.06 Facebook Fabrication traditionnel du pain au levain et large choix de p\u00e2tisseries. Horaires : Mardi<\/p>\n","protected":false},"author":1,"featured_media":0,"parent":732,"menu_order":5,"comment_status":"closed","ping_status":"closed","template":"","meta":{"_mi_skip_tracking":false,"footnotes":""},"class_list":["post-864","page","type-page","status-publish","hentry"],"_links":{"self":[{"href":"https:\/\/vailly74.fr\/index.php\/wp-json\/wp\/v2\/pages\/864","targetHints":{"allow":["GET"]}}],"collection":[{"href":"https:\/\/vailly74.fr\/index.php\/wp-json\/wp\/v2\/pages"}],"about":[{"href":"https:\/\/vailly74.fr\/index.php\/wp-json\/wp\/v2\/types\/page"}],"author":[{"embeddable":true,"href":"https:\/\/vailly74.fr\/index.php\/wp-json\/wp\/v2\/users\/1"}],"replies":[{"embeddable":true,"href":"https:\/\/vailly74.fr\/index.php\/wp-json\/wp\/v2\/comments?post=864"}],"version-history":[{"count":10,"href":"https:\/\/vailly74.fr\/index.php\/wp-json\/wp\/v2\/pages\/864\/revisions"}],"predecessor-version":[{"id":868,"href":"https:\/\/vailly74.fr\/index.php\/wp-json\/wp\/v2\/pages\/864\/revisions\/868"}],"up":[{"embeddable":true,"href":"https:\/\/vailly74.fr\/index.php\/wp-json\/wp\/v2\/pages\/732"}],"wp:attachment":[{"href":"https:\/\/vailly74.fr\/index.php\/wp-json\/wp\/v2\/media?parent=864"}],"curies":[{"name":"wp","href":"https:\/\/api.w.org\/{rel}","templated":true}]}}