{"id":759,"date":"2019-02-08T12:11:34","date_gmt":"2019-02-08T11:11:34","guid":{"rendered":"http:\/\/vailly74.fr\/?page_id=759"},"modified":"2025-02-28T18:47:47","modified_gmt":"2025-02-28T17:47:47","slug":"union-instrumentale","status":"publish","type":"page","link":"https:\/\/vailly74.fr\/index.php\/associations\/union-instrumentale\/","title":{"rendered":"Union Instrumentale de Vailly"},"content":{"rendered":"<p style=\"text-align: center;\"><img loading=\"lazy\" decoding=\"async\" class=\"alignnone size-full wp-image-4812\" src=\"http:\/\/vailly74.fr\/wp-content\/uploads\/2023\/10\/P-16-Union-instrumentale.jpg\" alt=\"\" width=\"2048\" height=\"954\" srcset=\"https:\/\/vailly74.fr\/wp-content\/uploads\/2023\/10\/P-16-Union-instrumentale.jpg 2048w, https:\/\/vailly74.fr\/wp-content\/uploads\/2023\/10\/P-16-Union-instrumentale-300x140.jpg 300w, https:\/\/vailly74.fr\/wp-content\/uploads\/2023\/10\/P-16-Union-instrumentale-1024x477.jpg 1024w, https:\/\/vailly74.fr\/wp-content\/uploads\/2023\/10\/P-16-Union-instrumentale-768x358.jpg 768w, https:\/\/vailly74.fr\/wp-content\/uploads\/2023\/10\/P-16-Union-instrumentale-1536x716.jpg 1536w, https:\/\/vailly74.fr\/wp-content\/uploads\/2023\/10\/P-16-Union-instrumentale-750x350.jpg 750w, https:\/\/vailly74.fr\/wp-content\/uploads\/2023\/10\/P-16-Union-instrumentale-642x300.jpg 642w\" sizes=\"auto, (max-width: 2048px) 100vw, 2048px\" \/><\/p>\n<p>L\u2019Union Instrumentale de Vailly a \u00e9t\u00e9 fond\u00e9e en 1884 par l\u2019Instituteur Fran\u00e7ois Christin et l\u2019Abb\u00e9 Jean-Marie Guillot et toute une \u00e9quipe de jeunes passionn\u00e9s de musique. Tout juste un an plus tard, elle obtient un prix et se classe en troisi\u00e8me section de troisi\u00e8me division au concours international de musique de Thonon.<\/p>\n<p><strong>En 1903<\/strong>, la soci\u00e9t\u00e9 entreprend la construction d\u2019une maison de musique.<\/p>\n<p><strong>En 1934<\/strong>, elle adh\u00e8re au projet de \u00ab F\u00e9d\u00e9ration des musique du Chablais \u00bb et participe pour la 1er fois \u00e0 son festival en 1939.<\/p>\n<p><strong>En 1979<\/strong>, sous l\u2019impulsion de Jean Chatelain, le parc instrumental est renouvel\u00e9 et l\u2019actuelle maison de musique est construite.<\/p>\n<p><strong>En 1983<\/strong>, une \u00e9cole de musique est cr\u00e9\u00e9e par Raymond Morel-Vulliez, directeur, et Paul Bidal, pr\u00e9sident. La p\u00e9rennit\u00e9 de la soci\u00e9t\u00e9 est alors assur\u00e9e.<\/p>\n<p><strong>En 1999<\/strong>, l\u2019Union Instrumentale, sous l\u2019impulsion de sa directrice Fabienne Lazareth participe de nouveau \u00e0 un concours national de musique. Elle se classe alors en deuxi\u00e8me division, premi\u00e8re section.<\/p>\n<p><strong>En 2005<\/strong>, sous la direction de Damien Depraz, la soci\u00e9t\u00e9 obtient un prix ascendant en premi\u00e8re division \u00e0 St Pierre des Corps (Touraine).<\/p>\n<p><strong>En juin 2013<\/strong>, la soci\u00e9t\u00e9 s\u2019est pr\u00e9sent\u00e9e de nouveau \u00e0 un concours national \u00e0 Audincourt (Doubs) o\u00f9 elle a obtenue en premi\u00e8re division un premier prix mention bien.<\/p>\n<p><strong>Actuellement<\/strong>, l\u2019Union Instrumentale est dirig\u00e9e par Mathieu Cursat et actuellement pr\u00e9sid\u00e9e par Maril\u00e8ne Girod et Cyril Tourne. Elle compte une quarantaine de musiciens. Outre les concerts \u00ab traditionnels \u00bb, elle organise r\u00e9guli\u00e8rement des spectacles originaux \u00e0 th\u00e8me.<br \/>\nL\u2019\u00e9cole de musique a \u00e9t\u00e9 d\u00e9tach\u00e9e de l\u2019union instrumentale en 2013 pour rejoindre le r\u00e9seau des \u00e9coles de musique de la CCHC .<\/p>\n<hr \/>\n<h6 style=\"text-align: center;\"><span style=\"color: #e81764;\">Suivez les actualit\u00e9s sur la page facebook en cliquant <a href=\"https:\/\/www.facebook.com\/Union-Instrumentale-de-Vailly-732488750102328\/\">ici<\/a><\/span><big> <\/big><\/h6>\n","protected":false},"excerpt":{"rendered":"<p>L\u2019Union Instrumentale de Vailly a \u00e9t\u00e9 fond\u00e9e en 1884 par l\u2019Instituteur Fran\u00e7ois Christin et l\u2019Abb\u00e9 Jean-Marie Guillot et toute une \u00e9quipe de jeunes passionn\u00e9s de musique. Tout juste un an plus tard, elle obtient un prix et se classe en<\/p>\n","protected":false},"author":1,"featured_media":0,"parent":409,"menu_order":1,"comment_status":"closed","ping_status":"closed","template":"","meta":{"_mi_skip_tracking":false,"footnotes":""},"class_list":["post-759","page","type-page","status-publish","hentry"],"_links":{"self":[{"href":"https:\/\/vailly74.fr\/index.php\/wp-json\/wp\/v2\/pages\/759","targetHints":{"allow":["GET"]}}],"collection":[{"href":"https:\/\/vailly74.fr\/index.php\/wp-json\/wp\/v2\/pages"}],"about":[{"href":"https:\/\/vailly74.fr\/index.php\/wp-json\/wp\/v2\/types\/page"}],"author":[{"embeddable":true,"href":"https:\/\/vailly74.fr\/index.php\/wp-json\/wp\/v2\/users\/1"}],"replies":[{"embeddable":true,"href":"https:\/\/vailly74.fr\/index.php\/wp-json\/wp\/v2\/comments?post=759"}],"version-history":[{"count":13,"href":"https:\/\/vailly74.fr\/index.php\/wp-json\/wp\/v2\/pages\/759\/revisions"}],"predecessor-version":[{"id":5415,"href":"https:\/\/vailly74.fr\/index.php\/wp-json\/wp\/v2\/pages\/759\/revisions\/5415"}],"up":[{"embeddable":true,"href":"https:\/\/vailly74.fr\/index.php\/wp-json\/wp\/v2\/pages\/409"}],"wp:attachment":[{"href":"https:\/\/vailly74.fr\/index.php\/wp-json\/wp\/v2\/media?parent=759"}],"curies":[{"name":"wp","href":"https:\/\/api.w.org\/{rel}","templated":true}]}}