{"id":710,"date":"2019-02-08T11:27:01","date_gmt":"2019-02-08T10:27:01","guid":{"rendered":"http:\/\/vailly74.fr\/?page_id=710"},"modified":"2025-12-19T15:07:53","modified_gmt":"2025-12-19T14:07:53","slug":"transport-scolaire","status":"publish","type":"page","link":"https:\/\/vailly74.fr\/index.php\/enfance-et-jeunesse\/transport-scolaire\/","title":{"rendered":"Transport scolaire"},"content":{"rendered":"<p>La R\u00e9gion Auvergne Rh\u00f4ne-Alpes a d\u00e9l\u00e9gu\u00e9 \u00e0 la Communaut\u00e9 de Communes du Haut-Chablais la responsabilit\u00e9 de l\u2019organisation et de la discipline des transports scolaires sur son territoire.<\/p>\n<p>Le service transport de la CCHC est votre interlocuteur UNIQUE pour traiter de tous les probl\u00e8mes de transport des \u00e9l\u00e8ves du 1er et 2\u00e8me cycle, n\u2019h\u00e9sitez pas \u00e0 le contacter :<\/p>\n<p><strong>Bureau ouvert en p\u00e9riode scolaire\u00a0:<\/strong><br class=\"autobr\" \/>Les lundi, mardi, jeudi et vendredi : de 8h30 \u00e0 12h00 et de 13h30 \u00e0 17h30.<br class=\"autobr\" \/>Mairie &#8211; 1er \u00e9tage &#8211; 74 430 Le Biot<br class=\"autobr\" \/>T\u00e9l.\u00a0: 04 50 72 07 08<br class=\"autobr\" \/>Mail : mobilite@hautchablais.fr<\/p>\n<p>Pour plus d&rsquo;informations, vous pouvez consulter le site de la CCHC,<a href=\"https:\/\/www.hautchablais.fr\/page\/le-transport-scolaire-401\"> https:\/\/www.hautchablais.fr\/page\/le-transport-scolaire-401<\/a><\/p>\n<p><span style=\"color: #e81764;\"><strong>Pour retrouver les horaires de la navette communale de Vailly :<\/strong> <a href=\"http:\/\/vailly74.fr\/wp-content\/uploads\/2025\/09\/Horaire-navette-communale-de-Vailly-2025-2026.pdf\"><strong><em>cliquez ici.<\/em><\/strong><\/a><\/span><\/p>\n","protected":false},"excerpt":{"rendered":"<p>La R\u00e9gion Auvergne Rh\u00f4ne-Alpes a d\u00e9l\u00e9gu\u00e9 \u00e0 la Communaut\u00e9 de Communes du Haut-Chablais la responsabilit\u00e9 de l\u2019organisation et de la discipline des transports scolaires sur son territoire. Le service transport de la CCHC est votre interlocuteur UNIQUE pour traiter de<\/p>\n","protected":false},"author":1,"featured_media":0,"parent":179,"menu_order":3,"comment_status":"closed","ping_status":"closed","template":"","meta":{"_mi_skip_tracking":false,"footnotes":""},"class_list":["post-710","page","type-page","status-publish","hentry"],"_links":{"self":[{"href":"https:\/\/vailly74.fr\/index.php\/wp-json\/wp\/v2\/pages\/710","targetHints":{"allow":["GET"]}}],"collection":[{"href":"https:\/\/vailly74.fr\/index.php\/wp-json\/wp\/v2\/pages"}],"about":[{"href":"https:\/\/vailly74.fr\/index.php\/wp-json\/wp\/v2\/types\/page"}],"author":[{"embeddable":true,"href":"https:\/\/vailly74.fr\/index.php\/wp-json\/wp\/v2\/users\/1"}],"replies":[{"embeddable":true,"href":"https:\/\/vailly74.fr\/index.php\/wp-json\/wp\/v2\/comments?post=710"}],"version-history":[{"count":22,"href":"https:\/\/vailly74.fr\/index.php\/wp-json\/wp\/v2\/pages\/710\/revisions"}],"predecessor-version":[{"id":5886,"href":"https:\/\/vailly74.fr\/index.php\/wp-json\/wp\/v2\/pages\/710\/revisions\/5886"}],"up":[{"embeddable":true,"href":"https:\/\/vailly74.fr\/index.php\/wp-json\/wp\/v2\/pages\/179"}],"wp:attachment":[{"href":"https:\/\/vailly74.fr\/index.php\/wp-json\/wp\/v2\/media?parent=710"}],"curies":[{"name":"wp","href":"https:\/\/api.w.org\/{rel}","templated":true}]}}