{"id":709,"date":"2019-02-08T11:27:01","date_gmt":"2019-02-08T10:27:01","guid":{"rendered":"http:\/\/vailly74.fr\/?page_id=709"},"modified":"2026-03-26T11:59:27","modified_gmt":"2026-03-26T10:59:27","slug":"periscolaire","status":"publish","type":"page","link":"https:\/\/vailly74.fr\/index.php\/enfance-et-jeunesse\/periscolaire\/","title":{"rendered":"P\u00e9riscolaire"},"content":{"rendered":"<p><img loading=\"lazy\" decoding=\"async\" class=\"size-medium wp-image-2126 aligncenter\" src=\"http:\/\/vailly74.fr\/wp-content\/uploads\/2019\/10\/accueil-perisco-1-300x134.jpg\" alt=\"\" width=\"300\" height=\"134\" srcset=\"https:\/\/vailly74.fr\/wp-content\/uploads\/2019\/10\/accueil-perisco-1-300x134.jpg 300w, https:\/\/vailly74.fr\/wp-content\/uploads\/2019\/10\/accueil-perisco-1-768x343.jpg 768w, https:\/\/vailly74.fr\/wp-content\/uploads\/2019\/10\/accueil-perisco-1-1024x457.jpg 1024w\" sizes=\"auto, (max-width: 300px) 100vw, 300px\" \/><\/p>\n<p style=\"text-align: center;\">R\u00e8glement int\u00e9rieur de la garderie p\u00e9riscolaire \u00e0 t\u00e9l\u00e9charger : <a href=\"http:\/\/vailly74.fr\/wp-content\/uploads\/2026\/03\/Reglement-garderie.pdf\" target=\"_blank\" rel=\"noopener noreferrer\"><em><span style=\"color: #0000ff;\">cliquez ici<\/span><\/em><\/a><\/p>\n<p style=\"text-align: center;\">Pour l&rsquo;inscription \u00e0 la garderie : eTicket, votre portail famille, <a href=\"https:\/\/portail.eticket-app.qiis.fr\/famille\/app.html#\/\" target=\"_blank\" rel=\"noopener noreferrer\"><span style=\"color: #0000ff;\"><em>cliquez ici.<\/em><\/span><\/a><\/p>\n<p>&nbsp;<\/p>\n<p>&nbsp;<\/p>\n","protected":false},"excerpt":{"rendered":"<p>R\u00e8glement int\u00e9rieur de la garderie p\u00e9riscolaire \u00e0 t\u00e9l\u00e9charger : cliquez ici Pour l&rsquo;inscription \u00e0 la garderie : eTicket, votre portail famille, cliquez ici. &nbsp; &nbsp;<\/p>\n","protected":false},"author":1,"featured_media":0,"parent":179,"menu_order":4,"comment_status":"closed","ping_status":"closed","template":"","meta":{"_mi_skip_tracking":false,"footnotes":""},"class_list":["post-709","page","type-page","status-publish","hentry"],"_links":{"self":[{"href":"https:\/\/vailly74.fr\/index.php\/wp-json\/wp\/v2\/pages\/709","targetHints":{"allow":["GET"]}}],"collection":[{"href":"https:\/\/vailly74.fr\/index.php\/wp-json\/wp\/v2\/pages"}],"about":[{"href":"https:\/\/vailly74.fr\/index.php\/wp-json\/wp\/v2\/types\/page"}],"author":[{"embeddable":true,"href":"https:\/\/vailly74.fr\/index.php\/wp-json\/wp\/v2\/users\/1"}],"replies":[{"embeddable":true,"href":"https:\/\/vailly74.fr\/index.php\/wp-json\/wp\/v2\/comments?post=709"}],"version-history":[{"count":9,"href":"https:\/\/vailly74.fr\/index.php\/wp-json\/wp\/v2\/pages\/709\/revisions"}],"predecessor-version":[{"id":6042,"href":"https:\/\/vailly74.fr\/index.php\/wp-json\/wp\/v2\/pages\/709\/revisions\/6042"}],"up":[{"embeddable":true,"href":"https:\/\/vailly74.fr\/index.php\/wp-json\/wp\/v2\/pages\/179"}],"wp:attachment":[{"href":"https:\/\/vailly74.fr\/index.php\/wp-json\/wp\/v2\/media?parent=709"}],"curies":[{"name":"wp","href":"https:\/\/api.w.org\/{rel}","templated":true}]}}