{"id":688,"date":"2019-02-08T11:05:27","date_gmt":"2019-02-08T10:05:27","guid":{"rendered":"http:\/\/vailly74.fr\/?page_id=688"},"modified":"2025-07-28T15:37:06","modified_gmt":"2025-07-28T13:37:06","slug":"ecole-maternelle","status":"publish","type":"page","link":"https:\/\/vailly74.fr\/index.php\/enfance-et-jeunesse\/ecole-maternelle\/","title":{"rendered":"Ecole maternelle"},"content":{"rendered":"<p><img loading=\"lazy\" decoding=\"async\" class=\"alignnone size-medium wp-image-2117\" src=\"http:\/\/vailly74.fr\/wp-content\/uploads\/2019\/10\/EcoleMaternelle-300x223.jpg\" alt=\"\" width=\"300\" height=\"223\" srcset=\"https:\/\/vailly74.fr\/wp-content\/uploads\/2019\/10\/EcoleMaternelle-300x223.jpg 300w, https:\/\/vailly74.fr\/wp-content\/uploads\/2019\/10\/EcoleMaternelle-768x570.jpg 768w, https:\/\/vailly74.fr\/wp-content\/uploads\/2019\/10\/EcoleMaternelle-1024x760.jpg 1024w, https:\/\/vailly74.fr\/wp-content\/uploads\/2019\/10\/EcoleMaternelle.jpg 1600w\" sizes=\"auto, (max-width: 300px) 100vw, 300px\" \/><\/p>\n<p>L\u2019\u00e9cole maternelle intercommunale du Val d\u2019Hermone, situ\u00e9e \u00e0 Pimberty, regroupe les communes de Lullin, Reyvroz et Vailly. Elle accueille environs 80 \u00e9l\u00e8ves de petite, moyenne et grande sections.<\/p>\n<p>Cette \u00e9cole est g\u00e9r\u00e9e par le Syndicat Intercommunale \u00e0 Vocation Unique (SIVU) du Val d\u2019Hermone.\u2028 Chaque commune a d\u00e9sign\u00e9 trois membres (deux titulaires et un suppl\u00e9ant) afin de si\u00e9ger au conseil syndical.<br \/>\nPour Vailly, les deux titulaires sont Nathalie Delale-Fukao et Micha\u00ebl Stehlin (Pr\u00e9sident du SIVU), la suppl\u00e9ante est Marie-No\u00eblle Favre.<\/p>\n<p>Le conseil syndical se r\u00e9unit r\u00e9guli\u00e8rement afin d\u2019assurer \u2028le bon fonctionnement de cette structure, g\u00e9rer son budget et d\u00e9lib\u00e9rer sur toutes les d\u00e9cisions qui la concerne.<\/p>\n<p>Enseignantes : H\u00e9l\u00e8ne Leblond (Directrice), Agn\u00e8s\u2028 Ghisolfi-Maza, Alicia Potz.<br \/>\nATSEM et employ\u00e9es du SIVU : Monique Coral, Aur\u00e9lie Cursat, Pascaline Gu\u00e9rin et Sophie Trabichet.<\/p>\n<p>Comptes rendus des r\u00e9unions du Conseil Syndical : <span style=\"color: #0000ff;\"><em><a style=\"color: #0000ff;\" href=\"http:\/\/vailly74.fr\/index.php\/enfance-et-jeunesse\/ecole-maternelle\/comptes-rendus-des-reunions-du-conseil-syndical\/\" target=\"_blank\" rel=\"noopener noreferrer\"><strong>cliquez ici<\/strong><\/a><\/em><\/span><\/p>\n<p>Informations sur la rentr\u00e9e scolaire 2025\/2026 <strong>: <a href=\"http:\/\/vailly74.fr\/wp-content\/uploads\/2025\/07\/Information-rentree-2025.pdf\"><em><span style=\"color: #0000ff;\">cliquez ici<\/span><\/em><\/a><\/strong><\/p>\n<h5><\/h5>\n<h5 style=\"text-align: center;\"><strong><span style=\"color: #e81764;\">&#8211; Contact &#8211;<\/span><span style=\"color: #386eab;\"><br \/>\n<\/span><\/strong><\/h5>\n<p style=\"text-align: center;\"><strong><span style=\"color: #386eab;\"><em>Ecole maternelle publique du Val d\u2019Hermone<\/em><\/span><\/strong><br \/>\n893 route du Val d&rsquo;Hermone &#8211; 74470 Vailly<br \/>\nT\u00e9l : 04 50 81 56 38 \/ Mail : ce.0741464p@ac-grenoble.fr<\/p>\n","protected":false},"excerpt":{"rendered":"<p>L\u2019\u00e9cole maternelle intercommunale du Val d\u2019Hermone, situ\u00e9e \u00e0 Pimberty, regroupe les communes de Lullin, Reyvroz et Vailly. Elle accueille environs 80 \u00e9l\u00e8ves de petite, moyenne et grande sections. Cette \u00e9cole est g\u00e9r\u00e9e par le Syndicat Intercommunale \u00e0 Vocation Unique (SIVU)<\/p>\n","protected":false},"author":1,"featured_media":0,"parent":179,"menu_order":1,"comment_status":"closed","ping_status":"closed","template":"","meta":{"_mi_skip_tracking":false,"footnotes":""},"class_list":["post-688","page","type-page","status-publish","hentry"],"_links":{"self":[{"href":"https:\/\/vailly74.fr\/index.php\/wp-json\/wp\/v2\/pages\/688","targetHints":{"allow":["GET"]}}],"collection":[{"href":"https:\/\/vailly74.fr\/index.php\/wp-json\/wp\/v2\/pages"}],"about":[{"href":"https:\/\/vailly74.fr\/index.php\/wp-json\/wp\/v2\/types\/page"}],"author":[{"embeddable":true,"href":"https:\/\/vailly74.fr\/index.php\/wp-json\/wp\/v2\/users\/1"}],"replies":[{"embeddable":true,"href":"https:\/\/vailly74.fr\/index.php\/wp-json\/wp\/v2\/comments?post=688"}],"version-history":[{"count":37,"href":"https:\/\/vailly74.fr\/index.php\/wp-json\/wp\/v2\/pages\/688\/revisions"}],"predecessor-version":[{"id":5680,"href":"https:\/\/vailly74.fr\/index.php\/wp-json\/wp\/v2\/pages\/688\/revisions\/5680"}],"up":[{"embeddable":true,"href":"https:\/\/vailly74.fr\/index.php\/wp-json\/wp\/v2\/pages\/179"}],"wp:attachment":[{"href":"https:\/\/vailly74.fr\/index.php\/wp-json\/wp\/v2\/media?parent=688"}],"curies":[{"name":"wp","href":"https:\/\/api.w.org\/{rel}","templated":true}]}}