{"id":648,"date":"2019-02-08T10:18:47","date_gmt":"2019-02-08T09:18:47","guid":{"rendered":"http:\/\/vailly74.fr\/?page_id=648"},"modified":"2023-10-24T09:37:45","modified_gmt":"2023-10-24T07:37:45","slug":"urbanisme","status":"publish","type":"page","link":"https:\/\/vailly74.fr\/index.php\/urbanisme\/","title":{"rendered":"Urbanisme"},"content":{"rendered":"<p style=\"text-align: center;\">D\u00e9couvrez gr\u00e2ce aux diff\u00e9rentes cat\u00e9gories, toutes les informations relatives \u00e0 l&rsquo;urbanisme &#8230;<\/p>\n<p>NOUVEAU :<\/p>\n<header id=\"masthead\" class=\"site-header clearfix spacious-header-display-one\">\n<div class=\"header-post-title-container clearfix\">\n<div class=\"inner-wrap\">\n<div class=\"post-title-wrapper\">\n<h1 class=\"header-post-title-class\">D\u00c9MAT\u00c9RIALISATION DES DEMANDES D\u2019AUTORISATION D\u2019URBANISME<\/h1>\n<\/div>\n<\/div>\n<\/div>\n<\/header>\n<div id=\"main\" class=\"clearfix\">\n<div class=\"inner-wrap\">\n<div id=\"primary\">\n<div id=\"content\" class=\"clearfix\">\n<article id=\"post-4192\" class=\"post-4192 post type-post status-publish format-standard has-post-thumbnail hentry category-non-classe\">\n<div class=\"entry-content clearfix\">\n<p>Pour acc\u00e9der \u00e0 ce nouveau dispositif, il sera n\u00e9cessaire de faire sa demande via le lien suivant\u00a0:<br \/>\n<a href=\"https:\/\/pu.rgd.fr\/#\/074287\/connexion\" data-type=\"URL\" data-id=\"https:\/\/sve.sirap.fr\/#\/074287\/connexion\">https:\/\/pu.rgd.fr\/#\/074287\/connexion<\/a><\/p>\n<p>Cette saisie par voie \u00e9lectronique est conseill\u00e9e, mais vous pouvez toujours d\u00e9poser un dossier en version papier.<\/p>\n<p>N\u2019h\u00e9sitez pas \u00e0 nous contacter pour toute information compl\u00e9mentaire.<\/p>\n<p>Les dossiers pouvant \u00eatre d\u00e9pos\u00e9s par voie \u00e9lectronique sont\u00a0: (liste susceptible d\u2019\u00e9volution)<br \/>\n1. D\u00e9claration d\u2019intention d\u2019ali\u00e9ner (DIA) :<br \/>\n2. Autorisation de travaux sur ERP (AT)<br \/>\n3. Travaux sur monument historique<br \/>\n4. D\u00e9claration pr\u00e9alable de nouvelle installation publicit\u00e9 et pr\u00e9enseigne<br \/>\n5. D\u00e9claration pr\u00e9alable de modification de publicit\u00e9 et pr\u00e9enseigne<br \/>\n6. Certificat d\u2019urbanisme d\u2019information (Cua) : <a href=\"https:\/\/www.formulaires.service-public.fr\/gf\/cerfa_13410.do\">https:\/\/www.formulaires.service-public.fr\/gf\/cerfa_13410.do<\/a><br \/>\n7. Certificat d\u2019urbanisme op\u00e9rationnel (Cub) : <a href=\"https:\/\/www.formulaires.service-public.fr\/gf\/cerfa_13410.do\">https:\/\/www.formulaires.service-public.fr\/gf\/cerfa_13410.do<\/a><br \/>\n8. Permis de construire (PC) : <a href=\"https:\/\/www.formulaires.service-public.fr\/gf\/cerfa_13409.do\">https:\/\/www.formulaires.service-public.fr\/gf\/cerfa_13409.do<\/a><br \/>\n9. Permis d\u2019am\u00e9nager (PA) : <a href=\"https:\/\/www.formulaires.service-public.fr\/gf\/cerfa_13409.do\">https:\/\/www.formulaires.service-public.fr\/gf\/cerfa_13409.do<\/a><br \/>\n10. Permis de d\u00e9molir (PD) : <a href=\"https:\/\/www.formulaires.service-public.fr\/gf\/cerfa_13405.do\">https:\/\/www.formulaires.service-public.fr\/gf\/cerfa_13405.do<\/a><br \/>\n11. Permis de construire de maison individuelle (PCMI) : <a href=\"https:\/\/www.formulaires.service-public.fr\/gf\/cerfa_13406.do\">https:\/\/www.formulaires.service-public.fr\/gf\/cerfa_13406.do<\/a><br \/>\n12. D\u00e9claration d\u2019installation d\u2019enseigne<br \/>\n13. D\u00e9claration de modification d\u2019enseigne<br \/>\n14. D\u00e9claration de remplacement d\u2019enseigne<br \/>\n15. D\u00e9claration pr\u00e9alable (DP) : <a href=\"https:\/\/www.formulaires.service-public.fr\/gf\/cerfa_13404.do\">https:\/\/www.formulaires.service-public.fr\/gf\/cerfa_13404.do<\/a><br \/>\n16. D\u00e9claration pr\u00e9alable Maison Individuelle (DPMI) : <a href=\"https:\/\/www.formulaires.service-public.fr\/gf\/cerfa_13703.do\">https:\/\/www.formulaires.service-public.fr\/gf\/cerfa_13703.do<\/a><br \/>\n17. D\u00e9claration pr\u00e9alable Lotissement (DPLOT)<\/p>\n<\/div>\n<footer class=\"entry-meta-bar clearfix\">\n<div class=\"entry-meta clearfix\"><\/div>\n<\/footer>\n<\/article>\n<\/div>\n<\/div>\n<\/div>\n<\/div>\n","protected":false},"excerpt":{"rendered":"<p>D\u00e9couvrez gr\u00e2ce aux diff\u00e9rentes cat\u00e9gories, toutes les informations relatives \u00e0 l&rsquo;urbanisme &#8230; NOUVEAU : D\u00c9MAT\u00c9RIALISATION DES DEMANDES D\u2019AUTORISATION D\u2019URBANISME Pour acc\u00e9der \u00e0 ce nouveau dispositif, il sera n\u00e9cessaire de faire sa demande via le lien suivant\u00a0: https:\/\/pu.rgd.fr\/#\/074287\/connexion Cette saisie par<\/p>\n","protected":false},"author":1,"featured_media":0,"parent":0,"menu_order":0,"comment_status":"closed","ping_status":"closed","template":"","meta":{"_mi_skip_tracking":false,"footnotes":""},"class_list":["post-648","page","type-page","status-publish","hentry"],"_links":{"self":[{"href":"https:\/\/vailly74.fr\/index.php\/wp-json\/wp\/v2\/pages\/648","targetHints":{"allow":["GET"]}}],"collection":[{"href":"https:\/\/vailly74.fr\/index.php\/wp-json\/wp\/v2\/pages"}],"about":[{"href":"https:\/\/vailly74.fr\/index.php\/wp-json\/wp\/v2\/types\/page"}],"author":[{"embeddable":true,"href":"https:\/\/vailly74.fr\/index.php\/wp-json\/wp\/v2\/users\/1"}],"replies":[{"embeddable":true,"href":"https:\/\/vailly74.fr\/index.php\/wp-json\/wp\/v2\/comments?post=648"}],"version-history":[{"count":8,"href":"https:\/\/vailly74.fr\/index.php\/wp-json\/wp\/v2\/pages\/648\/revisions"}],"predecessor-version":[{"id":4796,"href":"https:\/\/vailly74.fr\/index.php\/wp-json\/wp\/v2\/pages\/648\/revisions\/4796"}],"wp:attachment":[{"href":"https:\/\/vailly74.fr\/index.php\/wp-json\/wp\/v2\/media?parent=648"}],"curies":[{"name":"wp","href":"https:\/\/api.w.org\/{rel}","templated":true}]}}