{"id":529,"date":"2018-11-18T16:50:32","date_gmt":"2018-11-18T15:50:32","guid":{"rendered":"http:\/\/vailly74.fr\/?page_id=529"},"modified":"2025-09-12T12:00:59","modified_gmt":"2025-09-12T10:00:59","slug":"maison-des-jeunes-et-de-la-culture","status":"publish","type":"page","link":"https:\/\/vailly74.fr\/index.php\/associations\/maison-des-jeunes-et-de-la-culture\/","title":{"rendered":"MJC du Brevon"},"content":{"rendered":"<p><img loading=\"lazy\" decoding=\"async\" class=\"alignright wp-image-531 \" src=\"http:\/\/vailly74.fr\/wp-content\/uploads\/2018\/11\/MJC-du-Brevon-3-150x150.jpg\" alt=\"\" width=\"255\" height=\"255\" srcset=\"https:\/\/vailly74.fr\/wp-content\/uploads\/2018\/11\/MJC-du-Brevon-3-150x150.jpg 150w, https:\/\/vailly74.fr\/wp-content\/uploads\/2018\/11\/MJC-du-Brevon-3-300x300.jpg 300w, https:\/\/vailly74.fr\/wp-content\/uploads\/2018\/11\/MJC-du-Brevon-3-270x270.jpg 270w, https:\/\/vailly74.fr\/wp-content\/uploads\/2018\/11\/MJC-du-Brevon-3-230x230.jpg 230w, https:\/\/vailly74.fr\/wp-content\/uploads\/2018\/11\/MJC-du-Brevon-3.jpg 434w\" sizes=\"auto, (max-width: 255px) 100vw, 255px\" \/><strong><span style=\"color: #386eab;\">Pr\u00e9sentation<\/span><\/strong><\/p>\n<p>La maison des Jeunes et de la Culture du Brevon a son si\u00e8ge bas\u00e9 \u00e0 Vailly.<br \/>\nElle a pour vocation de favoriser l&rsquo;autonomie et l&rsquo;\u00e9panouissement des personnes, de permettre \u00e0 tous d&rsquo;acc\u00e9der \u00e0 l&rsquo;\u00e9ducation et \u00e0 la culture.<\/p>\n<h3><\/h3>\n<p><span style=\"color: #386eab;\"><strong>Contacts &amp; Liens<\/strong><\/span><\/p>\n<p>mail : mjc.brevon@gmail.com<br \/>\nAdresse : immeuble \u201cLes Framboises\u201d rez-de-chauss\u00e9e, 118 route de Layat, Sous La C\u00f4te &#8211; 74470 VAILLY<br \/>\nweb : <a href=\"http:\/\/www.mjc-du-brevon.net\" target=\"_blank\" rel=\"noopener\">http:\/\/www.mjc-du-brevon.net<\/a><\/p>\n<p><a href=\"http:\/\/vailly74.fr\/wp-content\/uploads\/2025\/09\/Plaquette-MJC-du-Brevon-2025-2026.pdf\">Plaquette activit\u00e9s MJC 2025-2026<\/a><\/p>\n","protected":false},"excerpt":{"rendered":"<p>Pr\u00e9sentation La maison des Jeunes et de la Culture du Brevon a son si\u00e8ge bas\u00e9 \u00e0 Vailly. Elle a pour vocation de favoriser l&rsquo;autonomie et l&rsquo;\u00e9panouissement des personnes, de permettre \u00e0 tous d&rsquo;acc\u00e9der \u00e0 l&rsquo;\u00e9ducation et \u00e0 la culture. Contacts<\/p>\n","protected":false},"author":1,"featured_media":0,"parent":409,"menu_order":16,"comment_status":"closed","ping_status":"closed","template":"","meta":{"_mi_skip_tracking":false,"footnotes":""},"class_list":["post-529","page","type-page","status-publish","hentry"],"_links":{"self":[{"href":"https:\/\/vailly74.fr\/index.php\/wp-json\/wp\/v2\/pages\/529","targetHints":{"allow":["GET"]}}],"collection":[{"href":"https:\/\/vailly74.fr\/index.php\/wp-json\/wp\/v2\/pages"}],"about":[{"href":"https:\/\/vailly74.fr\/index.php\/wp-json\/wp\/v2\/types\/page"}],"author":[{"embeddable":true,"href":"https:\/\/vailly74.fr\/index.php\/wp-json\/wp\/v2\/users\/1"}],"replies":[{"embeddable":true,"href":"https:\/\/vailly74.fr\/index.php\/wp-json\/wp\/v2\/comments?post=529"}],"version-history":[{"count":9,"href":"https:\/\/vailly74.fr\/index.php\/wp-json\/wp\/v2\/pages\/529\/revisions"}],"predecessor-version":[{"id":5729,"href":"https:\/\/vailly74.fr\/index.php\/wp-json\/wp\/v2\/pages\/529\/revisions\/5729"}],"up":[{"embeddable":true,"href":"https:\/\/vailly74.fr\/index.php\/wp-json\/wp\/v2\/pages\/409"}],"wp:attachment":[{"href":"https:\/\/vailly74.fr\/index.php\/wp-json\/wp\/v2\/media?parent=529"}],"curies":[{"name":"wp","href":"https:\/\/api.w.org\/{rel}","templated":true}]}}