{"id":517,"date":"2018-11-18T16:43:09","date_gmt":"2018-11-18T15:43:09","guid":{"rendered":"http:\/\/vailly74.fr\/?page_id=517"},"modified":"2019-07-29T14:47:16","modified_gmt":"2019-07-29T12:47:16","slug":"le-fc-brevon","status":"publish","type":"page","link":"https:\/\/vailly74.fr\/index.php\/associations\/le-fc-brevon\/","title":{"rendered":"FC Brevon"},"content":{"rendered":"<p><img loading=\"lazy\" decoding=\"async\" class=\"size-medium wp-image-519 alignright\" src=\"http:\/\/vailly74.fr\/wp-content\/uploads\/2018\/11\/FC-Brevon-3-300x300.jpg\" alt=\"\" width=\"300\" height=\"300\" srcset=\"https:\/\/vailly74.fr\/wp-content\/uploads\/2018\/11\/FC-Brevon-3-300x300.jpg 300w, https:\/\/vailly74.fr\/wp-content\/uploads\/2018\/11\/FC-Brevon-3-150x150.jpg 150w, https:\/\/vailly74.fr\/wp-content\/uploads\/2018\/11\/FC-Brevon-3-270x270.jpg 270w, https:\/\/vailly74.fr\/wp-content\/uploads\/2018\/11\/FC-Brevon-3-230x230.jpg 230w, https:\/\/vailly74.fr\/wp-content\/uploads\/2018\/11\/FC-Brevon-3.jpg 434w\" sizes=\"auto, (max-width: 300px) 100vw, 300px\" \/><span style=\"color: #386eab;\"><strong>Pr\u00e9sentation<\/strong><\/span><\/p>\n<p>Le foot a commenc\u00e9 officiellement dans la vall\u00e9e en 1970 avec la cr\u00e9ation du CS REYVROZ et en 1972 avec l\u2019US BELLEVAUX.<\/p>\n<p>A l\u2019\u00e9poque Louis Rey, premier pr\u00e9sident de l\u2019US BELLEVAUX militait d\u00e9j\u00e0 pour n\u2019avoir qu\u2019un club dans la vall\u00e9e.<br \/>\nIl aura donc fallu attendre un peu de temps pour que son r\u00eave devienne r\u00e9alit\u00e9.<\/p>\n<p>C\u2019est donc le 7 Aout 1992 sous l\u2019impulsion de Roland et Michel que l\u2019US BELLEVAUX et le CS REYVROZ se r\u00e9unissent pour former un seul club dans la vall\u00e9e : le FC BREVON.<\/p>\n<p>&nbsp;<\/p>\n<p><strong><span style=\"color: #386eab;\">Contacts &amp; Liens<\/span><\/strong><\/p>\n<p>web : <a href=\"http:\/\/www.football-club-brevon.fr\" target=\"_blank\" rel=\"noopener\">http:\/\/www.football-club-brevon.fr<\/a><br \/>\npage facebook :\u00a0<a href=\"https:\/\/fr-fr.facebook.com\/pages\/FC-Brevon\/198536154328\" target=\"_blank\" rel=\"noopener\">https:\/\/fr-fr.facebook.com\/pages\/FC-Brevon\/198536154328<\/a><\/p>\n","protected":false},"excerpt":{"rendered":"<p>Pr\u00e9sentation Le foot a commenc\u00e9 officiellement dans la vall\u00e9e en 1970 avec la cr\u00e9ation du CS REYVROZ et en 1972 avec l\u2019US BELLEVAUX. A l\u2019\u00e9poque Louis Rey, premier pr\u00e9sident de l\u2019US BELLEVAUX militait d\u00e9j\u00e0 pour n\u2019avoir qu\u2019un club dans la<\/p>\n","protected":false},"author":1,"featured_media":0,"parent":409,"menu_order":15,"comment_status":"closed","ping_status":"closed","template":"","meta":{"_mi_skip_tracking":false,"footnotes":""},"class_list":["post-517","page","type-page","status-publish","hentry"],"_links":{"self":[{"href":"https:\/\/vailly74.fr\/index.php\/wp-json\/wp\/v2\/pages\/517","targetHints":{"allow":["GET"]}}],"collection":[{"href":"https:\/\/vailly74.fr\/index.php\/wp-json\/wp\/v2\/pages"}],"about":[{"href":"https:\/\/vailly74.fr\/index.php\/wp-json\/wp\/v2\/types\/page"}],"author":[{"embeddable":true,"href":"https:\/\/vailly74.fr\/index.php\/wp-json\/wp\/v2\/users\/1"}],"replies":[{"embeddable":true,"href":"https:\/\/vailly74.fr\/index.php\/wp-json\/wp\/v2\/comments?post=517"}],"version-history":[{"count":11,"href":"https:\/\/vailly74.fr\/index.php\/wp-json\/wp\/v2\/pages\/517\/revisions"}],"predecessor-version":[{"id":1811,"href":"https:\/\/vailly74.fr\/index.php\/wp-json\/wp\/v2\/pages\/517\/revisions\/1811"}],"up":[{"embeddable":true,"href":"https:\/\/vailly74.fr\/index.php\/wp-json\/wp\/v2\/pages\/409"}],"wp:attachment":[{"href":"https:\/\/vailly74.fr\/index.php\/wp-json\/wp\/v2\/media?parent=517"}],"curies":[{"name":"wp","href":"https:\/\/api.w.org\/{rel}","templated":true}]}}