{"id":506,"date":"2018-11-18T16:37:21","date_gmt":"2018-11-18T15:37:21","guid":{"rendered":"http:\/\/vailly74.fr\/?page_id=506"},"modified":"2025-02-28T18:49:23","modified_gmt":"2025-02-28T17:49:23","slug":"comite-des-fetes","status":"publish","type":"page","link":"https:\/\/vailly74.fr\/index.php\/associations\/comite-des-fetes\/","title":{"rendered":"Comit\u00e9 des f\u00eates"},"content":{"rendered":"<p><img loading=\"lazy\" decoding=\"async\" class=\"size-medium wp-image-511 alignright\" src=\"http:\/\/vailly74.fr\/wp-content\/uploads\/2018\/11\/Logo-Comite-des-Fetes-Vailly-300x196.jpg\" alt=\"\" width=\"300\" height=\"196\" srcset=\"https:\/\/vailly74.fr\/wp-content\/uploads\/2018\/11\/Logo-Comite-des-Fetes-Vailly-300x196.jpg 300w, https:\/\/vailly74.fr\/wp-content\/uploads\/2018\/11\/Logo-Comite-des-Fetes-Vailly.jpg 434w\" sizes=\"auto, (max-width: 300px) 100vw, 300px\" \/>Fond\u00e9 en 1983, le Comit\u00e9 des f\u00eates de Vailly compte aujourd&rsquo;hui une trentaine de membres actifs. Mais lors des grandes manifestations, ce sont plus de 100 b\u00e9n\u00e9voles qui se joignent \u00e0 eux dans un formidable esprit de convivialit\u00e9.<\/p>\n<p>L&rsquo;objectif de cette association est de proposer des animations diverses, vari\u00e9es et qui s&rsquo;adressent \u00e0 un large public.<\/p>\n<p>L&rsquo;ann\u00e9e est donc rythm\u00e9e par\u00a0:<br \/>\n* la soupe \u00e0 l&rsquo;oignon du Nouvel an (1er janvier)<br \/>\n* le char de carnaval (f\u00e9vrier)<br \/>\n* la participation \u00e0 \u00ab\u00a0l&#8217;emmontagn\u00e9e\u00a0\u00bb (juin)<br \/>\n* le concours amical de p\u00e9tanque au profit du T\u00e9l\u00e9thon (dernier dimanche d&rsquo;ao\u00fbt)<br \/>\n* la participation \u00e0 la distribution de papillotes en chiens de tra\u00eeneaux organis\u00e9e par Hermone animation<br \/>\n* le passage du P\u00e8re No\u00ebl dans un hameau de la commune (23 d\u00e9cembre)<\/p>\n<p>Et un temps fort\u00a0: la traditionnelle f\u00eate de la Buchille (troisi\u00e8me week-end de juillet).<\/p>\n<p>&nbsp;<\/p>\n<p><span style=\"color: #e81764;\"><strong>Bureau du Comit\u00e9 des f\u00eates<\/strong><\/span><\/p>\n<p>Pr\u00e9sidents : Gabriel MOREL-GUILLEMAZ et Micha\u00ebl STEHLIN<br \/>\nVice-Pr\u00e9sidents : J\u00e9r\u00e9my CHARLES et Victor TRABICHET<br \/>\nTr\u00e9sori\u00e8res : Coralie VUATTOUX et Nicolas MEYNET<br \/>\nSecr\u00e9taire : L\u00e9ane MERCIER-GALLAY<\/p>\n<p><strong><span style=\"color: #386eab;\"><br \/>\n<span style=\"color: #e81764;\">Contacts et liens<\/span><\/span><\/strong><\/p>\n<p>Page Facebook :\u00a0<a href=\"https:\/\/fr-fr.facebook.com\/comitedesfetes.vailly\" target=\"_blank\" rel=\"noopener\">https:\/\/fr-fr.facebook.com\/comitedesfetes.vailly<\/a><br \/>\nMail : m.stehlin@yahoo.fr<br \/>\nT\u00e9l\u00e9phone : 06 87 24 86 89<\/p>\n","protected":false},"excerpt":{"rendered":"<p>Fond\u00e9 en 1983, le Comit\u00e9 des f\u00eates de Vailly compte aujourd&rsquo;hui une trentaine de membres actifs. Mais lors des grandes manifestations, ce sont plus de 100 b\u00e9n\u00e9voles qui se joignent \u00e0 eux dans un formidable esprit de convivialit\u00e9. L&rsquo;objectif de<\/p>\n","protected":false},"author":1,"featured_media":0,"parent":409,"menu_order":12,"comment_status":"closed","ping_status":"closed","template":"","meta":{"_mi_skip_tracking":false,"footnotes":""},"class_list":["post-506","page","type-page","status-publish","hentry"],"_links":{"self":[{"href":"https:\/\/vailly74.fr\/index.php\/wp-json\/wp\/v2\/pages\/506","targetHints":{"allow":["GET"]}}],"collection":[{"href":"https:\/\/vailly74.fr\/index.php\/wp-json\/wp\/v2\/pages"}],"about":[{"href":"https:\/\/vailly74.fr\/index.php\/wp-json\/wp\/v2\/types\/page"}],"author":[{"embeddable":true,"href":"https:\/\/vailly74.fr\/index.php\/wp-json\/wp\/v2\/users\/1"}],"replies":[{"embeddable":true,"href":"https:\/\/vailly74.fr\/index.php\/wp-json\/wp\/v2\/comments?post=506"}],"version-history":[{"count":10,"href":"https:\/\/vailly74.fr\/index.php\/wp-json\/wp\/v2\/pages\/506\/revisions"}],"predecessor-version":[{"id":5416,"href":"https:\/\/vailly74.fr\/index.php\/wp-json\/wp\/v2\/pages\/506\/revisions\/5416"}],"up":[{"embeddable":true,"href":"https:\/\/vailly74.fr\/index.php\/wp-json\/wp\/v2\/pages\/409"}],"wp:attachment":[{"href":"https:\/\/vailly74.fr\/index.php\/wp-json\/wp\/v2\/media?parent=506"}],"curies":[{"name":"wp","href":"https:\/\/api.w.org\/{rel}","templated":true}]}}