{"id":502,"date":"2018-11-18T16:35:07","date_gmt":"2018-11-18T15:35:07","guid":{"rendered":"http:\/\/vailly74.fr\/?page_id=502"},"modified":"2019-07-29T14:48:01","modified_gmt":"2019-07-29T12:48:01","slug":"le-club-des-mesanges-2","status":"publish","type":"page","link":"https:\/\/vailly74.fr\/index.php\/associations\/le-club-des-mesanges-2\/","title":{"rendered":"Club des m\u00e9sanges"},"content":{"rendered":"<p><span style=\"color: #e81764;\"><strong>Pr\u00e9sentation<\/strong><\/span><\/p>\n<p>Le club se r\u00e9uni une fois par mois, de septembre \u00e0 juin. Les activit\u00e9s\u00a0:<\/p>\n<p>Des go\u00fbters, des anniversaires, certains tapent la belote, d&rsquo;autres bavardent, les apr\u00e8s-midi sont tr\u00e8s anim\u00e9s\u00a0!<\/p>\n<p>Pour varier les activit\u00e9s on organise un loto en interne, des sorties au restaurant et une promenade fin juin, d\u00e9but juillet : en 2013, c&rsquo;\u00e9tait les 3 lacs suisses, en 2014 une sortie dans le Maconnais.<\/p>\n<p>Selon la programmation, il peut nous arriver aussi d&rsquo;aller voir un spectacle \u00e0 l&rsquo; Arena\u00e0 Gen\u00e8ve ou \u00e0 la Grange au Lac.<\/p>\n","protected":false},"excerpt":{"rendered":"<p>Pr\u00e9sentation Le club se r\u00e9uni une fois par mois, de septembre \u00e0 juin. Les activit\u00e9s\u00a0: Des go\u00fbters, des anniversaires, certains tapent la belote, d&rsquo;autres bavardent, les apr\u00e8s-midi sont tr\u00e8s anim\u00e9s\u00a0! Pour varier les activit\u00e9s on organise un loto en interne,<\/p>\n","protected":false},"author":1,"featured_media":0,"parent":409,"menu_order":13,"comment_status":"closed","ping_status":"closed","template":"","meta":{"_mi_skip_tracking":false,"footnotes":""},"class_list":["post-502","page","type-page","status-publish","hentry"],"_links":{"self":[{"href":"https:\/\/vailly74.fr\/index.php\/wp-json\/wp\/v2\/pages\/502","targetHints":{"allow":["GET"]}}],"collection":[{"href":"https:\/\/vailly74.fr\/index.php\/wp-json\/wp\/v2\/pages"}],"about":[{"href":"https:\/\/vailly74.fr\/index.php\/wp-json\/wp\/v2\/types\/page"}],"author":[{"embeddable":true,"href":"https:\/\/vailly74.fr\/index.php\/wp-json\/wp\/v2\/users\/1"}],"replies":[{"embeddable":true,"href":"https:\/\/vailly74.fr\/index.php\/wp-json\/wp\/v2\/comments?post=502"}],"version-history":[{"count":6,"href":"https:\/\/vailly74.fr\/index.php\/wp-json\/wp\/v2\/pages\/502\/revisions"}],"predecessor-version":[{"id":2523,"href":"https:\/\/vailly74.fr\/index.php\/wp-json\/wp\/v2\/pages\/502\/revisions\/2523"}],"up":[{"embeddable":true,"href":"https:\/\/vailly74.fr\/index.php\/wp-json\/wp\/v2\/pages\/409"}],"wp:attachment":[{"href":"https:\/\/vailly74.fr\/index.php\/wp-json\/wp\/v2\/media?parent=502"}],"curies":[{"name":"wp","href":"https:\/\/api.w.org\/{rel}","templated":true}]}}