{"id":497,"date":"2018-11-18T16:32:25","date_gmt":"2018-11-18T15:32:25","guid":{"rendered":"http:\/\/vailly74.fr\/?page_id=497"},"modified":"2019-07-29T14:45:02","modified_gmt":"2019-07-29T12:45:02","slug":"brevon-benin","status":"publish","type":"page","link":"https:\/\/vailly74.fr\/index.php\/associations\/brevon-benin\/","title":{"rendered":"Brevon-B\u00e9nin"},"content":{"rendered":"<p><img loading=\"lazy\" decoding=\"async\" class=\"size-medium wp-image-499 alignright\" src=\"http:\/\/vailly74.fr\/wp-content\/uploads\/2018\/11\/brevonbenin-241x300.jpg\" alt=\"\" width=\"241\" height=\"300\" srcset=\"https:\/\/vailly74.fr\/wp-content\/uploads\/2018\/11\/brevonbenin-241x300.jpg 241w, https:\/\/vailly74.fr\/wp-content\/uploads\/2018\/11\/brevonbenin.jpg 373w\" sizes=\"auto, (max-width: 241px) 100vw, 241px\" \/><span style=\"color: #386eab;\"><strong>Pr\u00e9sentation<\/strong><\/span><\/p>\n<p>Brevon B\u00e9nin est une association humanitaire venant en aide aux villages \u00e9loign\u00e9s en brousse (r\u00e9gion d\u2019Alibori).<br \/>\nNos actions consistent en la recherche d\u2019eau potable, la r\u00e9alisation de puits, le parrainage d\u2019enfants, l&rsquo;aide m\u00e9dicale, le d\u00e9veloppement agricole.<\/p>\n<h3><\/h3>\n<p><span style=\"color: #386eab;\"><strong>Contacts &amp; Liens<\/strong><\/span><\/p>\n<p>Personne \u00e0 contacter : Roland PICCOT<br \/>\nTel : 04.50.73.88.20<br \/>\nMail : roland.piccot@orange.fr<br \/>\nWeb : <a href=\"https:\/\/brevonbenin.wordpress.com\/about\/\" target=\"_blank\" rel=\"noopener\">https:\/\/brevonbenin.wordpress.com\/about\/<\/a><\/p>\n","protected":false},"excerpt":{"rendered":"<p>Pr\u00e9sentation Brevon B\u00e9nin est une association humanitaire venant en aide aux villages \u00e9loign\u00e9s en brousse (r\u00e9gion d\u2019Alibori). Nos actions consistent en la recherche d\u2019eau potable, la r\u00e9alisation de puits, le parrainage d\u2019enfants, l&rsquo;aide m\u00e9dicale, le d\u00e9veloppement agricole. Contacts &amp; Liens<\/p>\n","protected":false},"author":1,"featured_media":0,"parent":409,"menu_order":14,"comment_status":"closed","ping_status":"closed","template":"","meta":{"_mi_skip_tracking":false,"footnotes":""},"class_list":["post-497","page","type-page","status-publish","hentry"],"_links":{"self":[{"href":"https:\/\/vailly74.fr\/index.php\/wp-json\/wp\/v2\/pages\/497","targetHints":{"allow":["GET"]}}],"collection":[{"href":"https:\/\/vailly74.fr\/index.php\/wp-json\/wp\/v2\/pages"}],"about":[{"href":"https:\/\/vailly74.fr\/index.php\/wp-json\/wp\/v2\/types\/page"}],"author":[{"embeddable":true,"href":"https:\/\/vailly74.fr\/index.php\/wp-json\/wp\/v2\/users\/1"}],"replies":[{"embeddable":true,"href":"https:\/\/vailly74.fr\/index.php\/wp-json\/wp\/v2\/comments?post=497"}],"version-history":[{"count":4,"href":"https:\/\/vailly74.fr\/index.php\/wp-json\/wp\/v2\/pages\/497\/revisions"}],"predecessor-version":[{"id":803,"href":"https:\/\/vailly74.fr\/index.php\/wp-json\/wp\/v2\/pages\/497\/revisions\/803"}],"up":[{"embeddable":true,"href":"https:\/\/vailly74.fr\/index.php\/wp-json\/wp\/v2\/pages\/409"}],"wp:attachment":[{"href":"https:\/\/vailly74.fr\/index.php\/wp-json\/wp\/v2\/media?parent=497"}],"curies":[{"name":"wp","href":"https:\/\/api.w.org\/{rel}","templated":true}]}}