{"id":478,"date":"2018-11-16T13:06:40","date_gmt":"2018-11-16T12:06:40","guid":{"rendered":"http:\/\/vailly74.fr\/?page_id=478"},"modified":"2025-02-28T13:04:39","modified_gmt":"2025-02-28T12:04:39","slug":"478-2","status":"publish","type":"page","link":"https:\/\/vailly74.fr\/index.php\/associations\/478-2\/","title":{"rendered":"Bell&rsquo;Gym Club"},"content":{"rendered":"<p><img loading=\"lazy\" decoding=\"async\" class=\"alignnone size-full wp-image-2517\" src=\"http:\/\/vailly74.fr\/wp-content\/uploads\/2020\/02\/Logo.png\" alt=\"\" width=\"320\" height=\"164\" srcset=\"https:\/\/vailly74.fr\/wp-content\/uploads\/2020\/02\/Logo.png 320w, https:\/\/vailly74.fr\/wp-content\/uploads\/2020\/02\/Logo-300x154.png 300w\" sizes=\"auto, (max-width: 320px) 100vw, 320px\" \/><\/p>\n<p>Bell\u2019Gym Club, une association sportive au service de la sant\u00e9 dans la vall\u00e9e du Brevon, depuis 1983 qui ne cesse d\u2019\u00e9voluer.<\/p>\n<p>Bell\u2019gym club est une association sportive de loisirs qui organise des cours de gymnastique pour les adultes, les s\u00e9niors, et les enfants de 5 \u00e0 11 ans (depuis octobre 2024).<\/p>\n<p>Nous proposons des cours de renforcement musculaire, de cross training, de pil\u00e2tes, de body zen, de stretching, de Vita\u2019marche (marche active), de gym adultes, de gym s\u00e9niors et depuis octobre 2024, de steps et a\u00e9ro dance.<\/p>\n<p>Les cours sont assur\u00e9s par trois animatrices form\u00e9es et comp\u00e9tentes, et se d\u00e9roulent \u00e0 Bellevaux (salle des f\u00eates), Lullin (salle plurivalente) et depuis septembre 2024 \u00e0 Vailly (salle des f\u00eates).<\/p>\n<p>Des sorties de d\u00e9tente sont \u00e9galement organis\u00e9es en parall\u00e8le en cours de saison pour favoriser les rencontres sociales entre les membres.<\/p>\n<p>Le comit\u00e9 de l\u2019association se compose de onze personnes dont trois forment le bureau directeur.<\/p>\n<p>Pour plus d\u2019informations\u00a0:<\/p>\n<p>Herv\u00e9 (pr\u00e9sident) 06 60 45 74 61<\/p>\n<p>Diana (tr\u00e9sori\u00e8re) 06 86 92 22 34<\/p>\n<p>Marie-Ange (secr\u00e9taire) 06 33 95 15 36<\/p>\n<p>Site internet :\u00a0<a href=\"http:\/\/bellgymclub.fr\/\">bellgymclub.fr<\/a><\/p>\n<p>Mail :\u00a0<a href=\"mailto:bellgymclub74@gmail.com\">bellgymclub74@gmail.com<\/a><\/p>\n<p>Page facebook :\u00a0<a href=\"https:\/\/www.facebook.com\/pages\/Bellgym-Club\/351026631649955\">https:\/\/www.facebook.com\/pages\/Bellgym-Club\/351026631649955<\/a><\/p>\n<p>&nbsp;<\/p>\n","protected":false},"excerpt":{"rendered":"<p>Bell\u2019Gym Club, une association sportive au service de la sant\u00e9 dans la vall\u00e9e du Brevon, depuis 1983 qui ne cesse d\u2019\u00e9voluer. Bell\u2019gym club est une association sportive de loisirs qui organise des cours de gymnastique pour les adultes, les s\u00e9niors,<\/p>\n","protected":false},"author":1,"featured_media":0,"parent":409,"menu_order":9,"comment_status":"closed","ping_status":"closed","template":"","meta":{"_mi_skip_tracking":false,"footnotes":""},"class_list":["post-478","page","type-page","status-publish","hentry"],"_links":{"self":[{"href":"https:\/\/vailly74.fr\/index.php\/wp-json\/wp\/v2\/pages\/478","targetHints":{"allow":["GET"]}}],"collection":[{"href":"https:\/\/vailly74.fr\/index.php\/wp-json\/wp\/v2\/pages"}],"about":[{"href":"https:\/\/vailly74.fr\/index.php\/wp-json\/wp\/v2\/types\/page"}],"author":[{"embeddable":true,"href":"https:\/\/vailly74.fr\/index.php\/wp-json\/wp\/v2\/users\/1"}],"replies":[{"embeddable":true,"href":"https:\/\/vailly74.fr\/index.php\/wp-json\/wp\/v2\/comments?post=478"}],"version-history":[{"count":17,"href":"https:\/\/vailly74.fr\/index.php\/wp-json\/wp\/v2\/pages\/478\/revisions"}],"predecessor-version":[{"id":5414,"href":"https:\/\/vailly74.fr\/index.php\/wp-json\/wp\/v2\/pages\/478\/revisions\/5414"}],"up":[{"embeddable":true,"href":"https:\/\/vailly74.fr\/index.php\/wp-json\/wp\/v2\/pages\/409"}],"wp:attachment":[{"href":"https:\/\/vailly74.fr\/index.php\/wp-json\/wp\/v2\/media?parent=478"}],"curies":[{"name":"wp","href":"https:\/\/api.w.org\/{rel}","templated":true}]}}