{"id":472,"date":"2018-11-16T12:58:42","date_gmt":"2018-11-16T11:58:42","guid":{"rendered":"http:\/\/vailly74.fr\/?page_id=472"},"modified":"2020-02-04T16:27:44","modified_gmt":"2020-02-04T15:27:44","slug":"association-sportive-et-scolaire","status":"publish","type":"page","link":"https:\/\/vailly74.fr\/index.php\/associations\/association-sportive-et-scolaire\/","title":{"rendered":"Association sportive et scolaire"},"content":{"rendered":"<p><img loading=\"lazy\" decoding=\"async\" class=\" wp-image-474 alignright\" src=\"http:\/\/vailly74.fr\/wp-content\/uploads\/2018\/11\/Logo-ASS-300x300.jpg\" alt=\"\" width=\"281\" height=\"281\" srcset=\"https:\/\/vailly74.fr\/wp-content\/uploads\/2018\/11\/Logo-ASS-300x300.jpg 300w, https:\/\/vailly74.fr\/wp-content\/uploads\/2018\/11\/Logo-ASS-150x150.jpg 150w, https:\/\/vailly74.fr\/wp-content\/uploads\/2018\/11\/Logo-ASS-270x270.jpg 270w, https:\/\/vailly74.fr\/wp-content\/uploads\/2018\/11\/Logo-ASS-230x230.jpg 230w, https:\/\/vailly74.fr\/wp-content\/uploads\/2018\/11\/Logo-ASS.jpg 370w\" sizes=\"auto, (max-width: 281px) 100vw, 281px\" \/><span style=\"color: #e81764;\"><strong>Membres du Bureau<\/strong><\/span><\/p>\n<p>\u2013 Pr\u00e9sident : Kyo FUKAO<br \/>\n\u2013 Vice Pr\u00e9sident : Cyrille BEAUVOIS<br \/>\n\u2013 Tr\u00e9sori\u00e8re : Sophie CHATELAIN<br \/>\n\u2013 Vice Tr\u00e9sorier : Magali CHEVALLET<br \/>\n\u2013 Secr\u00e9taire: St\u00e9phanie LAVAL<br \/>\n\u2013 Vice secr\u00e9taire : La\u00ebtitia MOREL-CHEVILLET<\/p>\n<p><strong><span style=\"color: #e81764;\">Manifestations organis\u00e9es :<\/span><\/strong><\/p>\n<p>&#8211; Vente de fleurs<br \/>\n&#8211; Vente de g\u00e2teaux \u00e0 la sortie de la messe<br \/>\n&#8211; Vente de chocolats<br \/>\n&#8211; Loto<br \/>\n&#8211; Repas dansant<br \/>\n&#8211; Course de caisse \u00e0 savon<br \/>\n&#8211; Etc.<\/p>\n<p><strong><span style=\"color: #e81764;\">Contacts &amp; Liens<br \/>\n<\/span><\/strong><\/p>\n<p>Page Facebook :\u00a0<a href=\"https:\/\/fr-fr.facebook.com\/pages\/Association-des-parents-d\u00e9l\u00e8ves-de-Vailly\/493502027433879\" target=\"_blank\" rel=\"noopener\">https:\/\/fr-fr.facebook.com\/pages\/Association-des-parents-d\u00e9l\u00e8ves-de-Vailly<\/a><\/p>\n<p>Programme 2019\/2020 : <a href=\"http:\/\/vailly74.fr\/wp-content\/uploads\/2020\/02\/APE-Vailly-Manifestation-2019-2020.jpg\" target=\"_blank\" rel=\"noopener\"><em>cliquez ici<\/em><\/a><\/p>\n","protected":false},"excerpt":{"rendered":"<p>Membres du Bureau \u2013 Pr\u00e9sident : Kyo FUKAO \u2013 Vice Pr\u00e9sident : Cyrille BEAUVOIS \u2013 Tr\u00e9sori\u00e8re : Sophie CHATELAIN \u2013 Vice Tr\u00e9sorier : Magali CHEVALLET \u2013 Secr\u00e9taire: St\u00e9phanie LAVAL \u2013 Vice secr\u00e9taire : La\u00ebtitia MOREL-CHEVILLET Manifestations organis\u00e9es : &#8211; Vente<\/p>\n","protected":false},"author":1,"featured_media":0,"parent":409,"menu_order":10,"comment_status":"closed","ping_status":"closed","template":"","meta":{"_mi_skip_tracking":false,"footnotes":""},"class_list":["post-472","page","type-page","status-publish","hentry"],"_links":{"self":[{"href":"https:\/\/vailly74.fr\/index.php\/wp-json\/wp\/v2\/pages\/472","targetHints":{"allow":["GET"]}}],"collection":[{"href":"https:\/\/vailly74.fr\/index.php\/wp-json\/wp\/v2\/pages"}],"about":[{"href":"https:\/\/vailly74.fr\/index.php\/wp-json\/wp\/v2\/types\/page"}],"author":[{"embeddable":true,"href":"https:\/\/vailly74.fr\/index.php\/wp-json\/wp\/v2\/users\/1"}],"replies":[{"embeddable":true,"href":"https:\/\/vailly74.fr\/index.php\/wp-json\/wp\/v2\/comments?post=472"}],"version-history":[{"count":6,"href":"https:\/\/vailly74.fr\/index.php\/wp-json\/wp\/v2\/pages\/472\/revisions"}],"predecessor-version":[{"id":2516,"href":"https:\/\/vailly74.fr\/index.php\/wp-json\/wp\/v2\/pages\/472\/revisions\/2516"}],"up":[{"embeddable":true,"href":"https:\/\/vailly74.fr\/index.php\/wp-json\/wp\/v2\/pages\/409"}],"wp:attachment":[{"href":"https:\/\/vailly74.fr\/index.php\/wp-json\/wp\/v2\/media?parent=472"}],"curies":[{"name":"wp","href":"https:\/\/api.w.org\/{rel}","templated":true}]}}