{"id":444,"date":"2018-11-15T20:30:28","date_gmt":"2018-11-15T19:30:28","guid":{"rendered":"http:\/\/vailly74.fr\/?page_id=444"},"modified":"2025-03-04T07:27:05","modified_gmt":"2025-03-04T06:27:05","slug":"444-2","status":"publish","type":"page","link":"https:\/\/vailly74.fr\/index.php\/associations\/444-2\/","title":{"rendered":"ADMR"},"content":{"rendered":"<p><img loading=\"lazy\" decoding=\"async\" class=\"size-medium wp-image-448 alignright\" src=\"http:\/\/vailly74.fr\/wp-content\/uploads\/2018\/11\/ADMR-3-300x199.jpg\" alt=\"\" width=\"300\" height=\"199\" srcset=\"https:\/\/vailly74.fr\/wp-content\/uploads\/2018\/11\/ADMR-3-300x199.jpg 300w, https:\/\/vailly74.fr\/wp-content\/uploads\/2018\/11\/ADMR-3.jpg 434w\" sizes=\"auto, (max-width: 300px) 100vw, 300px\" \/><strong>L&rsquo;ADMR de la Vall\u00e9e du Brevon<\/strong> c&rsquo;est 7 responsables b\u00e9n\u00e9voles, 12 salari\u00e9es en CDI et<br \/>\nenviron 60 personnes aid\u00e9es quotidiennement sur les communes de Bellevaux, Lullin, Vailly<br \/>\net Reyvroz.<\/p>\n<p>Notre mission : aider chacun \u00e0 vivre mieux chez soi.<\/p>\n<ul>\n<li>Ag\u00e9, handicap\u00e9 ou malade vous avez besoin d&rsquo;une aide ext\u00e9rieure ?<\/li>\n<li>S&rsquo;occuper des enfants et de la maison en plus de votre travail. Une naissance qui<br \/>\ns&rsquo;annonce ?<\/li>\n<li>Vous souhaitez tout simplement profiter de votre temps libre ?<\/li>\n<\/ul>\n<p><strong>N&rsquo;attendez pas ! Dites-nous quels sont vos besoins et nous trouverons ensemble la solution la plus adapt\u00e9e \u00e0 votre situation.<\/strong><\/p>\n<p>Les aides \u00e0 domicile apportent chaque jour leur exp\u00e9rience aux personnes qui ont besoin d&rsquo;aide \u00e0 court ou long terme pour diff\u00e9rentes t\u00e2ches: entretien du lieu de vie, du linge, courses, aide aux repas, sorties ext\u00e9rieures (promenades, rendez-vous), mais \u00e9galement pour un accompagnement plus personnel comme la stimulation \u00e0 la participation autour d&rsquo;activit\u00e9s ludiques n\u00e9cessaire pour la m\u00e9moire ou la dext\u00e9rit\u00e9.<\/p>\n<p>Nos b\u00e9n\u00e9voles s&rsquo;occupent des d\u00e9marches administratives et vous conseillent sur les financements.<\/p>\n<hr \/>\n<p style=\"text-align: center;\"><strong><span style=\"color: #e81764;\">\u00a0&#8211; Contacts &#8211;<\/span><\/strong><\/p>\n<p style=\"text-align: center;\">Immeuble \u201cLes Framboises\u201d rez-de-chauss\u00e9e<br \/>\n44 all\u00e9e de la Fruiti\u00e8re<br \/>\n74470 VAILLY<br \/>\n(anciennement local mercerie Au Brevon )<br \/>\nT\u00e9l\u00e9phone : 04.50.73.97.17 (r\u00e9pondeur en cas d&rsquo;absence)<br \/>\nMail : accueil.valleedubrevon@fede74.admr.org<\/p>\n","protected":false},"excerpt":{"rendered":"<p>L&rsquo;ADMR de la Vall\u00e9e du Brevon c&rsquo;est 7 responsables b\u00e9n\u00e9voles, 12 salari\u00e9es en CDI et environ 60 personnes aid\u00e9es quotidiennement sur les communes de Bellevaux, Lullin, Vailly et Reyvroz. Notre mission : aider chacun \u00e0 vivre mieux chez soi. Ag\u00e9,<\/p>\n","protected":false},"author":1,"featured_media":0,"parent":409,"menu_order":5,"comment_status":"closed","ping_status":"closed","template":"","meta":{"_mi_skip_tracking":false,"footnotes":""},"class_list":["post-444","page","type-page","status-publish","hentry"],"_links":{"self":[{"href":"https:\/\/vailly74.fr\/index.php\/wp-json\/wp\/v2\/pages\/444","targetHints":{"allow":["GET"]}}],"collection":[{"href":"https:\/\/vailly74.fr\/index.php\/wp-json\/wp\/v2\/pages"}],"about":[{"href":"https:\/\/vailly74.fr\/index.php\/wp-json\/wp\/v2\/types\/page"}],"author":[{"embeddable":true,"href":"https:\/\/vailly74.fr\/index.php\/wp-json\/wp\/v2\/users\/1"}],"replies":[{"embeddable":true,"href":"https:\/\/vailly74.fr\/index.php\/wp-json\/wp\/v2\/comments?post=444"}],"version-history":[{"count":12,"href":"https:\/\/vailly74.fr\/index.php\/wp-json\/wp\/v2\/pages\/444\/revisions"}],"predecessor-version":[{"id":5417,"href":"https:\/\/vailly74.fr\/index.php\/wp-json\/wp\/v2\/pages\/444\/revisions\/5417"}],"up":[{"embeddable":true,"href":"https:\/\/vailly74.fr\/index.php\/wp-json\/wp\/v2\/pages\/409"}],"wp:attachment":[{"href":"https:\/\/vailly74.fr\/index.php\/wp-json\/wp\/v2\/media?parent=444"}],"curies":[{"name":"wp","href":"https:\/\/api.w.org\/{rel}","templated":true}]}}