{"id":440,"date":"2018-11-15T20:25:44","date_gmt":"2018-11-15T19:25:44","guid":{"rendered":"http:\/\/vailly74.fr\/?page_id=440"},"modified":"2019-07-29T15:26:22","modified_gmt":"2019-07-29T13:26:22","slug":"acca","status":"publish","type":"page","link":"https:\/\/vailly74.fr\/index.php\/associations\/acca\/","title":{"rendered":"ACCA"},"content":{"rendered":"<p><img loading=\"lazy\" decoding=\"async\" class=\"size-full wp-image-442 alignright\" src=\"http:\/\/vailly74.fr\/wp-content\/uploads\/2018\/11\/ACCA.jpg\" alt=\"\" width=\"244\" height=\"139\" \/><span style=\"color: #e81764;\"><strong>Pr\u00e9sentation<\/strong><\/span><\/p>\n<p>L&rsquo;ACCA saint Hubert de Vailly a \u00e9t\u00e9 cr\u00e9\u00e9e en 1964 (ACCA = Association Communale de Chasse Agr\u00e9\u00e9e).<br \/>\nSitu\u00e9e en moyenne montagne, la commune de Vailly comprend environ 1757 hectares chassables compos\u00e9s de diff\u00e9rents milieux naturels. Elle est travers\u00e9e par une rivi\u00e8re : le Brevon. L&rsquo;ACCA loue \u00e9galement une for\u00eat domaniale g\u00e9r\u00e9e par l&rsquo;ONF<br \/>\nElle regroupe une quarantaine d&rsquo;adh\u00e9rents chasseurs, propri\u00e9taires ou habitants de la commune pour la plupart, mais aussi d&rsquo;ascendants ou de descendants de droit de chasse.<br \/>\nL&rsquo;association a pour mission principale la gestion des esp\u00e8ces sauvages en harmonie avec le milieu naturel.<\/p>\n<ul>\n<li><strong>La chasse<\/strong><br \/>\nElle est autoris\u00e9e le jeudi, le samedi et le dimanche ainsi que les jours f\u00e9ri\u00e9s. Un quota de pr\u00e9l\u00e8vement est fix\u00e9 chaque ann\u00e9e par l&rsquo;administration (chevreuil, cerf, chamois, t\u00e9tras lyre). Le quota a pour objectifs de contr\u00f4ler l&rsquo;\u00e9volution de la population et de respecter un bon \u00e9quilibre entre la nature et les Hommes.<\/li>\n<li><strong>Le gibier<\/strong><br \/>\nLa gestion du gibier est facilit\u00e9 par la mise en place d&rsquo;au moins 15 % du territoire en \u00ab r\u00e9serve de chasse et de faune sauvage \u00bb. Le li\u00e8vre, le chevreuil, la chamois, le cerf, le sanglier, la b\u00e9casse, le pigeon, le canard, la grive et le merle sont bien pr\u00e9sents sur le territoire. Des comptages ont lieu tout au long de l&rsquo;ann\u00e9e avec l&rsquo;ensemble des pays cyn\u00e9g\u00e9tique et avec la f\u00e9d\u00e9ration de chasse de Haute-Savoie.<\/li>\n<\/ul>\n<p><span style=\"color: #e81764;\"><em><strong>Membres du Bureau<\/strong><\/em><\/span><\/p>\n<p>Pr\u00e9sident : Bernard MEYNET<br \/>\nVice-pr\u00e9sident : Paul BIDAL<br \/>\nTr\u00e9sorier : Yves BEAUVOIS<br \/>\nSecr\u00e9taire : Mika\u00ebl CHEVALLET<\/p>\n<hr \/>\n<p style=\"text-align: center;\"><span style=\"color: #386eab;\"><strong><span style=\"color: #e81764;\">&#8211; Contacts &amp; Liens &#8211;<\/span><br \/>\n<\/strong><\/span>Bernard MEYNET : 06 34 67 75 31<\/p>\n","protected":false},"excerpt":{"rendered":"<p>Pr\u00e9sentation L&rsquo;ACCA saint Hubert de Vailly a \u00e9t\u00e9 cr\u00e9\u00e9e en 1964 (ACCA = Association Communale de Chasse Agr\u00e9\u00e9e). Situ\u00e9e en moyenne montagne, la commune de Vailly comprend environ 1757 hectares chassables compos\u00e9s de diff\u00e9rents milieux naturels. Elle est travers\u00e9e par<\/p>\n","protected":false},"author":1,"featured_media":0,"parent":409,"menu_order":6,"comment_status":"closed","ping_status":"closed","template":"","meta":{"_mi_skip_tracking":false,"footnotes":""},"class_list":["post-440","page","type-page","status-publish","hentry"],"_links":{"self":[{"href":"https:\/\/vailly74.fr\/index.php\/wp-json\/wp\/v2\/pages\/440","targetHints":{"allow":["GET"]}}],"collection":[{"href":"https:\/\/vailly74.fr\/index.php\/wp-json\/wp\/v2\/pages"}],"about":[{"href":"https:\/\/vailly74.fr\/index.php\/wp-json\/wp\/v2\/types\/page"}],"author":[{"embeddable":true,"href":"https:\/\/vailly74.fr\/index.php\/wp-json\/wp\/v2\/users\/1"}],"replies":[{"embeddable":true,"href":"https:\/\/vailly74.fr\/index.php\/wp-json\/wp\/v2\/comments?post=440"}],"version-history":[{"count":9,"href":"https:\/\/vailly74.fr\/index.php\/wp-json\/wp\/v2\/pages\/440\/revisions"}],"predecessor-version":[{"id":1839,"href":"https:\/\/vailly74.fr\/index.php\/wp-json\/wp\/v2\/pages\/440\/revisions\/1839"}],"up":[{"embeddable":true,"href":"https:\/\/vailly74.fr\/index.php\/wp-json\/wp\/v2\/pages\/409"}],"wp:attachment":[{"href":"https:\/\/vailly74.fr\/index.php\/wp-json\/wp\/v2\/media?parent=440"}],"curies":[{"name":"wp","href":"https:\/\/api.w.org\/{rel}","templated":true}]}}