{"id":428,"date":"2018-11-14T13:10:42","date_gmt":"2018-11-14T12:10:42","guid":{"rendered":"http:\/\/vailly74.fr\/?page_id=428"},"modified":"2019-07-29T15:20:26","modified_gmt":"2019-07-29T13:20:26","slug":"80-minutes-chrono","status":"publish","type":"page","link":"https:\/\/vailly74.fr\/index.php\/associations\/80-minutes-chrono\/","title":{"rendered":"80 minutes chrono"},"content":{"rendered":"<p><img loading=\"lazy\" decoding=\"async\" class=\"size-medium wp-image-433 alignright\" src=\"http:\/\/vailly74.fr\/wp-content\/uploads\/2018\/11\/80-min-257x300.jpg\" alt=\"\" width=\"257\" height=\"300\" srcset=\"https:\/\/vailly74.fr\/wp-content\/uploads\/2018\/11\/80-min-257x300.jpg 257w, https:\/\/vailly74.fr\/wp-content\/uploads\/2018\/11\/80-min.jpg 510w\" sizes=\"auto, (max-width: 257px) 100vw, 257px\" \/><span style=\"color: #e81764;\"><strong>Pr\u00e9sentation<\/strong><\/span><\/p>\n<p>La 80 Min Chrono est une course de ski alpinisme en relais qui se d\u00e9roule a Bellevaux-Hirmentaz, en nocturne\u00a0le 1er Samedi des vacances de No\u00ebl!<br \/>\nElle est organis\u00e9 par Adrien Piccot, originaire de Lullin.<br \/>\nElle est unique dans le monde pour cette discipline. Elle a \u00e9t\u00e9 inspir\u00e9e des 24H du Mans et de la virade de l\u2019espoir\u00a0!!<br \/>\nTous les b\u00e9n\u00e9fices sont revers\u00e9s au profit de la recherche contre le cancer, particuli\u00e8rement pour les enfants leuc\u00e9miques, valoris\u00e9 par la pr\u00e9sence du Professeur Y.\u00a0Bertrand de l&rsquo;H\u00f4pital\u00a0 IHOP \u00e0 Lyon, Pr\u00e9sident de l&rsquo;Association Recherche Pathologique Cellules Sanguines (ARPCS).<br \/>\nLes dons et\u00a0 b\u00e9n\u00e9fices de la course \u00ab\u00a0les 80 min chrono\u00a0\u00bb repr\u00e9sente un montant d&rsquo;environ 5000\u20ac\u00a0 chaque ann\u00e9e<\/p>\n<p>La course est tr\u00e8s spectaculaire gr\u00e2ce cette forme de relais avec une boucle de 10 minutes pour les 1er comp\u00e9titeurs, les spectateurs peuvent ainsi voir passer jusqu&rsquo;\u00e0 4 fois les coureurs, \u00e0 la mont\u00e9e comme \u00e0 la descente.<br \/>\nCette formule a \u00e9t\u00e9 adapt\u00e9 afin d\u2019avoir un maximum de coureurs inscrits. La boucle est tr\u00e8s courte cela permet ainsi de promouvoir la discipline \u00e0 des personnes qui n\u2019ont jamais fait de Ski de randonn\u00e9e, ou qui n\u2019ont pas beaucoup d\u2019entrainement physique, mais aussi de faire d\u00e9couvrir ce sport \u00e0 des jeunes, qui deviendront peut \u00eatre des champions dans les ann\u00e9es futures.<br \/>\nLes \u00e9ditions attirent chaque ann\u00e9e environ 140 participants pour cette noble cause.<br \/>\nDe nombreux sportifs de haut niveau s&rsquo;y donnent rendez vous : Caroline, Fabien et Olivier Meynet (sp\u00e9cialistes de Freeride et de trail, vainqueur du Derby de la Meije et Xtr\u00eame de Verbier) ainsi que la championne de VTT\u00a0 C\u00e9line Gros ou encore Arnaud Lejeune ultra trailleur.<\/p>\n<p>La course a compt\u00e9 des \u00a0membres de l&rsquo;Equipe de France et Suisse. Une comp\u00e9tition tr\u00e8s spectaculaire car il y a 8 tours effectu\u00e9s en 11 minutes pour les premiers, mais aussi tr\u00e8s chaleureuse gr\u00e2ce \u00e0 la pr\u00e9sence de champions haut savoyards de diff\u00e9rents sports ainsi que de tous jeunes skieurs qui d\u00e9couvrent la pratique pour la premi\u00e8re fois\u00a0!!<\/p>\n<hr \/>\n<p style=\"text-align: center;\"><strong><span style=\"color: #386eab;\"><span style=\"color: #e81764;\">&#8211; Contacts &amp; Liens &#8211;<\/span><br \/>\n<\/span><\/strong>Organisateur : ADRIEN PICCOT<br \/>\nSite de l&rsquo;office de tourisme de bellevaux : <a href=\"http:\/\/www.bellevaux.com\" target=\"_blank\" rel=\"noopener\"><em>www.bellevaux.com<\/em><\/a><br \/>\nPage Facebook de l\u2019association : <a href=\"https:\/\/www.facebook.com\/pages\/80-Minutes-Chrono\/552185911528075\" target=\"_blank\" rel=\"noopener\"><em>cliquez ici<\/em><\/a><\/p>\n","protected":false},"excerpt":{"rendered":"<p>Pr\u00e9sentation La 80 Min Chrono est une course de ski alpinisme en relais qui se d\u00e9roule a Bellevaux-Hirmentaz, en nocturne\u00a0le 1er Samedi des vacances de No\u00ebl! Elle est organis\u00e9 par Adrien Piccot, originaire de Lullin. Elle est unique dans le<\/p>\n","protected":false},"author":1,"featured_media":0,"parent":409,"menu_order":4,"comment_status":"closed","ping_status":"closed","template":"","meta":{"_mi_skip_tracking":false,"footnotes":""},"class_list":["post-428","page","type-page","status-publish","hentry"],"_links":{"self":[{"href":"https:\/\/vailly74.fr\/index.php\/wp-json\/wp\/v2\/pages\/428","targetHints":{"allow":["GET"]}}],"collection":[{"href":"https:\/\/vailly74.fr\/index.php\/wp-json\/wp\/v2\/pages"}],"about":[{"href":"https:\/\/vailly74.fr\/index.php\/wp-json\/wp\/v2\/types\/page"}],"author":[{"embeddable":true,"href":"https:\/\/vailly74.fr\/index.php\/wp-json\/wp\/v2\/users\/1"}],"replies":[{"embeddable":true,"href":"https:\/\/vailly74.fr\/index.php\/wp-json\/wp\/v2\/comments?post=428"}],"version-history":[{"count":5,"href":"https:\/\/vailly74.fr\/index.php\/wp-json\/wp\/v2\/pages\/428\/revisions"}],"predecessor-version":[{"id":1833,"href":"https:\/\/vailly74.fr\/index.php\/wp-json\/wp\/v2\/pages\/428\/revisions\/1833"}],"up":[{"embeddable":true,"href":"https:\/\/vailly74.fr\/index.php\/wp-json\/wp\/v2\/pages\/409"}],"wp:attachment":[{"href":"https:\/\/vailly74.fr\/index.php\/wp-json\/wp\/v2\/media?parent=428"}],"curies":[{"name":"wp","href":"https:\/\/api.w.org\/{rel}","templated":true}]}}