{"id":416,"date":"2018-11-13T21:16:19","date_gmt":"2018-11-13T20:16:19","guid":{"rendered":"http:\/\/vailly74.fr\/?page_id=416"},"modified":"2019-07-29T15:27:14","modified_gmt":"2019-07-29T13:27:14","slug":"la-becca-aux-filles","status":"publish","type":"page","link":"https:\/\/vailly74.fr\/index.php\/associations\/la-becca-aux-filles\/","title":{"rendered":"Becca aux Filles"},"content":{"rendered":"<p><img loading=\"lazy\" decoding=\"async\" class=\"size-medium wp-image-59 alignright\" src=\"http:\/\/vailly74.fr\/wp-content\/uploads\/2018\/10\/La-bec-aux-filles-300x225.jpg\" alt=\"\" width=\"300\" height=\"225\" srcset=\"https:\/\/vailly74.fr\/wp-content\/uploads\/2018\/10\/La-bec-aux-filles-300x225.jpg 300w, https:\/\/vailly74.fr\/wp-content\/uploads\/2018\/10\/La-bec-aux-filles-768x576.jpg 768w, https:\/\/vailly74.fr\/wp-content\/uploads\/2018\/10\/La-bec-aux-filles.jpg 1024w\" sizes=\"auto, (max-width: 300px) 100vw, 300px\" \/><\/p>\n<p><span style=\"color: #e81764;\"><strong>Pr\u00e9sentation<\/strong><\/span><\/p>\n<p>Une nouvelle association vient de voir le jour dans notre commune\u00a0: \u00ab\u00a0La Becca aux Filles\u00a0\u00bb.<br \/>\nForte de 15 membres, son principal objectif est de pr\u00e9server et d\u2019entretenir le site de la Becca aux Filles. En effet, les ann\u00e9es et les caprices du temps commencent \u00e0 peser sur la croix en fer r\u00e9alis\u00e9e en 1965 par C\u00e9lestin Chatelain (1).<br \/>\nMalgr\u00e9 les r\u00e9parations et les op\u00e9rations d\u2019entretien de ces derni\u00e8res ann\u00e9es, son remplacement devient n\u00e9cessaire. Pour se faire, les membres de l\u2019association fourmillent d\u2019id\u00e9es et lanceront prochainement une souscription.<\/p>\n<p><em>(1)\u00a0Avant 1965, la Becca \u00e9tait surmont\u00e9e d\u2019une croix en bois.<\/em><\/p>\n<p>&nbsp;<\/p>\n<p>Pr\u00e9sident : Herv\u00e9 CHARLES<br \/>\nVice-Pr\u00e9sident : Jean-Baptiste CHATELLAIN<br \/>\nTr\u00e9sorier : Fernand FAVRE<br \/>\nSecr\u00e9taire : Micha\u00ebl STEHLIN<\/p>\n<hr \/>\n<p style=\"text-align: center;\"><span style=\"color: #e81764;\"><strong>&#8211; Contacts &amp; liens &#8211;<br \/>\n<\/strong><\/span>Renseignement aupr\u00e8s du pr\u00e9sident Herv\u00e9 Charles\u00a0: 06 74 08 82 89<\/p>\n","protected":false},"excerpt":{"rendered":"<p>Pr\u00e9sentation Une nouvelle association vient de voir le jour dans notre commune\u00a0: \u00ab\u00a0La Becca aux Filles\u00a0\u00bb. Forte de 15 membres, son principal objectif est de pr\u00e9server et d\u2019entretenir le site de la Becca aux Filles. En effet, les ann\u00e9es et<\/p>\n","protected":false},"author":1,"featured_media":0,"parent":409,"menu_order":2,"comment_status":"closed","ping_status":"closed","template":"","meta":{"_mi_skip_tracking":false,"footnotes":""},"class_list":["post-416","page","type-page","status-publish","hentry"],"_links":{"self":[{"href":"https:\/\/vailly74.fr\/index.php\/wp-json\/wp\/v2\/pages\/416","targetHints":{"allow":["GET"]}}],"collection":[{"href":"https:\/\/vailly74.fr\/index.php\/wp-json\/wp\/v2\/pages"}],"about":[{"href":"https:\/\/vailly74.fr\/index.php\/wp-json\/wp\/v2\/types\/page"}],"author":[{"embeddable":true,"href":"https:\/\/vailly74.fr\/index.php\/wp-json\/wp\/v2\/users\/1"}],"replies":[{"embeddable":true,"href":"https:\/\/vailly74.fr\/index.php\/wp-json\/wp\/v2\/comments?post=416"}],"version-history":[{"count":9,"href":"https:\/\/vailly74.fr\/index.php\/wp-json\/wp\/v2\/pages\/416\/revisions"}],"predecessor-version":[{"id":1840,"href":"https:\/\/vailly74.fr\/index.php\/wp-json\/wp\/v2\/pages\/416\/revisions\/1840"}],"up":[{"embeddable":true,"href":"https:\/\/vailly74.fr\/index.php\/wp-json\/wp\/v2\/pages\/409"}],"wp:attachment":[{"href":"https:\/\/vailly74.fr\/index.php\/wp-json\/wp\/v2\/media?parent=416"}],"curies":[{"name":"wp","href":"https:\/\/api.w.org\/{rel}","templated":true}]}}