{"id":409,"date":"2018-11-13T21:09:02","date_gmt":"2018-11-13T20:09:02","guid":{"rendered":"http:\/\/vailly74.fr\/?page_id=409"},"modified":"2025-01-15T10:36:53","modified_gmt":"2025-01-15T09:36:53","slug":"associations","status":"publish","type":"page","link":"https:\/\/vailly74.fr\/index.php\/associations\/","title":{"rendered":"Associations"},"content":{"rendered":"\n<p><\/p>\n\n\n<p>Cette page est consacr\u00e9e aux associations communales et intercommunales.<\/p>\n<p>N&rsquo;h\u00e9sitez pas \u00e0 nous transmettre les informations vous concernant (coordonn\u00e9es, actualit\u00e9s, photos, <em>etc.<\/em>) et tout document que vous souhaiteriez voir appara\u00eetre.<\/p>\n<p><strong>DEMANDE DE SUBVENTION<\/strong><\/p>\n<p>Pour l&rsquo;ann\u00e9e 2025, vous devez nous faire parvenir votre demande de subvention avant le vendredi 28 f\u00e9vrier.<\/p>\n<p>Pour t\u00e9l\u00e9charger le dossier en .pdf :\u00a0<a href=\"http:\/\/vailly74.fr\/wp-content\/uploads\/2025\/01\/cerfa_12156-06.pdf\"><em>cliquez ici<\/em><\/a><\/p>\n<p>\u00a0<\/p>","protected":false},"excerpt":{"rendered":"<p>Cette page est consacr\u00e9e aux associations communales et intercommunales. N&rsquo;h\u00e9sitez pas \u00e0 nous transmettre les informations vous concernant (coordonn\u00e9es, actualit\u00e9s, photos, etc.) et tout document que vous souhaiteriez voir appara\u00eetre. DEMANDE DE SUBVENTION Pour l&rsquo;ann\u00e9e 2025, vous devez nous faire<\/p>\n","protected":false},"author":1,"featured_media":0,"parent":0,"menu_order":0,"comment_status":"closed","ping_status":"closed","template":"","meta":{"_mi_skip_tracking":false,"footnotes":""},"class_list":["post-409","page","type-page","status-publish","hentry"],"_links":{"self":[{"href":"https:\/\/vailly74.fr\/index.php\/wp-json\/wp\/v2\/pages\/409","targetHints":{"allow":["GET"]}}],"collection":[{"href":"https:\/\/vailly74.fr\/index.php\/wp-json\/wp\/v2\/pages"}],"about":[{"href":"https:\/\/vailly74.fr\/index.php\/wp-json\/wp\/v2\/types\/page"}],"author":[{"embeddable":true,"href":"https:\/\/vailly74.fr\/index.php\/wp-json\/wp\/v2\/users\/1"}],"replies":[{"embeddable":true,"href":"https:\/\/vailly74.fr\/index.php\/wp-json\/wp\/v2\/comments?post=409"}],"version-history":[{"count":22,"href":"https:\/\/vailly74.fr\/index.php\/wp-json\/wp\/v2\/pages\/409\/revisions"}],"predecessor-version":[{"id":5367,"href":"https:\/\/vailly74.fr\/index.php\/wp-json\/wp\/v2\/pages\/409\/revisions\/5367"}],"wp:attachment":[{"href":"https:\/\/vailly74.fr\/index.php\/wp-json\/wp\/v2\/media?parent=409"}],"curies":[{"name":"wp","href":"https:\/\/api.w.org\/{rel}","templated":true}]}}