{"id":402,"date":"2018-11-11T21:06:28","date_gmt":"2018-11-11T20:06:28","guid":{"rendered":"http:\/\/vailly74.fr\/?page_id=402"},"modified":"2023-10-31T11:51:15","modified_gmt":"2023-10-31T10:51:15","slug":"ecole-de-musique-du-brevon","status":"publish","type":"page","link":"https:\/\/vailly74.fr\/index.php\/associations\/ecole-de-musique-du-brevon\/","title":{"rendered":"\u00c9cole de musique du Brevon"},"content":{"rendered":"<p style=\"text-align: center;\"><img loading=\"lazy\" decoding=\"async\" class=\"alignnone size-full wp-image-4815\" src=\"http:\/\/vailly74.fr\/wp-content\/uploads\/2023\/10\/345235410_926061228605785_8550822300170896484_n.jpg\" alt=\"\" width=\"2048\" height=\"1202\" srcset=\"https:\/\/vailly74.fr\/wp-content\/uploads\/2023\/10\/345235410_926061228605785_8550822300170896484_n.jpg 2048w, https:\/\/vailly74.fr\/wp-content\/uploads\/2023\/10\/345235410_926061228605785_8550822300170896484_n-300x176.jpg 300w, https:\/\/vailly74.fr\/wp-content\/uploads\/2023\/10\/345235410_926061228605785_8550822300170896484_n-1024x601.jpg 1024w, https:\/\/vailly74.fr\/wp-content\/uploads\/2023\/10\/345235410_926061228605785_8550822300170896484_n-768x451.jpg 768w, https:\/\/vailly74.fr\/wp-content\/uploads\/2023\/10\/345235410_926061228605785_8550822300170896484_n-1536x902.jpg 1536w\" sizes=\"auto, (max-width: 2048px) 100vw, 2048px\" \/><\/p>\n<p>L&rsquo;\u00e9cole de musique du Brevon propose aux enfants de la vall\u00e9e d&rsquo;apprendre \u00e0 faire de la musique de mani\u00e8re ludique et conviviale :<\/p>\n<p><strong><span style=\"color: #386eab;\">A partir de 4-5 ans :<\/span><\/strong>\u00a0un atelier d&rsquo;Eveil musical fonctionne en partenariat avec la MJC du Brevon. Au menu : chants, percussions, d\u00e9couverte du son, du rythme par la danse, le jeu, initiation au \u00e9l\u00e9ments de l&rsquo;\u00e9criture musicale&#8230;<\/p>\n<p><strong><span style=\"color: #386eab;\">A partir de 6-7 ans<\/span> :<\/strong> cours de formation musicale et atelier de pratique collective. R\u00e9unis en groupe de niveau homog\u00e8ne, les enfants apprennent et exp\u00e9rimentent les notions th\u00e9oriques, le travail de l&rsquo;\u00e9coute, d\u00e9veloppent leur oreille musicale, d\u00e9couvrent le codage de la musique.<\/p>\n<p><strong><span style=\"color: #386eab;\">A partir de 7 ans<\/span> :<\/strong> cours individuel d&rsquo;instrument, piano, batterie, flute, trompette, cor, trombone, tuba, saxophone, clarinette, hautbois, basson&#8230; Toute autre demande est \u00e9tudi\u00e9e afin d&rsquo;\u00e9largir &#8211; en partenariat avec le r\u00e9seau des \u00e9coles de la CCHC &#8211; l&rsquo;offre d&rsquo;enseignement sur notre bassin de vie.<\/p>\n<p>Les cours sont ouverts aux adultes. Avec le fin de 1er acquis, les \u00e9l\u00e8ves peuvent int\u00e9grer les rangs de l&rsquo;Union Instrumentale.<\/p>\n<p>Les \u00e9l\u00e8ves se produisent au cour de diff\u00e9rentes auditions qui ponctuent l&rsquo;ann\u00e9e scolaire. L&rsquo;EMB est membre de la Conf\u00e9d\u00e9ration Musicale de France, participe au r\u00e9seau des \u00e9coles de la CCHC ainsi que celui des \u00e9tablissements d&rsquo;enseignements artistiques de la Haute-Savoie.<\/p>\n<hr \/>\n<p style=\"text-align: center;\"><strong><strong><span style=\"color: #e81764;\">&#8211; CONTACT &#8211;<\/span><br \/>\n<\/strong><\/strong>Ecole de Musique du Brevon<br \/>\nEspace \u00a0\u00bb La Fruiti\u00e8re\u00a0\u00bb<br \/>\n151 route du Val d&rsquo;Hermone &#8211; 74470 VAILLY<br \/>\nMathieu CURSAT \/ 06 13 55 27 12<\/p>\n<p><img loading=\"lazy\" decoding=\"async\" class=\"wp-image-776 alignnone\" src=\"http:\/\/vailly74.fr\/wp-content\/uploads\/2019\/02\/36620370_10216203830431389_5173316849953144832_n-225x300.jpg\" alt=\"\" width=\"225\" height=\"300\" srcset=\"https:\/\/vailly74.fr\/wp-content\/uploads\/2019\/02\/36620370_10216203830431389_5173316849953144832_n-225x300.jpg 225w, https:\/\/vailly74.fr\/wp-content\/uploads\/2019\/02\/36620370_10216203830431389_5173316849953144832_n-768x1024.jpg 768w\" sizes=\"auto, (max-width: 225px) 100vw, 225px\" \/> <img loading=\"lazy\" decoding=\"async\" class=\"size-medium wp-image-775 alignnone\" src=\"http:\/\/vailly74.fr\/wp-content\/uploads\/2019\/02\/36611045_10216203786950302_7920478262910779392_n-225x300.jpg\" alt=\"\" width=\"225\" height=\"300\" srcset=\"https:\/\/vailly74.fr\/wp-content\/uploads\/2019\/02\/36611045_10216203786950302_7920478262910779392_n-225x300.jpg 225w, https:\/\/vailly74.fr\/wp-content\/uploads\/2019\/02\/36611045_10216203786950302_7920478262910779392_n-768x1024.jpg 768w, https:\/\/vailly74.fr\/wp-content\/uploads\/2019\/02\/36611045_10216203786950302_7920478262910779392_n.jpg 1000w\" sizes=\"auto, (max-width: 225px) 100vw, 225px\" \/> <img loading=\"lazy\" decoding=\"async\" class=\"size-medium wp-image-774 alignnone\" src=\"http:\/\/vailly74.fr\/wp-content\/uploads\/2019\/02\/36549506_10216203826471290_103589457218764800_n-225x300.jpg\" alt=\"\" width=\"225\" height=\"300\" srcset=\"https:\/\/vailly74.fr\/wp-content\/uploads\/2019\/02\/36549506_10216203826471290_103589457218764800_n-225x300.jpg 225w, https:\/\/vailly74.fr\/wp-content\/uploads\/2019\/02\/36549506_10216203826471290_103589457218764800_n-768x1024.jpg 768w\" sizes=\"auto, (max-width: 225px) 100vw, 225px\" \/><\/p>\n","protected":false},"excerpt":{"rendered":"<p>L&rsquo;\u00e9cole de musique du Brevon propose aux enfants de la vall\u00e9e d&rsquo;apprendre \u00e0 faire de la musique de mani\u00e8re ludique et conviviale : A partir de 4-5 ans :\u00a0un atelier d&rsquo;Eveil musical fonctionne en partenariat avec la MJC du Brevon.<\/p>\n","protected":false},"author":1,"featured_media":0,"parent":409,"menu_order":3,"comment_status":"closed","ping_status":"closed","template":"","meta":{"_mi_skip_tracking":false,"footnotes":""},"class_list":["post-402","page","type-page","status-publish","hentry"],"_links":{"self":[{"href":"https:\/\/vailly74.fr\/index.php\/wp-json\/wp\/v2\/pages\/402","targetHints":{"allow":["GET"]}}],"collection":[{"href":"https:\/\/vailly74.fr\/index.php\/wp-json\/wp\/v2\/pages"}],"about":[{"href":"https:\/\/vailly74.fr\/index.php\/wp-json\/wp\/v2\/types\/page"}],"author":[{"embeddable":true,"href":"https:\/\/vailly74.fr\/index.php\/wp-json\/wp\/v2\/users\/1"}],"replies":[{"embeddable":true,"href":"https:\/\/vailly74.fr\/index.php\/wp-json\/wp\/v2\/comments?post=402"}],"version-history":[{"count":15,"href":"https:\/\/vailly74.fr\/index.php\/wp-json\/wp\/v2\/pages\/402\/revisions"}],"predecessor-version":[{"id":4817,"href":"https:\/\/vailly74.fr\/index.php\/wp-json\/wp\/v2\/pages\/402\/revisions\/4817"}],"up":[{"embeddable":true,"href":"https:\/\/vailly74.fr\/index.php\/wp-json\/wp\/v2\/pages\/409"}],"wp:attachment":[{"href":"https:\/\/vailly74.fr\/index.php\/wp-json\/wp\/v2\/media?parent=402"}],"curies":[{"name":"wp","href":"https:\/\/api.w.org\/{rel}","templated":true}]}}