{"id":359,"date":"2018-11-01T17:19:25","date_gmt":"2018-11-01T16:19:25","guid":{"rendered":"http:\/\/vailly74.fr\/?page_id=359"},"modified":"2021-01-08T14:25:48","modified_gmt":"2021-01-08T13:25:48","slug":"finances-et-budgets","status":"publish","type":"page","link":"https:\/\/vailly74.fr\/index.php\/vie-municipale\/finances-et-budgets\/","title":{"rendered":"Finances et budgets"},"content":{"rendered":"<p><a href=\"http:\/\/vailly74.fr\/wp-content\/uploads\/2021\/01\/Graphique_EvolutionChargesRecettes_depuis2014.png\" target=\"_blank\" rel=\"noopener noreferrer\"><img loading=\"lazy\" decoding=\"async\" class=\"alignnone wp-image-3368 \" src=\"http:\/\/vailly74.fr\/wp-content\/uploads\/2021\/01\/Graphique_EvolutionChargesRecettes_depuis2014.png\" alt=\"\" width=\"517\" height=\"279\" srcset=\"https:\/\/vailly74.fr\/wp-content\/uploads\/2021\/01\/Graphique_EvolutionChargesRecettes_depuis2014.png 838w, https:\/\/vailly74.fr\/wp-content\/uploads\/2021\/01\/Graphique_EvolutionChargesRecettes_depuis2014-300x162.png 300w, https:\/\/vailly74.fr\/wp-content\/uploads\/2021\/01\/Graphique_EvolutionChargesRecettes_depuis2014-768x414.png 768w\" sizes=\"auto, (max-width: 517px) 100vw, 517px\" \/><\/a> \u00a0 \u00a0 \u00a0 \u00a0<a href=\"http:\/\/vailly74.fr\/wp-content\/uploads\/2021\/01\/PrincipalesD\u00e9pensesInvestissement.png\"><img loading=\"lazy\" decoding=\"async\" class=\"alignnone  wp-image-3369\" src=\"http:\/\/vailly74.fr\/wp-content\/uploads\/2021\/01\/PrincipalesD\u00e9pensesInvestissement.png\" alt=\"\" width=\"533\" height=\"278\" srcset=\"https:\/\/vailly74.fr\/wp-content\/uploads\/2021\/01\/PrincipalesD\u00e9pensesInvestissement.png 861w, https:\/\/vailly74.fr\/wp-content\/uploads\/2021\/01\/PrincipalesD\u00e9pensesInvestissement-300x156.png 300w, https:\/\/vailly74.fr\/wp-content\/uploads\/2021\/01\/PrincipalesD\u00e9pensesInvestissement-768x401.png 768w\" sizes=\"auto, (max-width: 533px) 100vw, 533px\" \/><\/a><\/p>\n<p>Les d\u00e9penses d\u2019\u00e9quipement r\u00e9alis\u00e9es en 2014 et 2015 r\u00e9sultaient des engagement pris par le pr\u00e9c\u00e9dent Conseil Municipal pour l\u2019enfouissement des r\u00e9seaux secs (Canivet\/Perroux) et des installations de voirie.<\/p>\n<p>Les principales op\u00e9rations du mandat 2014\/2020\u00a0:<\/p>\n<ul>\n<li>R\u00e9habilitation de l\u2019auberge communale \u00ab Le Billat \u00bb ;<\/li>\n<li>Acquisition d\u2019un bus pour la navette scolaire ;<\/li>\n<li>Mise en \u0153uvre de l\u2019adressage communal ;<\/li>\n<li>Am\u00e9lioration b\u00e2timent chalet du Sciard ;<\/li>\n<li>Acquisition mat\u00e9riel technique.<\/li>\n<\/ul>\n<p>La commune a particip\u00e9 au travers de sa contribution au SIVU, \u00e0 la r\u00e9habilitation de l\u2019\u00e9cole maternelle du Val d\u2019Hermone, avec Lullin et Reyvroz.<\/p>\n<p>A noter \u00e9galement, la mise \u00e0 disposition \u00e0 l\u2019euro symbolique du terrain communal pour la construction de la Cr\u00e8che \u00e0 Pimberty.<\/p>\n<p>En dehors des financements du Syane, un seul pr\u00eat de 150 000\u20ac a \u00e9t\u00e9 contract\u00e9 sur la p\u00e9riode 2014\/2020 sur le budget principal. L\u2019annuit\u00e9 est couverte par la location-g\u00e9rance de l\u2019auberge communale. L\u2019ensemble des op\u00e9rations d\u2019\u00e9quipement ont b\u00e9n\u00e9fici\u00e9 de subventions d\u00e9partementales et r\u00e9gionales.<\/p>\n<p><a href=\"http:\/\/vailly74.fr\/wp-content\/uploads\/2021\/01\/Graphique_EvolutionEpargneBrute.png\"><img loading=\"lazy\" decoding=\"async\" class=\"alignnone  wp-image-3370\" src=\"http:\/\/vailly74.fr\/wp-content\/uploads\/2021\/01\/Graphique_EvolutionEpargneBrute.png\" alt=\"\" width=\"562\" height=\"283\" srcset=\"https:\/\/vailly74.fr\/wp-content\/uploads\/2021\/01\/Graphique_EvolutionEpargneBrute.png 697w, https:\/\/vailly74.fr\/wp-content\/uploads\/2021\/01\/Graphique_EvolutionEpargneBrute-300x151.png 300w\" sizes=\"auto, (max-width: 562px) 100vw, 562px\" \/><\/a><\/p>\n<p>Afin d\u2019am\u00e9liorer la situation financi\u00e8re de la commune et d\u00e9gager une marge de man\u0153uvre pour envisager de nouveaux investissements, le conseil municipal a proc\u00e9d\u00e9 \u00e0 une restructuration de sa dette en 2020.<\/p>\n","protected":false},"excerpt":{"rendered":"<p>\u00a0 \u00a0 \u00a0 \u00a0 Les d\u00e9penses d\u2019\u00e9quipement r\u00e9alis\u00e9es en 2014 et 2015 r\u00e9sultaient des engagement pris par le pr\u00e9c\u00e9dent Conseil Municipal pour l\u2019enfouissement des r\u00e9seaux secs (Canivet\/Perroux) et des installations de voirie. Les principales op\u00e9rations du mandat 2014\/2020\u00a0: R\u00e9habilitation de<\/p>\n","protected":false},"author":1,"featured_media":0,"parent":196,"menu_order":3,"comment_status":"closed","ping_status":"closed","template":"","meta":{"_mi_skip_tracking":false,"footnotes":""},"class_list":["post-359","page","type-page","status-publish","hentry"],"_links":{"self":[{"href":"https:\/\/vailly74.fr\/index.php\/wp-json\/wp\/v2\/pages\/359","targetHints":{"allow":["GET"]}}],"collection":[{"href":"https:\/\/vailly74.fr\/index.php\/wp-json\/wp\/v2\/pages"}],"about":[{"href":"https:\/\/vailly74.fr\/index.php\/wp-json\/wp\/v2\/types\/page"}],"author":[{"embeddable":true,"href":"https:\/\/vailly74.fr\/index.php\/wp-json\/wp\/v2\/users\/1"}],"replies":[{"embeddable":true,"href":"https:\/\/vailly74.fr\/index.php\/wp-json\/wp\/v2\/comments?post=359"}],"version-history":[{"count":27,"href":"https:\/\/vailly74.fr\/index.php\/wp-json\/wp\/v2\/pages\/359\/revisions"}],"predecessor-version":[{"id":3372,"href":"https:\/\/vailly74.fr\/index.php\/wp-json\/wp\/v2\/pages\/359\/revisions\/3372"}],"up":[{"embeddable":true,"href":"https:\/\/vailly74.fr\/index.php\/wp-json\/wp\/v2\/pages\/196"}],"wp:attachment":[{"href":"https:\/\/vailly74.fr\/index.php\/wp-json\/wp\/v2\/media?parent=359"}],"curies":[{"name":"wp","href":"https:\/\/api.w.org\/{rel}","templated":true}]}}