{"id":302,"date":"2018-10-23T21:11:52","date_gmt":"2018-10-23T19:11:52","guid":{"rendered":"http:\/\/vailly74.fr\/?page_id=302"},"modified":"2025-12-19T15:28:36","modified_gmt":"2025-12-19T14:28:36","slug":"les-transports","status":"publish","type":"page","link":"https:\/\/vailly74.fr\/index.php\/infos-pratiques\/les-transports\/","title":{"rendered":"Transports en commun"},"content":{"rendered":"<p>Depuis le site de la CCHC en cliquant <a href=\"https:\/\/www.hautchablais.fr\/page\/offre-transport\">ici\u00a0<\/a><\/p>\n<p><strong><span style=\"color: #386eab;\">&#8211; Navette Brev&rsquo;Bus<br \/>\n<\/span><\/strong><span class=\"contenu_descriptif\">Bougez sans voiture, pensez au Brev&rsquo;Bus !<br \/>\nCette navette est destin\u00e9e \u00e0 tous (touristes, locaux&#8230;), cependant les groupes et colonies ou centres de vacances ne sont pas accept\u00e9s. <\/span>Finis les soucis de conduite, de trafic et de stationnement : v\u00e9ritable trait d\u2019union entre les diff\u00e9rents villages de la vall\u00e9e, ces navettes permettent \u00e0 tous de se d\u00e9placer en toute facilit\u00e9 et d\u2019acc\u00e9der \u00e0 toutes les activit\u00e9s : sites touristiques, chemins de randonn\u00e9e, mus\u00e9es, march\u00e9s etc.<\/p>\n<p>Seulement 1,50\u20ac le trajet (1\u20ac pour les &#8211; de 26 ans) et 10\u20ac le carnet de 10 tickets.<\/p>\n<p><span style=\"color: #386eab;\"><strong>&#8211; Les lignes r\u00e9guli\u00e8res<\/strong><br \/>\n<\/span>Les lignes r\u00e9guli\u00e8res qui desservent la vall\u00e9e sont organis\u00e9es par le Conseil D\u00e9partemental de la Haute-Savoie, et exploit\u00e9e par la SA des Autos Transports du Chablais et du Faucigny (SAT). Elle fait partie du r\u00e9seau d\u00e9partemental, le r\u00e9seau LIHSA (Lignes Interurbaines de la Haute-Savoie).<\/p>\n<p><span style=\"color: #e81764;\"><strong>CONTACT :<\/strong> SA des autos transports du Chablais et du Faucigny<\/span><br \/>\n11, Avenue Jules Ferry<br \/>\nB.P. 68 &#8211; 74202 THONON LES BAINS CEDEX<br \/>\nT\u00e9l\u00e9phone : 04.50.71.00.88<br \/>\n<em><span style=\"color: #e81764;\">Courriels :<br \/>\n<\/span><\/em>\u2022 Pour une question sur un service de transport scolaire : mobilite@hautchablais.fr<br \/>\n\u2022 Pour un devis transport en autocar : commercial@sat-autocars.com<br \/>\n\u2022 Pour une excursion ou un voyage : info@sat-autocars.com<\/p>\n<p>Pour consulter les horaires et les informations sur les diff\u00e9rentes lignes r\u00e9guli\u00e8res de transports :\u00a0<a href=\"http:\/\/www.sat-leman.com\/lignes%20regulieres\/telecharger-les-fiches-horaires.aspx\" target=\"_blank\" rel=\"noopener\">www.sat-leman.com\/lignesregulieres\/telecharger-les-fiches-horaires.aspx<\/a><\/p>\n<p>Par t\u00e9l\u00e9phone, vous pouvez contacter la gare routi\u00e8re au 04 50 71 85 55.<\/p>\n","protected":false},"excerpt":{"rendered":"<p>Depuis le site de la CCHC en cliquant ici\u00a0 &#8211; Navette Brev&rsquo;Bus Bougez sans voiture, pensez au Brev&rsquo;Bus ! Cette navette est destin\u00e9e \u00e0 tous (touristes, locaux&#8230;), cependant les groupes et colonies ou centres de vacances ne sont pas accept\u00e9s.<\/p>\n","protected":false},"author":1,"featured_media":0,"parent":241,"menu_order":8,"comment_status":"closed","ping_status":"closed","template":"","meta":{"_mi_skip_tracking":false,"footnotes":""},"class_list":["post-302","page","type-page","status-publish","hentry"],"_links":{"self":[{"href":"https:\/\/vailly74.fr\/index.php\/wp-json\/wp\/v2\/pages\/302","targetHints":{"allow":["GET"]}}],"collection":[{"href":"https:\/\/vailly74.fr\/index.php\/wp-json\/wp\/v2\/pages"}],"about":[{"href":"https:\/\/vailly74.fr\/index.php\/wp-json\/wp\/v2\/types\/page"}],"author":[{"embeddable":true,"href":"https:\/\/vailly74.fr\/index.php\/wp-json\/wp\/v2\/users\/1"}],"replies":[{"embeddable":true,"href":"https:\/\/vailly74.fr\/index.php\/wp-json\/wp\/v2\/comments?post=302"}],"version-history":[{"count":14,"href":"https:\/\/vailly74.fr\/index.php\/wp-json\/wp\/v2\/pages\/302\/revisions"}],"predecessor-version":[{"id":5893,"href":"https:\/\/vailly74.fr\/index.php\/wp-json\/wp\/v2\/pages\/302\/revisions\/5893"}],"up":[{"embeddable":true,"href":"https:\/\/vailly74.fr\/index.php\/wp-json\/wp\/v2\/pages\/241"}],"wp:attachment":[{"href":"https:\/\/vailly74.fr\/index.php\/wp-json\/wp\/v2\/media?parent=302"}],"curies":[{"name":"wp","href":"https:\/\/api.w.org\/{rel}","templated":true}]}}