{"id":295,"date":"2018-10-23T21:06:41","date_gmt":"2018-10-23T19:06:41","guid":{"rendered":"http:\/\/vailly74.fr\/?page_id=295"},"modified":"2025-09-12T11:56:22","modified_gmt":"2025-09-12T09:56:22","slug":"la-sante","status":"publish","type":"page","link":"https:\/\/vailly74.fr\/index.php\/infos-pratiques\/la-sante\/","title":{"rendered":"Sant\u00e9"},"content":{"rendered":"<p><span style=\"color: #e81764;\"><strong><img loading=\"lazy\" decoding=\"async\" class=\" wp-image-2508 alignright\" src=\"http:\/\/vailly74.fr\/wp-content\/uploads\/2020\/02\/sante.jpg\" alt=\"\" width=\"329\" height=\"168\" srcset=\"https:\/\/vailly74.fr\/wp-content\/uploads\/2020\/02\/sante.jpg 400w, https:\/\/vailly74.fr\/wp-content\/uploads\/2020\/02\/sante-300x153.jpg 300w\" sizes=\"auto, (max-width: 329px) 100vw, 329px\" \/>PHARMACIE de la Vall\u00e9e du Brevon<\/strong><\/span><br \/>\nMme Corinne CREBASSA<br \/>\n76 rue du Bourg &#8211; Chef-Lieu<br \/>\n74470 LULLIN<br \/>\nT\u00e9l : 04 50 73 80 45<\/p>\n<p><strong>Horaires d&rsquo;ouverture :<\/strong> Lundi au samedi : 9h00 \u00e0 12h00 et 14h30 \u00e0 19h00<\/p>\n<p><span style=\"color: #e81764;\"><strong>MAISON DE SANTE de Lullin<\/strong><\/span><br \/>\n355 Route du Brevon &#8211; Chef-Lieu<br \/>\n74470 LULLIN<\/p>\n<ul>\n<li>M\u00e9decin g\u00e9n\u00e9raliste &#8211; Dr Romain FOUCAULT : Prendre sur <a href=\"https:\/\/www.doctolib.fr\/medecin-generaliste\/46-rue-des-recouts\/romain-foucault?utm_source=google&amp;utm_medium=organic&amp;utm_term=medecin-generaliste&amp;utm_content=46-rue-des-recouts&amp;utm_campaign=google-maps\" target=\"_blank\" rel=\"noopener\">doctolib.fr<\/a><\/li>\n<li><span style=\"color: #000000;\">Cabinet Infirmier de la Vall\u00e9e du Brevon\u00a0: 04 50 73 87 79<\/span><\/li>\n<li><span style=\"color: #000000;\">P\u00e9dicure podologue &#8211; Mme\u00a0H\u00e9l\u00e8ne HAPPE\u00a0: 06 07 60 97 33<\/span><\/li>\n<li>Chirurgien dentiste &#8211; Dr Vincent PLEWA : 04 80 16 16 76<\/li>\n<\/ul>\n<p><span style=\"color: #e81764;\"><strong>CABINET MEDICAL \u00ab\u00a0les Soldanelles\u00a0\u00bb \u00e0 Bellevaux \/ M\u00e9decine g\u00e9n\u00e9rale<\/strong><\/span><br \/>\nDr Ezekiel BOURIN \/ Dr Anthony DAVID<br \/>\n570 route de St Jeoire<br \/>\n74470 BELLEVAUX<br \/>\nT\u00e9l : 04 50 73 71 83<br \/>\nmail : cabinetmedicalbellevaux@gmail.com<br \/>\nConsultations libres du lundi au vendredi de 9h00 \u00e0 11h00 puis de 17h00 \u00e0 18h30 \/ le samedi matin de 9h00 \u00e0 11h00.<br \/>\nConsultations sur rendez-vous l&rsquo;apr\u00e8s-midi du lundi au samedi inclus.<br \/>\nDes gardes (PDS) sont assur\u00e9es le dimanche, durant l&rsquo;hiver, de mi-d\u00e9cembre \u00e0 fin mars.<\/p>\n<p><span style=\"color: #e81764;\"><strong>CABINET MEDICAL de Lullin \/ M\u00e9decine g\u00e9n\u00e9rale<\/strong><\/span><br \/>\nDr Jacques RIEGEL<br \/>\nChef-Lieu<br \/>\n74470 LULLIN<br \/>\nT\u00e9l : 04 50 73 81 80<br \/>\nConsultations sur rendez vous du lundi au samedi de 9h00 \u00e0 12h00<br \/>\nConsultations libres du lundi au samedi de 15h00 \u00e0 18h00, sauf le mercredi<\/p>\n<p><span style=\"color: #e81764;\"><strong>CABINET DENTAIRE<\/strong><\/span><br \/>\nDr Alain VIDAL<br \/>\nImmeuble \u00ab\u00a0Les Contamines\u00a0\u00bb<br \/>\nChef-Lieu<br \/>\n74470 BELLEVAUX<br \/>\nT\u00e9l : 04 50 71 26 09 \/ 04 50 73 73 76<br \/>\nPermanences les mercredi et samedi apr\u00e8s-midi de 14h00 \u00e0 18h00 sur rendez-vous uniquement.<\/p>\n","protected":false},"excerpt":{"rendered":"<p>PHARMACIE de la Vall\u00e9e du Brevon Mme Corinne CREBASSA 76 rue du Bourg &#8211; Chef-Lieu 74470 LULLIN T\u00e9l : 04 50 73 80 45 Horaires d&rsquo;ouverture : Lundi au samedi : 9h00 \u00e0 12h00 et 14h30 \u00e0 19h00 MAISON DE<\/p>\n","protected":false},"author":1,"featured_media":0,"parent":241,"menu_order":9,"comment_status":"closed","ping_status":"closed","template":"","meta":{"_mi_skip_tracking":false,"footnotes":""},"class_list":["post-295","page","type-page","status-publish","hentry"],"_links":{"self":[{"href":"https:\/\/vailly74.fr\/index.php\/wp-json\/wp\/v2\/pages\/295","targetHints":{"allow":["GET"]}}],"collection":[{"href":"https:\/\/vailly74.fr\/index.php\/wp-json\/wp\/v2\/pages"}],"about":[{"href":"https:\/\/vailly74.fr\/index.php\/wp-json\/wp\/v2\/types\/page"}],"author":[{"embeddable":true,"href":"https:\/\/vailly74.fr\/index.php\/wp-json\/wp\/v2\/users\/1"}],"replies":[{"embeddable":true,"href":"https:\/\/vailly74.fr\/index.php\/wp-json\/wp\/v2\/comments?post=295"}],"version-history":[{"count":11,"href":"https:\/\/vailly74.fr\/index.php\/wp-json\/wp\/v2\/pages\/295\/revisions"}],"predecessor-version":[{"id":5726,"href":"https:\/\/vailly74.fr\/index.php\/wp-json\/wp\/v2\/pages\/295\/revisions\/5726"}],"up":[{"embeddable":true,"href":"https:\/\/vailly74.fr\/index.php\/wp-json\/wp\/v2\/pages\/241"}],"wp:attachment":[{"href":"https:\/\/vailly74.fr\/index.php\/wp-json\/wp\/v2\/media?parent=295"}],"curies":[{"name":"wp","href":"https:\/\/api.w.org\/{rel}","templated":true}]}}