{"id":293,"date":"2018-10-23T21:06:09","date_gmt":"2018-10-23T19:06:09","guid":{"rendered":"http:\/\/vailly74.fr\/?page_id=293"},"modified":"2020-02-04T16:00:18","modified_gmt":"2020-02-04T15:00:18","slug":"prefecture-sous-prefecture","status":"publish","type":"page","link":"https:\/\/vailly74.fr\/index.php\/infos-pratiques\/prefecture-sous-prefecture\/","title":{"rendered":"Pr\u00e9fecture \/ Sous Pr\u00e9fecture"},"content":{"rendered":"<p><strong><span style=\"color: #386eab;\">Sous Pr\u00e9fecture de Thonon Les Bains<br \/>\n<\/span><\/strong>21 rue Vallon<br \/>\nBP 524<br \/>\n74203 THONON-LES-BAINS CEDEX<\/p>\n<p>T\u00e9l\u00a0: 04 50 71 00 20<br \/>\nFax\u00a0: 04 50 26 67 57<br \/>\nSite\u00a0: <a href=\"http:\/\/www.haute-savoie.gouv.fr\" target=\"_blank\" rel=\"noopener\">http:\/\/www.haute-savoie.gouv.fr<\/a><\/p>\n<p><strong>Ouverture au public :<\/strong> Lundi, mardi, jeudi et vendredi de 8h30 \u00e0 11h45.<\/p>\n<p>&nbsp;<\/p>\n<p><strong><span style=\"color: #386eab;\">Pr\u00e9fecture d&rsquo;Annecy<br \/>\n<\/span><\/strong>Rue du 30\u00e8me R\u00e9giment d&rsquo;infanterie<br \/>\nBP 2332<br \/>\n74034 ANNECY CEDEX<\/p>\n<p>T\u00e9l : 04 50 33 60 00 (standard t\u00e9l\u00e9phonique)<br \/>\nFax : 04 50 52 90 05<br \/>\nSite : <a href=\"http:\/\/www.haute-savoie.gouv.f\" target=\"_blank\" rel=\"noopener\">http:\/\/www.haute-savoie.gouv.f<\/a><\/p>\n","protected":false},"excerpt":{"rendered":"<p>Sous Pr\u00e9fecture de Thonon Les Bains 21 rue Vallon BP 524 74203 THONON-LES-BAINS CEDEX T\u00e9l\u00a0: 04 50 71 00 20 Fax\u00a0: 04 50 26 67 57 Site\u00a0: http:\/\/www.haute-savoie.gouv.fr Ouverture au public : Lundi, mardi, jeudi et vendredi de 8h30 \u00e0<\/p>\n","protected":false},"author":1,"featured_media":0,"parent":241,"menu_order":10,"comment_status":"closed","ping_status":"closed","template":"","meta":{"_mi_skip_tracking":false,"footnotes":""},"class_list":["post-293","page","type-page","status-publish","hentry"],"_links":{"self":[{"href":"https:\/\/vailly74.fr\/index.php\/wp-json\/wp\/v2\/pages\/293","targetHints":{"allow":["GET"]}}],"collection":[{"href":"https:\/\/vailly74.fr\/index.php\/wp-json\/wp\/v2\/pages"}],"about":[{"href":"https:\/\/vailly74.fr\/index.php\/wp-json\/wp\/v2\/types\/page"}],"author":[{"embeddable":true,"href":"https:\/\/vailly74.fr\/index.php\/wp-json\/wp\/v2\/users\/1"}],"replies":[{"embeddable":true,"href":"https:\/\/vailly74.fr\/index.php\/wp-json\/wp\/v2\/comments?post=293"}],"version-history":[{"count":5,"href":"https:\/\/vailly74.fr\/index.php\/wp-json\/wp\/v2\/pages\/293\/revisions"}],"predecessor-version":[{"id":2504,"href":"https:\/\/vailly74.fr\/index.php\/wp-json\/wp\/v2\/pages\/293\/revisions\/2504"}],"up":[{"embeddable":true,"href":"https:\/\/vailly74.fr\/index.php\/wp-json\/wp\/v2\/pages\/241"}],"wp:attachment":[{"href":"https:\/\/vailly74.fr\/index.php\/wp-json\/wp\/v2\/media?parent=293"}],"curies":[{"name":"wp","href":"https:\/\/api.w.org\/{rel}","templated":true}]}}