{"id":288,"date":"2018-10-23T20:58:33","date_gmt":"2018-10-23T18:58:33","guid":{"rendered":"http:\/\/vailly74.fr\/?page_id=288"},"modified":"2025-12-19T15:13:06","modified_gmt":"2025-12-19T14:13:06","slug":"prevention-et-gestion-des-dechets","status":"publish","type":"page","link":"https:\/\/vailly74.fr\/index.php\/infos-pratiques\/prevention-et-gestion-des-dechets\/","title":{"rendered":"Pr\u00e9vention et Gestion des d\u00e9chets"},"content":{"rendered":"\n<p class=\"has-text-align-center\">Depuis 2016, les ordures m\u00e9nag\u00e8res ne sont plus ramass\u00e9es en porte \u00e0 porte.<\/p>\n\n\n\n<p class=\"has-text-align-center\">4 points de collecte ont \u00e9t\u00e9 install\u00e9s sur la commune de Vailly, et doivent \u00eatre utilis\u00e9s:<\/p>\n\n\n\n<figure class=\"wp-block-image\"><img loading=\"lazy\" decoding=\"async\" width=\"300\" height=\"225\" src=\"http:\/\/vailly74.fr\/wp-content\/uploads\/2018\/12\/20181213_OM-place_de_la_vogue-300x225.jpg\" alt=\"\" class=\"wp-image-589\"\/><figcaption class=\"wp-element-caption\">Place de la Vogue <\/figcaption><\/figure>\n\n\n\n<figure class=\"wp-block-image\"><img loading=\"lazy\" decoding=\"async\" width=\"300\" height=\"225\" src=\"http:\/\/vailly74.fr\/wp-content\/uploads\/2018\/12\/20181213_OM-pimberty-300x225.jpg\" alt=\"\" class=\"wp-image-588\"\/><figcaption class=\"wp-element-caption\">Hameau de Pimberty<\/figcaption><\/figure>\n\n\n\n<figure class=\"wp-block-image\"><img loading=\"lazy\" decoding=\"async\" width=\"300\" height=\"225\" src=\"http:\/\/vailly74.fr\/wp-content\/uploads\/2018\/12\/20181213_OM-les_plagnes-300x225.jpg\" alt=\"\" class=\"wp-image-587\"\/><figcaption class=\"wp-element-caption\">D\u00e9chetterie des Plagnes<\/figcaption><\/figure>\n\n\n\n<figure class=\"wp-block-image\"><img loading=\"lazy\" decoding=\"async\" width=\"300\" height=\"225\" src=\"http:\/\/vailly74.fr\/wp-content\/uploads\/2018\/12\/20181213_OM-les_charges-300x225.jpg\" alt=\"\" class=\"wp-image-586\"\/><figcaption class=\"wp-element-caption\">Hameau les Charges d&rsquo;en Bas<\/figcaption><\/figure>\n\n\n\n<p><\/p>\n\n\n\n<p>Nous vous remercions de trier vos d\u00e9chets correctement et de ne pas d\u00e9poser de d\u00e9chets hors des conteneurs.<\/p>\n\n\n\n<p><strong><span style=\"color: #e81764;\">Pour rappel \u00ab\u00a0comment trier ses d\u00e9chets ?\u00a0\u00bb <a href=\"https:\/\/www.cc-hautchablais.fr\/IMG\/pdf\/article_collecte_des_emballages_mai_2024.pdf\">cliquez ici<\/a><\/span><\/strong><\/p>\n\n\n\n<h2 class=\"wp-block-heading\" id=\"composter-c-est-pas-complique\"><a href=\"https:\/\/www.cc-hautchablais.fr\/Les-biodechets\">Composter c&rsquo;est pas compliqu\u00e9 <\/a><\/h2>\n\n\n\n<p><a href=\"https:\/\/www.hautchablais.fr\/page\/la-collecte-des-dechets\">Points d&rsquo;apport volontaire<\/a><\/p>\n\n\n\n<p><strong><span style=\"color: #e81764;\"><br><\/span><\/strong><\/p>\n","protected":false},"excerpt":{"rendered":"<p>Depuis 2016, les ordures m\u00e9nag\u00e8res ne sont plus ramass\u00e9es en porte \u00e0 porte. 4 points de collecte ont \u00e9t\u00e9 install\u00e9s sur la commune de Vailly, et doivent \u00eatre utilis\u00e9s: Nous vous remercions de trier vos d\u00e9chets correctement et de ne<\/p>\n","protected":false},"author":1,"featured_media":0,"parent":241,"menu_order":11,"comment_status":"closed","ping_status":"closed","template":"","meta":{"_mi_skip_tracking":false,"footnotes":""},"class_list":["post-288","page","type-page","status-publish","hentry"],"_links":{"self":[{"href":"https:\/\/vailly74.fr\/index.php\/wp-json\/wp\/v2\/pages\/288","targetHints":{"allow":["GET"]}}],"collection":[{"href":"https:\/\/vailly74.fr\/index.php\/wp-json\/wp\/v2\/pages"}],"about":[{"href":"https:\/\/vailly74.fr\/index.php\/wp-json\/wp\/v2\/types\/page"}],"author":[{"embeddable":true,"href":"https:\/\/vailly74.fr\/index.php\/wp-json\/wp\/v2\/users\/1"}],"replies":[{"embeddable":true,"href":"https:\/\/vailly74.fr\/index.php\/wp-json\/wp\/v2\/comments?post=288"}],"version-history":[{"count":18,"href":"https:\/\/vailly74.fr\/index.php\/wp-json\/wp\/v2\/pages\/288\/revisions"}],"predecessor-version":[{"id":5888,"href":"https:\/\/vailly74.fr\/index.php\/wp-json\/wp\/v2\/pages\/288\/revisions\/5888"}],"up":[{"embeddable":true,"href":"https:\/\/vailly74.fr\/index.php\/wp-json\/wp\/v2\/pages\/241"}],"wp:attachment":[{"href":"https:\/\/vailly74.fr\/index.php\/wp-json\/wp\/v2\/media?parent=288"}],"curies":[{"name":"wp","href":"https:\/\/api.w.org\/{rel}","templated":true}]}}