{"id":273,"date":"2018-10-21T20:40:11","date_gmt":"2018-10-21T18:40:11","guid":{"rendered":"http:\/\/vailly74.fr\/?page_id=273"},"modified":"2023-01-31T09:00:01","modified_gmt":"2023-01-31T08:00:01","slug":"location-de-la-salle-communale","status":"publish","type":"page","link":"https:\/\/vailly74.fr\/index.php\/infos-pratiques\/location-de-la-salle-communale\/","title":{"rendered":"Location de la salle communale"},"content":{"rendered":"<p><img loading=\"lazy\" decoding=\"async\" class=\"wp-image-277 aligncenter\" src=\"http:\/\/vailly74.fr\/wp-content\/uploads\/2018\/10\/Salle-communale-300x225.jpg\" alt=\"\" width=\"349\" height=\"262\" srcset=\"https:\/\/vailly74.fr\/wp-content\/uploads\/2018\/10\/Salle-communale-300x225.jpg 300w, https:\/\/vailly74.fr\/wp-content\/uploads\/2018\/10\/Salle-communale-768x576.jpg 768w, https:\/\/vailly74.fr\/wp-content\/uploads\/2018\/10\/Salle-communale.jpg 859w\" sizes=\"auto, (max-width: 349px) 100vw, 349px\" \/><\/p>\n<p style=\"text-align: left;\">La commune de Vailly met \u00e0 disposition des associations ou des particuliers la salle des f\u00eates pour pratiquer des activit\u00e9s culturelles ou de loisirs, des f\u00eates familiales, des r\u00e9unions.<br \/>Une <strong>caution d\u2019un montant de 500 euros<\/strong> vous sera demand\u00e9e ainsi que le <strong>versement d\u2019arrhes valant r\u00e9servation<\/strong> (50\u20ac).<\/p>\n<p style=\"text-align: center;\"><strong><span style=\"color: #e81764;\"><span style=\"color: #e66f20;\">Pour t\u00e9l\u00e9charger le r\u00e8glement de la salle communale :<\/span>\u00a0<\/span><\/strong><span style=\"color: #0000ff;\"><a style=\"color: #0000ff;\" href=\"http:\/\/vailly74.fr\/wp-content\/uploads\/2023\/01\/REGLEMENT-SALLE-DES-FETES-DECEMBRE-2022.pdf\" target=\"_blank\" rel=\"noopener\"><em><strong>cliquez ici<\/strong><\/em><\/a><\/span><\/p>\n<p>\u00a0<\/p>\n<p><strong><span style=\"color: #386eab;\">\u2022 TARIFS :<\/span><br \/><\/strong><\/p>\n<p><img loading=\"lazy\" decoding=\"async\" class=\"size-medium wp-image-4513 aligncenter\" src=\"http:\/\/vailly74.fr\/wp-content\/uploads\/2022\/09\/Capture-decran-2022-09-07-115334-1-297x300.png\" alt=\"\" width=\"297\" height=\"300\" srcset=\"https:\/\/vailly74.fr\/wp-content\/uploads\/2022\/09\/Capture-decran-2022-09-07-115334-1-297x300.png 297w, https:\/\/vailly74.fr\/wp-content\/uploads\/2022\/09\/Capture-decran-2022-09-07-115334-1.png 590w\" sizes=\"auto, (max-width: 297px) 100vw, 297px\" \/><\/p>\n<p>\u00a0<\/p>\n<p><span style=\"color: #386eab;\"><span style=\"color: #386eab;\"><b>\u2022 LOCATIONS PARTICULI\u00c8RES\u00a0:<\/b><\/span><\/span><\/p>\n<p>La gratuit\u00e9 de la salle est accord\u00e9e aux associations communales ou intercommunales pour leurs r\u00e9unions, assembl\u00e9es g\u00e9n\u00e9rales et autres manifestations gratuites ou ne permettant pas de d\u00e9gager un b\u00e9n\u00e9fice.<\/p>\n<p>Une gratuit\u00e9 annuelle est accord\u00e9e aux associations communales ou intercommunales organisant une manifestation permettant de d\u00e9gager un b\u00e9n\u00e9fice.<\/p>\n<p style=\"font-weight: 400;\"><strong><span style=\"color: #386eab;\"><br \/>\u2022 DEMANDE DE RESERVATION :<br \/><\/span><\/strong><\/p>\n<p style=\"font-weight: 400;\"><span style=\"color: #e66f20;\">Contact : Mme Corinne BIDAL\u00a0<\/span><em><br \/><\/em>&gt; Par t\u00e9l\u00e9phone au\u00a006 08 25 24 67 (de pr\u00e9f\u00e9rence entre 8h30 et 11h30 le matin ou 13h30 et 16h00 l&rsquo;apr\u00e8s-midi) ;<br \/>&gt; Par mail\u00a0\u00e0 l&rsquo;adresse suivante :\u00a0regisseurvailly@gmail.com ;<br \/>&gt; Via le formulaire ci dessous.<\/p>\n<blockquote>\n<p style=\"text-align: center;\"><span style=\"color: #e66f20;\"><em><strong>Pour ra<span style=\"color: #e66f20;\">ppel :<\/span><\/strong><span style=\"color: #e66f20;\"> La programm<\/span>ation annuelle pour les associations ne les dispense pas de cette formalit\u00e9.<\/em><\/span><br \/><span style=\"color: #e66f20;\"><em>L\u2019autorisation finale de location sera donn\u00e9e par Mme le Maire en fonction du planning des r\u00e9servations.<\/em><\/span><\/p>\n<\/blockquote>\n<div class=\"wpforms-container wpforms-container-full\" id=\"wpforms-844\"><form id=\"wpforms-form-844\" class=\"wpforms-validate wpforms-form\" data-formid=\"844\" method=\"post\" enctype=\"multipart\/form-data\" action=\"\/index.php\/wp-json\/wp\/v2\/pages\/273\" data-token=\"51bc1bacc22a36b83628e8d15b9f1340\" data-token-time=\"1776865631\"><noscript class=\"wpforms-error-noscript\">Veuillez activer JavaScript dans votre navigateur pour remplir ce formulaire.<\/noscript><div class=\"wpforms-field-container\"><div id=\"wpforms-844-field_6-container\" class=\"wpforms-field wpforms-field-select\" data-field-id=\"6\"><label class=\"wpforms-field-label\" for=\"wpforms-844-field_6\">Demandeur <span class=\"wpforms-required-label\">*<\/span><\/label><select id=\"wpforms-844-field_6\" class=\"wpforms-field-small wpforms-field-required\" name=\"wpforms[fields][6]\" required=\"required\"><option value=\"Votre choix ...\"  class=\"choice-1 depth-1\"  >Votre choix ...<\/option><option value=\"Particulier habitant Vailly\"  class=\"choice-2 depth-1\"  >Particulier habitant Vailly<\/option><option value=\"Association communale\"  class=\"choice-3 depth-1\"  >Association communale<\/option><option value=\"Association ext\u00e9rieure\"  class=\"choice-4 depth-1\"  >Association ext\u00e9rieure<\/option><option value=\"Particulier ext\u00e9rieur\"  class=\"choice-5 depth-1\"  >Particulier ext\u00e9rieur<\/option><\/select><\/div><div id=\"wpforms-844-field_7-container\" class=\"wpforms-field wpforms-field-text\" data-field-id=\"7\"><label class=\"wpforms-field-label\" for=\"wpforms-844-field_7\">Date de r\u00e9servation souhait\u00e9e <span class=\"wpforms-required-label\">*<\/span><\/label><input type=\"text\" id=\"wpforms-844-field_7\" class=\"wpforms-field-small wpforms-field-required\" name=\"wpforms[fields][7]\" required><\/div><div id=\"wpforms-844-field_13-container\" class=\"wpforms-field wpforms-field-text\" data-field-id=\"13\"><label class=\"wpforms-field-label\" for=\"wpforms-844-field_13\">Nom <span class=\"wpforms-required-label\">*<\/span><\/label><input type=\"text\" id=\"wpforms-844-field_13\" class=\"wpforms-field-small wpforms-field-required\" name=\"wpforms[fields][13]\" required><\/div><div id=\"wpforms-844-field_14-container\" class=\"wpforms-field wpforms-field-text\" data-field-id=\"14\"><label class=\"wpforms-field-label\" for=\"wpforms-844-field_14\">Pr\u00e9nom <span class=\"wpforms-required-label\">*<\/span><\/label><input type=\"text\" id=\"wpforms-844-field_14\" class=\"wpforms-field-small wpforms-field-required\" name=\"wpforms[fields][14]\" required><\/div><div id=\"wpforms-844-field_10-container\" class=\"wpforms-field wpforms-field-text\" data-field-id=\"10\"><label class=\"wpforms-field-label\" for=\"wpforms-844-field_10\">Adresse postale <span class=\"wpforms-required-label\">*<\/span><\/label><input type=\"text\" id=\"wpforms-844-field_10\" class=\"wpforms-field-medium wpforms-field-required\" name=\"wpforms[fields][10]\" required><\/div><div id=\"wpforms-844-field_8-container\" class=\"wpforms-field wpforms-field-text\" data-field-id=\"8\"><label class=\"wpforms-field-label\" for=\"wpforms-844-field_8\">T\u00e9l\u00e9phone <span class=\"wpforms-required-label\">*<\/span><\/label><input type=\"text\" id=\"wpforms-844-field_8\" class=\"wpforms-field-small wpforms-field-required\" name=\"wpforms[fields][8]\" required><\/div><div id=\"wpforms-844-field_9-container\" class=\"wpforms-field wpforms-field-text\" data-field-id=\"9\"><label class=\"wpforms-field-label\" for=\"wpforms-844-field_9\">E-mail <span class=\"wpforms-required-label\">*<\/span><\/label><input type=\"text\" id=\"wpforms-844-field_9\" class=\"wpforms-field-medium wpforms-field-required\" name=\"wpforms[fields][9]\" required><\/div><div id=\"wpforms-844-field_12-container\" class=\"wpforms-field wpforms-field-checkbox\" data-field-id=\"12\"><label class=\"wpforms-field-label\">Vous souhaitez r\u00e9server : <span class=\"wpforms-required-label\">*<\/span><\/label><ul id=\"wpforms-844-field_12\" class=\"wpforms-field-required\"><li class=\"choice-1 depth-1\"><input type=\"checkbox\" id=\"wpforms-844-field_12_1\" name=\"wpforms[fields][12][]\" value=\"la petite salle uniquement\" required ><label class=\"wpforms-field-label-inline\" for=\"wpforms-844-field_12_1\">la petite salle uniquement<\/label><\/li><li class=\"choice-2 depth-1\"><input type=\"checkbox\" id=\"wpforms-844-field_12_2\" name=\"wpforms[fields][12][]\" value=\"la grande salle uniquement\" required ><label class=\"wpforms-field-label-inline\" for=\"wpforms-844-field_12_2\">la grande salle uniquement<\/label><\/li><li class=\"choice-3 depth-1\"><input type=\"checkbox\" id=\"wpforms-844-field_12_3\" name=\"wpforms[fields][12][]\" value=\"la salle compl\u00e8te\" required ><label class=\"wpforms-field-label-inline\" for=\"wpforms-844-field_12_3\">la salle compl\u00e8te<\/label><\/li><\/ul><\/div><div id=\"wpforms-844-field_2-container\" class=\"wpforms-field wpforms-field-textarea\" data-field-id=\"2\"><label class=\"wpforms-field-label\" for=\"wpforms-844-field_2\">Votre message <\/label><textarea id=\"wpforms-844-field_2\" class=\"wpforms-field-medium\" name=\"wpforms[fields][2]\" ><\/textarea><\/div><\/div><!-- .wpforms-field-container --><div class=\"wpforms-field wpforms-field-hp\"><label for=\"wpforms-844-field-hp\" class=\"wpforms-field-label\">Phone<\/label><input type=\"text\" name=\"wpforms[hp]\" id=\"wpforms-844-field-hp\" class=\"wpforms-field-medium\"><\/div><div class=\"wpforms-submit-container\" ><input type=\"hidden\" name=\"wpforms[id]\" value=\"844\"><input type=\"hidden\" name=\"page_title\" value=\"\"><input type=\"hidden\" name=\"page_url\" value=\"https:\/\/vailly74.fr\/index.php\/wp-json\/wp\/v2\/pages\/273\"><input type=\"hidden\" name=\"url_referer\" value=\"\"><button type=\"submit\" name=\"wpforms[submit]\" id=\"wpforms-submit-844\" class=\"wpforms-submit\" data-alt-text=\"Sending...\" data-submit-text=\"Envoyer\" aria-live=\"assertive\" value=\"wpforms-submit\">Envoyer<\/button><\/div><\/form><\/div>  <!-- .wpforms-container -->\n\n","protected":false},"excerpt":{"rendered":"<p>La commune de Vailly met \u00e0 disposition des associations ou des particuliers la salle des f\u00eates pour pratiquer des activit\u00e9s culturelles ou de loisirs, des f\u00eates familiales, des r\u00e9unions.Une caution d\u2019un montant de 500 euros vous sera demand\u00e9e ainsi que<\/p>\n","protected":false},"author":1,"featured_media":0,"parent":241,"menu_order":6,"comment_status":"closed","ping_status":"closed","template":"","meta":{"_mi_skip_tracking":false,"footnotes":""},"class_list":["post-273","page","type-page","status-publish","hentry"],"_links":{"self":[{"href":"https:\/\/vailly74.fr\/index.php\/wp-json\/wp\/v2\/pages\/273","targetHints":{"allow":["GET"]}}],"collection":[{"href":"https:\/\/vailly74.fr\/index.php\/wp-json\/wp\/v2\/pages"}],"about":[{"href":"https:\/\/vailly74.fr\/index.php\/wp-json\/wp\/v2\/types\/page"}],"author":[{"embeddable":true,"href":"https:\/\/vailly74.fr\/index.php\/wp-json\/wp\/v2\/users\/1"}],"replies":[{"embeddable":true,"href":"https:\/\/vailly74.fr\/index.php\/wp-json\/wp\/v2\/comments?post=273"}],"version-history":[{"count":27,"href":"https:\/\/vailly74.fr\/index.php\/wp-json\/wp\/v2\/pages\/273\/revisions"}],"predecessor-version":[{"id":4630,"href":"https:\/\/vailly74.fr\/index.php\/wp-json\/wp\/v2\/pages\/273\/revisions\/4630"}],"up":[{"embeddable":true,"href":"https:\/\/vailly74.fr\/index.php\/wp-json\/wp\/v2\/pages\/241"}],"wp:attachment":[{"href":"https:\/\/vailly74.fr\/index.php\/wp-json\/wp\/v2\/media?parent=273"}],"curies":[{"name":"wp","href":"https:\/\/api.w.org\/{rel}","templated":true}]}}