{"id":271,"date":"2018-10-21T20:39:01","date_gmt":"2018-10-21T18:39:01","guid":{"rendered":"http:\/\/vailly74.fr\/?page_id=271"},"modified":"2020-02-04T15:30:12","modified_gmt":"2020-02-04T14:30:12","slug":"location-des-chapiteaux","status":"publish","type":"page","link":"https:\/\/vailly74.fr\/index.php\/infos-pratiques\/location-des-chapiteaux\/","title":{"rendered":"Location des chapiteaux"},"content":{"rendered":"<p>La commune de Vailly met \u00e0 disposition deux chapiteaux aux associations ou aux particuliers qui en font la demande :<\/p>\n<ul>\n<li>petit chapiteau 4 m x 5 m<\/li>\n<li>grand chapiteau 6 m x 12 m<\/li>\n<\/ul>\n<p><strong>La prise en charge, le montage et le d\u00e9montage sont \u00e0 la charge du preneur.<\/strong><\/p>\n<p>Une caution de 500 euros par chapiteau sera demand\u00e9e au moment de la r\u00e9servation en plus du tarif de location.<\/p>\n<p>Une gratuit\u00e9 est accord\u00e9 pour une location annuelle des chapiteaux \u00e0 chacune des associations communales qui en fera la demande.<\/p>\n<p>La location aux particuliers est consentie uniquement aux habitants de Vailly.<\/p>\n<p>&nbsp;<\/p>\n<p><span style=\"color: #386eab;\"><strong>\u2022 TARIFS :<\/strong><\/span><\/p>\n<table style=\"height: 182px;\" width=\"696\">\n<tbody>\n<tr>\n<td width=\"181\"><\/td>\n<td width=\"185\">Associations communales et habitants de Vailly<\/td>\n<td width=\"161\">Associations ext\u00e9rieures<\/td>\n<\/tr>\n<tr>\n<td>Petit chapiteau (4 m x 5 m)<\/td>\n<td>50 \u20ac<\/td>\n<td>140 \u20ac<\/td>\n<\/tr>\n<tr>\n<td>Grand chapiteau (6 m x 12m)<\/td>\n<td>120 \u20ac<\/td>\n<td style=\"text-align: left;\">300 \u20ac<\/td>\n<\/tr>\n<\/tbody>\n<\/table>\n<p>&nbsp;<\/p>\n<p>&nbsp;<\/p>\n<p><span style=\"color: #386eab;\"><span style=\"color: #386eab;\"><b>\u2022 DEMANDE DE R\u00c9SERVATION\u00a0:<\/b><\/span><br \/>\n<\/span><\/p>\n<p><span style=\"color: #386eab;\"><em><span style=\"color: #ff6600;\">Contact : Mme Corinne BIDAL<\/span><br \/>\n<\/em><\/span><span style=\"color: #333333;\">\u00a0&gt; Par t\u00e9l\u00e9phone au\u00a006 08 25 24 67 (de pr\u00e9f\u00e9rence entre 8h30 et 11h30 le matin ou 13h30 et 16h00 l\u2019apr\u00e8s-midi) ;<br \/>\n&gt; Par mail\u00a0\u00e0 l\u2019adresse suivante :\u00a0<a style=\"color: #333333;\" href=\"https:\/\/webmail1h.orange.fr\/webmail\/fr_FR\/read.html?FOLDER=SF_INBOX&amp;IDMSG=83115&amp;check=&amp;SORTBY=1#\">regisseurvailly@gmail.com ;<\/a><br \/>\n&gt; Via le formulaire ci dessous.<\/span><\/p>\n<blockquote>\n<p style=\"text-align: center;\"><span style=\"color: #ff6600;\"><em>L\u2019autorisation finale de location sera donn\u00e9e par Mme le Maire en fonction du planning des r\u00e9servations.<\/em><\/span><\/p>\n<\/blockquote>\n<div class=\"wpforms-container wpforms-container-full\" id=\"wpforms-813\"><form id=\"wpforms-form-813\" class=\"wpforms-validate wpforms-form\" data-formid=\"813\" method=\"post\" enctype=\"multipart\/form-data\" action=\"\/index.php\/wp-json\/wp\/v2\/pages\/271\" data-token=\"7808919f664ec27cb6edb485c12fcb82\" data-token-time=\"1778243483\"><noscript class=\"wpforms-error-noscript\">Veuillez activer JavaScript dans votre navigateur pour remplir ce formulaire.<\/noscript><div class=\"wpforms-field-container\"><div id=\"wpforms-813-field_8-container\" class=\"wpforms-field wpforms-field-select\" data-field-id=\"8\"><label class=\"wpforms-field-label\" for=\"wpforms-813-field_8\">Demandeur <span class=\"wpforms-required-label\">*<\/span><\/label><select id=\"wpforms-813-field_8\" class=\"wpforms-field-small wpforms-field-required\" name=\"wpforms[fields][8]\" required=\"required\"><option value=\"Votre choix ...\"  class=\"choice-1 depth-1\"  >Votre choix ...<\/option><option value=\"Association communale\"  class=\"choice-2 depth-1\"  >Association communale<\/option><option value=\"Association ext\u00e9rieure\"  class=\"choice-5 depth-1\"  >Association ext\u00e9rieure<\/option><option value=\"Habitant de Vailly\"  class=\"choice-6 depth-1\"  >Habitant de Vailly<\/option><\/select><\/div><div id=\"wpforms-813-field_5-container\" class=\"wpforms-field wpforms-field-text\" data-field-id=\"5\"><label class=\"wpforms-field-label\" for=\"wpforms-813-field_5\">Date de r\u00e9servation souhait\u00e9e <span class=\"wpforms-required-label\">*<\/span><\/label><input type=\"text\" id=\"wpforms-813-field_5\" class=\"wpforms-field-medium wpforms-field-required\" name=\"wpforms[fields][5]\" required><\/div><div id=\"wpforms-813-field_9-container\" class=\"wpforms-field wpforms-field-text\" data-field-id=\"9\"><label class=\"wpforms-field-label\" for=\"wpforms-813-field_9\">Nom <span class=\"wpforms-required-label\">*<\/span><\/label><input type=\"text\" id=\"wpforms-813-field_9\" class=\"wpforms-field-small wpforms-field-required\" name=\"wpforms[fields][9]\" required><\/div><div id=\"wpforms-813-field_6-container\" class=\"wpforms-field wpforms-field-text\" data-field-id=\"6\"><label class=\"wpforms-field-label\" for=\"wpforms-813-field_6\">Pr\u00e9nom <span class=\"wpforms-required-label\">*<\/span><\/label><input type=\"text\" id=\"wpforms-813-field_6\" class=\"wpforms-field-small wpforms-field-required\" name=\"wpforms[fields][6]\" required><\/div><div id=\"wpforms-813-field_13-container\" class=\"wpforms-field wpforms-field-text\" data-field-id=\"13\"><label class=\"wpforms-field-label\" for=\"wpforms-813-field_13\">Adresse postale <span class=\"wpforms-required-label\">*<\/span><\/label><input type=\"text\" id=\"wpforms-813-field_13\" class=\"wpforms-field-medium wpforms-field-required\" name=\"wpforms[fields][13]\" required><\/div><div id=\"wpforms-813-field_10-container\" class=\"wpforms-field wpforms-field-text\" data-field-id=\"10\"><label class=\"wpforms-field-label\" for=\"wpforms-813-field_10\">T\u00e9l\u00e9phone <span class=\"wpforms-required-label\">*<\/span><\/label><input type=\"text\" id=\"wpforms-813-field_10\" class=\"wpforms-field-small wpforms-field-required\" name=\"wpforms[fields][10]\" required><\/div><div id=\"wpforms-813-field_1-container\" class=\"wpforms-field wpforms-field-email\" data-field-id=\"1\"><label class=\"wpforms-field-label\" for=\"wpforms-813-field_1\">E-mail <span class=\"wpforms-required-label\">*<\/span><\/label><input type=\"email\" id=\"wpforms-813-field_1\" class=\"wpforms-field-medium wpforms-field-required\" name=\"wpforms[fields][1]\" spellcheck=\"false\" required><\/div><div id=\"wpforms-813-field_3-container\" class=\"wpforms-field wpforms-field-checkbox\" data-field-id=\"3\"><label class=\"wpforms-field-label\">Vous souhaitez r\u00e9server <span class=\"wpforms-required-label\">*<\/span><\/label><ul id=\"wpforms-813-field_3\" class=\"wpforms-randomize wpforms-field-required\"><li class=\"choice-1 depth-1\"><input type=\"checkbox\" id=\"wpforms-813-field_3_1\" name=\"wpforms[fields][3][]\" value=\"Le petit chapiteau 4m x 5m\" required ><label class=\"wpforms-field-label-inline\" for=\"wpforms-813-field_3_1\">Le petit chapiteau 4m x 5m<\/label><\/li><li class=\"choice-2 depth-1\"><input type=\"checkbox\" id=\"wpforms-813-field_3_2\" name=\"wpforms[fields][3][]\" value=\"Le grand chapiteau 6m x 12 m\" required ><label class=\"wpforms-field-label-inline\" for=\"wpforms-813-field_3_2\">Le grand chapiteau 6m x 12 m<\/label><\/li><\/ul><\/div><div id=\"wpforms-813-field_2-container\" class=\"wpforms-field wpforms-field-textarea\" data-field-id=\"2\"><label class=\"wpforms-field-label\" for=\"wpforms-813-field_2\">Votre message<\/label><textarea id=\"wpforms-813-field_2\" class=\"wpforms-field-medium\" name=\"wpforms[fields][2]\" ><\/textarea><\/div><div id=\"wpforms-813-field_14-container\" class=\"wpforms-field wpforms-field-email\" data-field-id=\"14\"><label class=\"wpforms-field-label\" for=\"wpforms-813-field_14\">Adresse de contact <span class=\"wpforms-required-label\">*<\/span><\/label><input type=\"email\" id=\"wpforms-813-field_14\" class=\"wpforms-field-medium wpforms-field-required\" name=\"wpforms[fields][14]\" spellcheck=\"false\" required><\/div><\/div><!-- .wpforms-field-container --><div class=\"wpforms-field wpforms-field-hp\"><label for=\"wpforms-813-field-hp\" class=\"wpforms-field-label\">Name<\/label><input type=\"text\" name=\"wpforms[hp]\" id=\"wpforms-813-field-hp\" class=\"wpforms-field-medium\"><\/div><div class=\"wpforms-submit-container\" ><input type=\"hidden\" name=\"wpforms[id]\" value=\"813\"><input type=\"hidden\" name=\"page_title\" value=\"\"><input type=\"hidden\" name=\"page_url\" value=\"https:\/\/vailly74.fr\/index.php\/wp-json\/wp\/v2\/pages\/271\"><input type=\"hidden\" name=\"url_referer\" value=\"\"><button type=\"submit\" name=\"wpforms[submit]\" id=\"wpforms-submit-813\" class=\"wpforms-submit\" data-alt-text=\"Envoi en cours ...\" data-submit-text=\"Envoyer\" aria-live=\"assertive\" value=\"wpforms-submit\">Envoyer<\/button><\/div><\/form><\/div>  <!-- .wpforms-container -->\n","protected":false},"excerpt":{"rendered":"<p>La commune de Vailly met \u00e0 disposition deux chapiteaux aux associations ou aux particuliers qui en font la demande : petit chapiteau 4 m x 5 m grand chapiteau 6 m x 12 m La prise en charge, le montage<\/p>\n","protected":false},"author":1,"featured_media":0,"parent":241,"menu_order":7,"comment_status":"closed","ping_status":"closed","template":"","meta":{"_mi_skip_tracking":false,"footnotes":""},"class_list":["post-271","page","type-page","status-publish","hentry"],"_links":{"self":[{"href":"https:\/\/vailly74.fr\/index.php\/wp-json\/wp\/v2\/pages\/271","targetHints":{"allow":["GET"]}}],"collection":[{"href":"https:\/\/vailly74.fr\/index.php\/wp-json\/wp\/v2\/pages"}],"about":[{"href":"https:\/\/vailly74.fr\/index.php\/wp-json\/wp\/v2\/types\/page"}],"author":[{"embeddable":true,"href":"https:\/\/vailly74.fr\/index.php\/wp-json\/wp\/v2\/users\/1"}],"replies":[{"embeddable":true,"href":"https:\/\/vailly74.fr\/index.php\/wp-json\/wp\/v2\/comments?post=271"}],"version-history":[{"count":7,"href":"https:\/\/vailly74.fr\/index.php\/wp-json\/wp\/v2\/pages\/271\/revisions"}],"predecessor-version":[{"id":2498,"href":"https:\/\/vailly74.fr\/index.php\/wp-json\/wp\/v2\/pages\/271\/revisions\/2498"}],"up":[{"embeddable":true,"href":"https:\/\/vailly74.fr\/index.php\/wp-json\/wp\/v2\/pages\/241"}],"wp:attachment":[{"href":"https:\/\/vailly74.fr\/index.php\/wp-json\/wp\/v2\/media?parent=271"}],"curies":[{"name":"wp","href":"https:\/\/api.w.org\/{rel}","templated":true}]}}