{"id":243,"date":"2018-10-18T22:15:54","date_gmt":"2018-10-18T20:15:54","guid":{"rendered":"http:\/\/vailly74.fr\/?page_id=243"},"modified":"2025-12-19T15:21:13","modified_gmt":"2025-12-19T14:21:13","slug":"la-dechetterie","status":"publish","type":"page","link":"https:\/\/vailly74.fr\/index.php\/infos-pratiques\/la-dechetterie\/","title":{"rendered":"La d\u00e9chetterie"},"content":{"rendered":"<p style=\"text-align: center;\"><strong>La D\u00e9chetterie Intercommunale est situ\u00e9e 129 route des Plagnes \u00e0 Vailly.<\/strong><\/p>\n<p><span style=\"color: #386eab;\"><strong>Horaires d\u2019ouverture :<img loading=\"lazy\" decoding=\"async\" class=\"size-medium wp-image-2479 alignright\" src=\"http:\/\/vailly74.fr\/wp-content\/uploads\/2020\/02\/d\u00e9chetterie-300x239.jpeg\" alt=\"\" width=\"300\" height=\"239\" srcset=\"https:\/\/vailly74.fr\/wp-content\/uploads\/2020\/02\/d\u00e9chetterie-300x239.jpeg 300w, https:\/\/vailly74.fr\/wp-content\/uploads\/2020\/02\/d\u00e9chetterie.jpeg 550w\" sizes=\"auto, (max-width: 300px) 100vw, 300px\" \/><\/strong><\/span><\/p>\n<p>Mardi et samedi : 8h30 \u00e0 12h00 et 13h30 \u00e0 17h00<br \/>Jeudi : 8h30 \u00e0 12h00<br \/>La d\u00e9chetterie est ferm\u00e9e les jours f\u00e9ri\u00e9s.<\/p>\n<p>Avant tout d\u00e9chargement, les usagers devront pr\u00e9senter leur carte d\u2019acc\u00e8s nominative* au gardien de la d\u00e9chetterie et faire enregistrer leurs d\u00e9chets. Il est demand\u00e9 aux usagers de pr\u00e9-trier leurs d\u00e9chets avant d\u2019arriver \u00e0 la d\u00e9chetterie afin de faciliter leur d\u00e9chargement.<\/p>\n<p><span style=\"color: #386eab;\"><strong>Conditions d\u2019acc\u00e8s \u00e0 la d\u00e9chetterie<\/strong><\/span><\/p>\n<p>*Une carte d\u2019acc\u00e8s gratuite (par foyer et par entreprise) est obligatoire pour les particuliers et pour les professionnels voulant d\u00e9poser des d\u00e9chets dans les d\u00e9chetteries de la Communaut\u00e9 de Communes du Haut-Chablais (Morzine, Avoriaz, Les Gets, Le Biot et Vailly).<br \/>Pour tout renseignement :<\/p>\n<ul>\n<li>Vous pouvez contacter le service Environnement \u00e0 la CCHC : 04 50 72 07 09<\/li>\n<li>Ou consulter leur site internet\u00a0: <a href=\"https:\/\/www.hautchablais.fr\/page\/les-decheteries\">https:\/\/www.hautchablais.fr\/page\/les-decheteries<\/a><\/li>\n<\/ul>\n<p><img loading=\"lazy\" decoding=\"async\" class=\"size-full wp-image-2482 alignleft\" src=\"http:\/\/vailly74.fr\/wp-content\/uploads\/2020\/02\/decheterie-signaletique.jpeg\" alt=\"\" width=\"190\" height=\"235\" \/>Pour information, le formulaire de demande est t\u00e9l\u00e9chargeable sur le site Internet de la CCHC dans l&rsquo;onglet \u00ab\u00a0collecte en d\u00e9chetterie\u00a0\u00bb depuis l&rsquo;acc\u00e8s rapide sur leur page d&rsquo;accueil.<\/p>\n<p>Vous y trouverez \u00e9galement toutes les informations n\u00e9cessaires.<\/p>\n<p>&#8211; Pour t\u00e9l\u00e9charger le formulaire de demande de carte d&rsquo;acc\u00e8s \u00e0 la d\u00e9chetterie : <a href=\"http:\/\/vailly74.fr\/wp-content\/uploads\/2021\/02\/Formulaire-de-demande-de-carte-dacces-aux-decheteries.pdf\" target=\"_blank\" rel=\"noopener\"><em>cliquez ici<\/em><\/a><br \/>&#8211; Pour t\u00e9l\u00e9charger le r\u00e8glement de la d\u00e9chetterie : <em><a href=\"http:\/\/vailly74.fr\/wp-content\/uploads\/2021\/02\/Reglement-interieur-des-decheteries-CCHC-2021.pdf\" target=\"_blank\" rel=\"noopener\">cliquez ici (en fran\u00e7ais)<\/a> \/\u00a0<a href=\"http:\/\/vailly74.fr\/wp-content\/uploads\/2021\/02\/Reglement-interieur-des-decheteries-CCHC-2021-ANG.pdf\" target=\"_blank\" rel=\"noopener\">cliquez ici (en anglais)<\/a><\/em><br \/>&#8211; Pour t\u00e9l\u00e9charger la note d&rsquo;information : <em><a href=\"http:\/\/vailly74.fr\/wp-content\/uploads\/2018\/11\/20181121_DECHETERIE-NOTE.pdf\" target=\"_blank\" rel=\"noopener\">cliquez ici<\/a><\/em><strong><br \/><\/strong><\/p>\n\n\n<p><\/p>\n","protected":false},"excerpt":{"rendered":"<p>La D\u00e9chetterie Intercommunale est situ\u00e9e 129 route des Plagnes \u00e0 Vailly. Horaires d\u2019ouverture : Mardi et samedi : 8h30 \u00e0 12h00 et 13h30 \u00e0 17h00Jeudi : 8h30 \u00e0 12h00La d\u00e9chetterie est ferm\u00e9e les jours f\u00e9ri\u00e9s. Avant tout d\u00e9chargement, les usagers<\/p>\n","protected":false},"author":1,"featured_media":0,"parent":241,"menu_order":2,"comment_status":"closed","ping_status":"closed","template":"","meta":{"_mi_skip_tracking":false,"footnotes":""},"class_list":["post-243","page","type-page","status-publish","hentry"],"_links":{"self":[{"href":"https:\/\/vailly74.fr\/index.php\/wp-json\/wp\/v2\/pages\/243","targetHints":{"allow":["GET"]}}],"collection":[{"href":"https:\/\/vailly74.fr\/index.php\/wp-json\/wp\/v2\/pages"}],"about":[{"href":"https:\/\/vailly74.fr\/index.php\/wp-json\/wp\/v2\/types\/page"}],"author":[{"embeddable":true,"href":"https:\/\/vailly74.fr\/index.php\/wp-json\/wp\/v2\/users\/1"}],"replies":[{"embeddable":true,"href":"https:\/\/vailly74.fr\/index.php\/wp-json\/wp\/v2\/comments?post=243"}],"version-history":[{"count":23,"href":"https:\/\/vailly74.fr\/index.php\/wp-json\/wp\/v2\/pages\/243\/revisions"}],"predecessor-version":[{"id":5891,"href":"https:\/\/vailly74.fr\/index.php\/wp-json\/wp\/v2\/pages\/243\/revisions\/5891"}],"up":[{"embeddable":true,"href":"https:\/\/vailly74.fr\/index.php\/wp-json\/wp\/v2\/pages\/241"}],"wp:attachment":[{"href":"https:\/\/vailly74.fr\/index.php\/wp-json\/wp\/v2\/media?parent=243"}],"curies":[{"name":"wp","href":"https:\/\/api.w.org\/{rel}","templated":true}]}}