{"id":223,"date":"2018-10-16T21:19:25","date_gmt":"2018-10-16T19:19:25","guid":{"rendered":"http:\/\/vailly74.fr\/?page_id=223"},"modified":"2024-09-06T14:18:14","modified_gmt":"2024-09-06T12:18:14","slug":"commissions-municipales","status":"publish","type":"page","link":"https:\/\/vailly74.fr\/index.php\/vie-municipale\/commissions-municipales\/","title":{"rendered":"Commissions municipales"},"content":{"rendered":"<p><strong><span style=\"color: #386eab;\">&#8211; Commission Voirie, Chemins communaux, R\u00e9seaux (\u00e9lectriques, eau, assainissement collectif), Cimeti\u00e8re<\/span><\/strong><\/p>\n<p>Membres d\u00e9sign\u00e9s : Jean-Marc GIROD, Jean-Marc BOUVIER, Fr\u00e9d\u00e9ric MEYNET et Adrien CHEVALLET.<\/p>\n<p><span style=\"color: #386eab;\"><strong>&#8211; Commission Environnement, For\u00eats, Cadre de vie<\/strong><\/span><\/p>\n<p>Membres d\u00e9sign\u00e9s : Florent FAVRE, Jean-Marc BOUVIER, Adrien CHEVALLET, Jean-Marc GIROD, Jacques LUTEL, Fr\u00e9d\u00e9ric MEYNET et Micha\u00ebl STEHLIN.<\/p>\n<p><span style=\"color: #386eab;\"><strong>&#8211; Commission Agriculture, Alpages<\/strong><\/span><\/p>\n<p>Membres d\u00e9sign\u00e9s : Jean-Marc BOUVIER, Fr\u00e9d\u00e9ric MEYNET, Adrien CHEVALLET, Florent FAVRE, Marie-No\u00eblle FAVRE .<\/p>\n<p><strong><span style=\"color: #386eab;\">&#8211; Commission B\u00e2timents, Patrimoine<\/span><\/strong><\/p>\n<p>Membres d\u00e9sign\u00e9s : Jean-Marc BOUVIER, Florent FAVRE, Jacques LUTEL, Fr\u00e9d\u00e9ric MEYNET et Laurent NAZAIRE.<\/p>\n<p><strong><span style=\"color: #386eab;\">&#8211; Commission Affaires scolaires, Vie associative et culturelle, C\u00e9r\u00e9monies<\/span><\/strong><\/p>\n<p>Membres d\u00e9sign\u00e9s : Micha\u00ebl STEHLIN, Nathalie DELALE-FUKAO, Elodie DUBUISSON, Marie-No\u00eblle FAVRE et Nicole JOSSE-MINDA.<\/p>\n<p><strong><span style=\"color: #386eab;\">&#8211; Commission des Affaires sociales et solidarit\u00e9s<\/span><\/strong><\/p>\n<p>Membres d\u00e9sign\u00e9s : Micha\u00ebl STEHLIN, Laurent NAZAIRE, Nathalie DELALE-FUKAO, Elodie DUBUISSON, Marie-No\u00eblle FAVRE.<\/p>\n<p><strong><span style=\"color: #386eab;\">&#8211; Commission Information et Communication<\/span><\/strong><\/p>\n<p>Membres d\u00e9sign\u00e9s : Laurent NAZAIRE et Micha\u00ebl STEHLIN.<\/p>\n<p><span style=\"color: #386eab;\"><strong>&#8211; Commission Urbanisme<\/strong><\/span><\/p>\n<p>Membres d\u00e9sign\u00e9s : Jean-Marc BOUVIER, Florent FAVRE, Laurent NAZAIRE, Adrien CHEVALLET, Nathalie DELALE-FUKAO, Jean-Marc GIROD et Jacques LUTEL.<\/p>\n<p><strong><span style=\"color: #386eab;\">&#8211; Commission PLUi-H<\/span><\/strong><\/p>\n<p>Membres d\u00e9sign\u00e9s : Nathalie DELALE-FUKAO, Florent FAVRE, Jean-Marc GIROD et Laurent NAZAIRE.<\/p>\n<p><strong><span style=\"color: #386eab;\">&#8211; Commission\u00a0 d&rsquo;Appel d&rsquo;Offres<\/span><\/strong><\/p>\n<p>Membres d\u00e9sign\u00e9s titulaires : Laurent NAZAIRE, Fr\u00e9d\u00e9ric MEYNET et Jacques LUTEL.<\/p>\n<p>Membres d\u00e9sign\u00e9s suppl\u00e9ants : Micha\u00ebl STEHLIN, Jean-Marc BOUVIER et Florent FAVRE.<\/p>\n","protected":false},"excerpt":{"rendered":"<p>&#8211; Commission Voirie, Chemins communaux, R\u00e9seaux (\u00e9lectriques, eau, assainissement collectif), Cimeti\u00e8re Membres d\u00e9sign\u00e9s : Jean-Marc GIROD, Jean-Marc BOUVIER, Fr\u00e9d\u00e9ric MEYNET et Adrien CHEVALLET. &#8211; Commission Environnement, For\u00eats, Cadre de vie Membres d\u00e9sign\u00e9s : Florent FAVRE, Jean-Marc BOUVIER, Adrien CHEVALLET, Jean-Marc<\/p>\n","protected":false},"author":1,"featured_media":0,"parent":196,"menu_order":1,"comment_status":"closed","ping_status":"closed","template":"","meta":{"_mi_skip_tracking":false,"footnotes":""},"class_list":["post-223","page","type-page","status-publish","hentry"],"_links":{"self":[{"href":"https:\/\/vailly74.fr\/index.php\/wp-json\/wp\/v2\/pages\/223","targetHints":{"allow":["GET"]}}],"collection":[{"href":"https:\/\/vailly74.fr\/index.php\/wp-json\/wp\/v2\/pages"}],"about":[{"href":"https:\/\/vailly74.fr\/index.php\/wp-json\/wp\/v2\/types\/page"}],"author":[{"embeddable":true,"href":"https:\/\/vailly74.fr\/index.php\/wp-json\/wp\/v2\/users\/1"}],"replies":[{"embeddable":true,"href":"https:\/\/vailly74.fr\/index.php\/wp-json\/wp\/v2\/comments?post=223"}],"version-history":[{"count":17,"href":"https:\/\/vailly74.fr\/index.php\/wp-json\/wp\/v2\/pages\/223\/revisions"}],"predecessor-version":[{"id":5169,"href":"https:\/\/vailly74.fr\/index.php\/wp-json\/wp\/v2\/pages\/223\/revisions\/5169"}],"up":[{"embeddable":true,"href":"https:\/\/vailly74.fr\/index.php\/wp-json\/wp\/v2\/pages\/196"}],"wp:attachment":[{"href":"https:\/\/vailly74.fr\/index.php\/wp-json\/wp\/v2\/media?parent=223"}],"curies":[{"name":"wp","href":"https:\/\/api.w.org\/{rel}","templated":true}]}}