{"id":209,"date":"2018-10-16T20:56:44","date_gmt":"2018-10-16T18:56:44","guid":{"rendered":"http:\/\/vailly74.fr\/?page_id=209"},"modified":"2026-04-09T14:40:54","modified_gmt":"2026-04-09T12:40:54","slug":"compte-rendus","status":"publish","type":"page","link":"https:\/\/vailly74.fr\/index.php\/vie-municipale\/compte-rendus\/","title":{"rendered":"Comptes rendus CM"},"content":{"rendered":"<p style=\"text-align: center;\"><em><strong><span style=\"color: #e81764;\">Cliquez sur les liens ci-dessous pour t\u00e9l\u00e9charger les comptes rendus des pr\u00e9c\u00e9dentes s\u00e9ances du conseil municipal de Vailly<\/span><span style=\"color: #e81764;\"><br \/><\/span><\/strong><\/em><\/p>\n<p><a href=\"http:\/\/vailly74.fr\/index.php\/vie-municipale\/compte-rendus\/comptes-rendus-2014\/\" target=\"_blank\" rel=\"noopener\">Comptes rendus 2014<\/a><\/p>\n<p><a href=\"http:\/\/vailly74.fr\/index.php\/vie-municipale\/compte-rendus\/comptes-rendus-2015\/\" target=\"_blank\" rel=\"noopener\">Comptes rendus 2015<\/a><\/p>\n<p><a href=\"http:\/\/vailly74.fr\/index.php\/vie-municipale\/compte-rendus\/comptes-rendus-2016\/\" target=\"_blank\" rel=\"noopener\">Comptes rendus 2016<\/a><\/p>\n<p><a href=\"http:\/\/vailly74.fr\/index.php\/vie-municipale\/compte-rendus\/comptes-rendus-de-2017\/\" target=\"_blank\" rel=\"noopener\">Comptes rendus 2017<\/a><\/p>\n<p><a href=\"http:\/\/vailly74.fr\/index.php\/vie-municipale\/compte-rendus\/comptes-rendus-2018\/\" target=\"_blank\" rel=\"noopener\">Comptes rendus 2018<\/a><\/p>\n<p><a href=\"http:\/\/vailly74.fr\/index.php\/comptes-rendus-2019\/\" target=\"_blank\" rel=\"noopener\">Comptes rendus 2019<\/a><\/p>\n<p><a href=\"http:\/\/vailly74.fr\/index.php\/vie-municipale\/compte-rendus\/comptes-rendus-2020\/\" target=\"_blank\" rel=\"noopener\">Comptes rendus 2020<\/a><\/p>\n<p><a href=\"http:\/\/vailly74.fr\/index.php\/vie-municipale\/compte-rendus\/comptes-rendus-2021\/\" target=\"_blank\" rel=\"noopener\">Comptes rendus 2021<\/a><\/p>\n<p><a href=\"https:\/\/vailly74.fr\/index.php\/comptes-rendus-2022\/\">Comptes rendus 2022<\/a><\/p>\n\n\n<p><a href=\"https:\/\/vailly74.fr\/index.php\/comptes-rendus-2023\/\">Comptes rendus 2023<\/a><\/p>\n\n\n\n<p><a href=\"https:\/\/vailly74.fr\/?page_id=4960\">Comptes rendus 2024<\/a><\/p>\n\n\n\n<p><a href=\"https:\/\/vailly74.fr\/index.php\/comptes-rendus-2025\/\" data-type=\"page\" data-id=\"5428\">Comptes rendus 2025<\/a><\/p>\n\n\n\n<p><a href=\"https:\/\/vailly74.fr\/index.php\/compte-rendus-2026\/\" data-type=\"page\" data-id=\"5927\">Comptes rendus 2026<\/a><\/p>\n\n\n\n<p><\/p>\n","protected":false},"excerpt":{"rendered":"<p>Cliquez sur les liens ci-dessous pour t\u00e9l\u00e9charger les comptes rendus des pr\u00e9c\u00e9dentes s\u00e9ances du conseil municipal de Vailly Comptes rendus 2014 Comptes rendus 2015 Comptes rendus 2016 Comptes rendus 2017 Comptes rendus 2018 Comptes rendus 2019 Comptes rendus 2020 Comptes<\/p>\n","protected":false},"author":1,"featured_media":0,"parent":196,"menu_order":2,"comment_status":"closed","ping_status":"closed","template":"","meta":{"_mi_skip_tracking":false,"footnotes":""},"class_list":["post-209","page","type-page","status-publish","hentry"],"_links":{"self":[{"href":"https:\/\/vailly74.fr\/index.php\/wp-json\/wp\/v2\/pages\/209","targetHints":{"allow":["GET"]}}],"collection":[{"href":"https:\/\/vailly74.fr\/index.php\/wp-json\/wp\/v2\/pages"}],"about":[{"href":"https:\/\/vailly74.fr\/index.php\/wp-json\/wp\/v2\/types\/page"}],"author":[{"embeddable":true,"href":"https:\/\/vailly74.fr\/index.php\/wp-json\/wp\/v2\/users\/1"}],"replies":[{"embeddable":true,"href":"https:\/\/vailly74.fr\/index.php\/wp-json\/wp\/v2\/comments?post=209"}],"version-history":[{"count":44,"href":"https:\/\/vailly74.fr\/index.php\/wp-json\/wp\/v2\/pages\/209\/revisions"}],"predecessor-version":[{"id":6069,"href":"https:\/\/vailly74.fr\/index.php\/wp-json\/wp\/v2\/pages\/209\/revisions\/6069"}],"up":[{"embeddable":true,"href":"https:\/\/vailly74.fr\/index.php\/wp-json\/wp\/v2\/pages\/196"}],"wp:attachment":[{"href":"https:\/\/vailly74.fr\/index.php\/wp-json\/wp\/v2\/media?parent=209"}],"curies":[{"name":"wp","href":"https:\/\/api.w.org\/{rel}","templated":true}]}}