{"id":2,"date":"2018-10-12T23:11:27","date_gmt":"2018-10-12T21:11:27","guid":{"rendered":"http:\/\/vailly74.fr\/?page_id=2"},"modified":"2021-05-20T16:54:46","modified_gmt":"2021-05-20T14:54:46","slug":"notre-commune","status":"publish","type":"page","link":"https:\/\/vailly74.fr\/index.php\/notre-commune\/","title":{"rendered":"Notre commune"},"content":{"rendered":"<p>Superficie : 1 889 ha (dont 900 ha de for\u00eat).<\/p>\n<p>Population : 932 habitants au 1er janvier 2021.<\/p>\n<p>Altitude du Chef-Lieu : 786 m\u00e8tres.<\/p>\n<p>19 hameaux : Plamp\u00e9ry, Sous-la-C\u00f4te, la C\u00f4te-d&rsquo;en-Bas, la C\u00f4te-d&rsquo;en-Haut, les Granges Bouvier, Pimberty, Le Sage, Le Lavouet, Les Charges-d&rsquo;en-Bas, Les Charges-d&rsquo;en-Haut, Les Plagnes, le Quart Charri\u00e8re, Chez Perroux, Chez Marphoz, Chez Canivet, La Perri\u00e8re, Les Excoffons, les Aix et le Feu.<\/p>\n<p>Et en quelques mots : situ\u00e9e dans le Chablais, au c\u0153ur de la vall\u00e9e du Brevon, entre Thonon-les-Bains (15 kms) et Annemasse (40 kms), Vailly fait partie de l&rsquo;arrondissement de Thonon-Les-Bains, du canton de Thonon-Est et de la Communaut\u00e9 de Communes du Haut-Chablais.<\/p>\n<p>Ses habitants sont appel\u00e9s \u00ab\u00a0Vaill\u00e9rands et Vaill\u00e9randes\u00a0\u00bb.<\/p>\n<p><span style=\"color: #386eab;\"><strong>Plan d&rsquo;adressage communal<\/strong><\/span><\/p>\n<p>Pour t\u00e9l\u00e9charger le plan d&rsquo;adressage communal, cliquez sur le lien suivant : <a href=\"http:\/\/vailly74.fr\/wp-content\/uploads\/2018\/10\/20180130_PLAN-ADRESSAGE.pdf\" target=\"_blank\" rel=\"noopener noreferrer\">20180130_PLAN ADRESSAGE<\/a><\/p>\n<p><strong><span style=\"color: #386eab;\">Pr\u00e9sentation des armoiries de Vailly<\/span><\/strong><\/p>\n<p><img loading=\"lazy\" decoding=\"async\" class=\"alignnone size-medium wp-image-140 alignright\" src=\"http:\/\/vailly74.fr\/wp-content\/uploads\/2018\/10\/Armoiries-Vailly-233x300.jpg\" alt=\"\" width=\"233\" height=\"300\" srcset=\"https:\/\/vailly74.fr\/wp-content\/uploads\/2018\/10\/Armoiries-Vailly-233x300.jpg 233w, https:\/\/vailly74.fr\/wp-content\/uploads\/2018\/10\/Armoiries-Vailly.jpg 296w\" sizes=\"auto, (max-width: 233px) 100vw, 233px\" \/>Le concours \u00ab Imaginez un blason pour Vailly \u00bb, lanc\u00e9 au d\u00e9but de l&rsquo;ann\u00e9e 2015 a rencontr\u00e9 un franc succ\u00e8s puisque nous avons r\u00e9ceptionn\u00e9 15 propositions.\u00a0 La commission patrimoine s&rsquo;est donc r\u00e9unie afin de n&rsquo;en choisir qu&rsquo;un. Mais ce choix fut particuli\u00e8rement difficile car tous les projets \u00e9taient pertinents et originaux. Par ailleurs, les r\u00e8gles de l&rsquo;h\u00e9raldique \u00e9tant tr\u00e8s strictes, la majorit\u00e9 n\u00e9cessitaient \u00e9galement des ajustements et des corrections. Il a donc \u00e9t\u00e9 d\u00e9cid\u00e9 de composer des armoiries avec les \u00e9l\u00e9ments qui revenaient le plus souvent et ceux qui apportaient une v\u00e9ritable distinction.<\/p>\n<p><span style=\"color: #386eab;\"><strong><em>Voici donc la description de nos armoiries avec le vocabulaire sp\u00e9cifique de l&rsquo;h\u00e9raldique\u00a0<\/em><\/strong><\/span><\/p>\n<p>\u00ab De sinople \u00e0 la ruche d&rsquo;or entour\u00e9e de neuf abeilles de m\u00eame, ondes d&rsquo;argent en pointe ; chauss\u00e9 d&rsquo;or et charg\u00e9 \u00e0 dextre d&rsquo;une croix tr\u00e9fl\u00e9e de sable et d&rsquo;un cerf de tann\u00e9 \u00e0 senestre ; au chef parti : au premier de Savoie (de gueule \u00e0 la croix d&rsquo;argent), au second de Chablais (d&rsquo;argent sem\u00e9 de billettes de sable au lion de m\u00eame, arm\u00e9 et lampass\u00e9 de gueule, brochant sur le tout). \u00bb<\/p>\n<p>(Pour information : sinople = vert ; or = jaune ; argent= blanc ; sable = noir ; tann\u00e9 = marron ; gueule = rouge \/ dextre = droite et senestre = gauche mais comme les armoiries \u00e9taient souvent repr\u00e9sent\u00e9es sur les boucliers, il faut se placer \u00e0 la place du porteur pour les lire).<\/p>\n<p><strong><span style=\"color: #386eab;\"><em>Explications accompagn\u00e9es du nom des participants qui ont fait ces propositions\u00a0<\/em><\/span><\/strong><\/p>\n<p>Les armoiries de Savoie et du Chablais symbolisent l&rsquo;appartenance \u00e0 un territoire et permettent \u00e9galement d&rsquo;\u00e9tablir une distinction avec les trois autres communes portant le nom de Vailly en France.<\/p>\n<p>La couleur verte rappelle la tradition rurale et pastorale de notre commune.<\/p>\n<p>La s\u00e9paration en V repr\u00e9sente \u00e0 la fois la vall\u00e9e, la confluence entre les deux rivi\u00e8res qui traversent notre village (le Brevon et la Follaz) et la premi\u00e8re lettre de Vailly. Rappelons que Vailly provient du toponyme Vallier, d\u00e9riv\u00e9 du latin Ad Valles \/ Ligara Valles (= au croisement des vall\u00e9es).<\/p>\n<p>L&rsquo;onde d&rsquo;argent symbolise le Brevon qui coule au fond de notre vall\u00e9e et partage la commune en deux parties.<\/p>\n<p>La croix de saint Maurice rappelle la d\u00e9pendance m\u00e9di\u00e9vale \u00e0 l&rsquo;abbaye d&rsquo;Aulps mais peut \u00e9galement faire r\u00e9f\u00e9rence \u00e0 la Communaut\u00e9 de communes du Haut-Chablais, r\u00e9unissant la vall\u00e9e d&rsquo;Aulps et la vall\u00e9e du Brevon.<\/p>\n<p>Le cerf est celui des Fraser of Lovat, anc\u00eatres d&rsquo;Am\u00e9d\u00e9e-Fran\u00e7ois Fr\u00e9zier, personnage illustre de notre village .<\/p>\n<p>La ruche d&rsquo;abeille est l&#8217;embl\u00e8me de l&rsquo;Union Instrumentale de Vailly, plus ancienne association de la vall\u00e9e et v\u00e9ritable institution dans notre commune. C&rsquo;est aussi le symbole de l&rsquo;union.<\/p>\n<p>Toutes les propositions de blasons ont \u00e9t\u00e9 pr\u00e9sent\u00e9es lors de la c\u00e9r\u00e9monie des v\u0153ux 2016. Les armoiries d\u00e9finitives ont fait l&rsquo;objet d&rsquo;une d\u00e9lib\u00e9ration du Conseil municipal apr\u00e8s consultation des services des archives d\u00e9partementales de la Haute-Savoie.<\/p>\n","protected":false},"excerpt":{"rendered":"<p>Superficie : 1 889 ha (dont 900 ha de for\u00eat). Population : 932 habitants au 1er janvier 2021. Altitude du Chef-Lieu : 786 m\u00e8tres. 19 hameaux : Plamp\u00e9ry, Sous-la-C\u00f4te, la C\u00f4te-d&rsquo;en-Bas, la C\u00f4te-d&rsquo;en-Haut, les Granges Bouvier, Pimberty, Le Sage, Le<\/p>\n","protected":false},"author":1,"featured_media":0,"parent":0,"menu_order":0,"comment_status":"closed","ping_status":"open","template":"page-templates\/page-builder.php","meta":{"_mi_skip_tracking":false,"footnotes":""},"class_list":["post-2","page","type-page","status-publish","hentry"],"_links":{"self":[{"href":"https:\/\/vailly74.fr\/index.php\/wp-json\/wp\/v2\/pages\/2","targetHints":{"allow":["GET"]}}],"collection":[{"href":"https:\/\/vailly74.fr\/index.php\/wp-json\/wp\/v2\/pages"}],"about":[{"href":"https:\/\/vailly74.fr\/index.php\/wp-json\/wp\/v2\/types\/page"}],"author":[{"embeddable":true,"href":"https:\/\/vailly74.fr\/index.php\/wp-json\/wp\/v2\/users\/1"}],"replies":[{"embeddable":true,"href":"https:\/\/vailly74.fr\/index.php\/wp-json\/wp\/v2\/comments?post=2"}],"version-history":[{"count":21,"href":"https:\/\/vailly74.fr\/index.php\/wp-json\/wp\/v2\/pages\/2\/revisions"}],"predecessor-version":[{"id":3677,"href":"https:\/\/vailly74.fr\/index.php\/wp-json\/wp\/v2\/pages\/2\/revisions\/3677"}],"wp:attachment":[{"href":"https:\/\/vailly74.fr\/index.php\/wp-json\/wp\/v2\/media?parent=2"}],"curies":[{"name":"wp","href":"https:\/\/api.w.org\/{rel}","templated":true}]}}