{"id":196,"date":"2018-10-16T20:35:42","date_gmt":"2018-10-16T18:35:42","guid":{"rendered":"http:\/\/vailly74.fr\/?page_id=196"},"modified":"2020-12-21T10:16:51","modified_gmt":"2020-12-21T09:16:51","slug":"vie-municipale","status":"publish","type":"page","link":"https:\/\/vailly74.fr\/index.php\/vie-municipale\/","title":{"rendered":"Vie municipale"},"content":{"rendered":"<h3><img loading=\"lazy\" decoding=\"async\" class=\"wp-image-3289 size-large aligncenter\" src=\"http:\/\/vailly74.fr\/wp-content\/uploads\/2020\/11\/PhotoCM-1024x574.png\" alt=\"\" width=\"750\" height=\"420\" srcset=\"https:\/\/vailly74.fr\/wp-content\/uploads\/2020\/11\/PhotoCM-1024x574.png 1024w, https:\/\/vailly74.fr\/wp-content\/uploads\/2020\/11\/PhotoCM-300x168.png 300w, https:\/\/vailly74.fr\/wp-content\/uploads\/2020\/11\/PhotoCM-768x431.png 768w, https:\/\/vailly74.fr\/wp-content\/uploads\/2020\/11\/PhotoCM.png 1054w\" sizes=\"auto, (max-width: 750px) 100vw, 750px\" \/><\/h3>\n<p style=\"text-align: center;\">Le conseil municipal se r\u00e9unit une fois par mois afin de d\u00e9lib\u00e9rer sur les points \u00e0 l\u2019ordre du jour.<\/p>\n<p style=\"text-align: center;\"><em><span style=\"color: #e81764;\"><strong>Les horaires du secr\u00e9tariat de la mairie :<\/strong><\/span><\/em><\/p>\n<p style=\"text-align: center;\">Lundi : 8H30 &#8211; 11H30 \/ 13H30 &#8211; 17h00<br \/>\nMardi : ferm\u00e9<br \/>\nMercredi : ferm\u00e9<br \/>\nJeudi : ferm\u00e9<br \/>\nVendredi : 8h30 &#8211; 11h30 \/ 13h30 &#8211; 18h00<br \/>\nSamedi : ferm\u00e9<\/p>\n<p style=\"text-align: center;\">T\u00e9l. : 04 50 73 80 07 \/ Mail : secretariat@vailly74.fr<\/p>\n<p style=\"text-align: center;\"><span style=\"color: #386eab;\"><em>Madame le maire vous re\u00e7oit sur rendez-vous.<\/em><\/span><\/p>\n","protected":false},"excerpt":{"rendered":"<p>Le conseil municipal se r\u00e9unit une fois par mois afin de d\u00e9lib\u00e9rer sur les points \u00e0 l\u2019ordre du jour. Les horaires du secr\u00e9tariat de la mairie : Lundi : 8H30 &#8211; 11H30 \/ 13H30 &#8211; 17h00 Mardi : ferm\u00e9 Mercredi<\/p>\n","protected":false},"author":1,"featured_media":0,"parent":0,"menu_order":0,"comment_status":"closed","ping_status":"closed","template":"","meta":{"_mi_skip_tracking":false,"footnotes":""},"class_list":["post-196","page","type-page","status-publish","hentry"],"_links":{"self":[{"href":"https:\/\/vailly74.fr\/index.php\/wp-json\/wp\/v2\/pages\/196","targetHints":{"allow":["GET"]}}],"collection":[{"href":"https:\/\/vailly74.fr\/index.php\/wp-json\/wp\/v2\/pages"}],"about":[{"href":"https:\/\/vailly74.fr\/index.php\/wp-json\/wp\/v2\/types\/page"}],"author":[{"embeddable":true,"href":"https:\/\/vailly74.fr\/index.php\/wp-json\/wp\/v2\/users\/1"}],"replies":[{"embeddable":true,"href":"https:\/\/vailly74.fr\/index.php\/wp-json\/wp\/v2\/comments?post=196"}],"version-history":[{"count":11,"href":"https:\/\/vailly74.fr\/index.php\/wp-json\/wp\/v2\/pages\/196\/revisions"}],"predecessor-version":[{"id":3341,"href":"https:\/\/vailly74.fr\/index.php\/wp-json\/wp\/v2\/pages\/196\/revisions\/3341"}],"wp:attachment":[{"href":"https:\/\/vailly74.fr\/index.php\/wp-json\/wp\/v2\/media?parent=196"}],"curies":[{"name":"wp","href":"https:\/\/api.w.org\/{rel}","templated":true}]}}