{"id":1865,"date":"2019-08-02T13:02:37","date_gmt":"2019-08-02T11:02:37","guid":{"rendered":"http:\/\/vailly74.fr\/?page_id=1865"},"modified":"2025-12-19T15:15:05","modified_gmt":"2025-12-19T14:15:05","slug":"eau-et-assainissement","status":"publish","type":"page","link":"https:\/\/vailly74.fr\/index.php\/urbanisme\/eau-et-assainissement\/","title":{"rendered":"Eau et assainissement"},"content":{"rendered":"<p><img loading=\"lazy\" decoding=\"async\" class=\"alignnone size-large wp-image-1888\" src=\"http:\/\/vailly74.fr\/wp-content\/uploads\/2019\/08\/eau_potable-1024x320.jpg\" alt=\"\" width=\"750\" height=\"234\" srcset=\"https:\/\/vailly74.fr\/wp-content\/uploads\/2019\/08\/eau_potable-1024x320.jpg 1024w, https:\/\/vailly74.fr\/wp-content\/uploads\/2019\/08\/eau_potable-300x94.jpg 300w, https:\/\/vailly74.fr\/wp-content\/uploads\/2019\/08\/eau_potable-768x240.jpg 768w, https:\/\/vailly74.fr\/wp-content\/uploads\/2019\/08\/eau_potable.jpg 1920w\" sizes=\"auto, (max-width: 750px) 100vw, 750px\" \/><\/p>\n<p><strong><span style=\"color: #e81764;\">Branchement au r\u00e9seau d&rsquo;eau potable :<\/span><\/strong><\/p>\n<p>Le b\u00e9n\u00e9ficiaire doit faire une demande d&rsquo;autorisation de branchement \u00e0 l&rsquo;eau potable et souscrire au contrat d&rsquo;abonnement au service de distribution d&rsquo;eau potable aupr\u00e8s de la mairie.<\/p>\n<p>Tarif branchement eau\u00a0: 605 \u20ac TTC, d\u00e9compos\u00e9 comme suit\u00a0:<\/p>\n<ul>\n<li>Droit au branchement\u00a0: 220 \u20ac TTC<\/li>\n<li>Forfait mat\u00e9riel et main d\u2019\u0153uvre\u00a0: 385 \u20ac TTC<\/li>\n<\/ul>\n<p>Prix eau au 1<sup>er<\/sup>\/01\/2019\u00a0:<\/p>\n<ul>\n<li>Prix du m\u00e8tre cube d\u2019eau potable\u00a0: 2.22 \u20ac TTC<\/li>\n<li>Location compteur\u00a0: 8.36 \u20ac TTC par compteur<\/li>\n<li>Prime fixe\u00a0: 37.19 \u20ac TTC par compteur<\/li>\n<li>Prix du m\u00e8tre cube d\u2019eau assainissement collectif\u00a0: 1.42 \u20ac TTC<\/li>\n<li>Taxe pollution par m\u00e8tre cube d\u2019eau : 0.28 \u20ac TTC (tarif en vigueur du 1<sup>er<\/sup>\/01\/2019 au 31\/12\/2019)<\/li>\n<li>Modernisation du r\u00e9seau d\u2019assainissement collectif\u00a0par m\u00e8tre cube d\u2019eau : 0.17 \u20ac TTC (tarif en vigueur du 1<sup>er<\/sup>\/01\/2019 au 31\/12\/2019)<\/li>\n<\/ul>\n<p><strong><span style=\"color: #e81764;\">Raccordement au r\u00e9seau d&rsquo;assainissement collectif :<\/span><\/strong><\/p>\n<p><img loading=\"lazy\" decoding=\"async\" class=\"size-full wp-image-1890 alignright\" src=\"http:\/\/vailly74.fr\/wp-content\/uploads\/2019\/08\/csm_Sarrians-AC-schema_3afdb700ad.png\" alt=\"\" width=\"336\" height=\"200\" srcset=\"https:\/\/vailly74.fr\/wp-content\/uploads\/2019\/08\/csm_Sarrians-AC-schema_3afdb700ad.png 336w, https:\/\/vailly74.fr\/wp-content\/uploads\/2019\/08\/csm_Sarrians-AC-schema_3afdb700ad-300x179.png 300w\" sizes=\"auto, (max-width: 336px) 100vw, 336px\" \/><\/p>\n<p>Si le b\u00e9n\u00e9ficiaire est concern\u00e9 par le r\u00e9seau d&rsquo;<strong>assainissement collectif<\/strong> de la commune, il doit obligatoirement faire une demande d&rsquo;autorisation de raccordement aupr\u00e8s de la mairie.<\/p>\n<p>Si le b\u00e9n\u00e9ficiaire est concern\u00e9 par l&rsquo;<strong>assainissement individuel\/non collectif<\/strong> (fosse septique), il doit contacter le SPANC (Services Publics d&rsquo;Assainissement Non Collectif) \u00e0 la Communaut\u00e9 de Communes du Haut-Chablais ou se rendre sur leur site internet :\u00a0<a href=\"https:\/\/www.hautchablais.fr\/page\/assainissement-non-collectif\"><em><span style=\"color: #0000ff;\">cc-hautchablais.fr<\/span><\/em>.<\/a><\/p>\n<p style=\"text-align: left;\">Le r\u00e8glement eau et assainissement communal est consultable en mairie ou au lien suivant : <em><span style=\"color: #0000ff;\"><a style=\"color: #0000ff;\" href=\"http:\/\/vailly74.fr\/wp-content\/uploads\/2019\/06\/R\u00e8glement-Eau-et-Assainissement.pdf\" target=\"_blank\" rel=\"noopener\">cliquez-ici<\/a>.<\/span><\/em><\/p>\n","protected":false},"excerpt":{"rendered":"<p>Branchement au r\u00e9seau d&rsquo;eau potable : Le b\u00e9n\u00e9ficiaire doit faire une demande d&rsquo;autorisation de branchement \u00e0 l&rsquo;eau potable et souscrire au contrat d&rsquo;abonnement au service de distribution d&rsquo;eau potable aupr\u00e8s de la mairie. Tarif branchement eau\u00a0: 605 \u20ac TTC, d\u00e9compos\u00e9<\/p>\n","protected":false},"author":1,"featured_media":0,"parent":648,"menu_order":7,"comment_status":"closed","ping_status":"closed","template":"","meta":{"_mi_skip_tracking":false,"footnotes":""},"class_list":["post-1865","page","type-page","status-publish","hentry"],"_links":{"self":[{"href":"https:\/\/vailly74.fr\/index.php\/wp-json\/wp\/v2\/pages\/1865","targetHints":{"allow":["GET"]}}],"collection":[{"href":"https:\/\/vailly74.fr\/index.php\/wp-json\/wp\/v2\/pages"}],"about":[{"href":"https:\/\/vailly74.fr\/index.php\/wp-json\/wp\/v2\/types\/page"}],"author":[{"embeddable":true,"href":"https:\/\/vailly74.fr\/index.php\/wp-json\/wp\/v2\/users\/1"}],"replies":[{"embeddable":true,"href":"https:\/\/vailly74.fr\/index.php\/wp-json\/wp\/v2\/comments?post=1865"}],"version-history":[{"count":9,"href":"https:\/\/vailly74.fr\/index.php\/wp-json\/wp\/v2\/pages\/1865\/revisions"}],"predecessor-version":[{"id":5889,"href":"https:\/\/vailly74.fr\/index.php\/wp-json\/wp\/v2\/pages\/1865\/revisions\/5889"}],"up":[{"embeddable":true,"href":"https:\/\/vailly74.fr\/index.php\/wp-json\/wp\/v2\/pages\/648"}],"wp:attachment":[{"href":"https:\/\/vailly74.fr\/index.php\/wp-json\/wp\/v2\/media?parent=1865"}],"curies":[{"name":"wp","href":"https:\/\/api.w.org\/{rel}","templated":true}]}}