{"id":1860,"date":"2019-08-01T19:37:28","date_gmt":"2019-08-01T17:37:28","guid":{"rendered":"http:\/\/vailly74.fr\/?page_id=1860"},"modified":"2019-10-08T09:14:36","modified_gmt":"2019-10-08T07:14:36","slug":"asa-des-3-becs","status":"publish","type":"page","link":"https:\/\/vailly74.fr\/index.php\/notre-commune\/asa-des-3-becs\/","title":{"rendered":"ASA des 3 Becs"},"content":{"rendered":"<p style=\"text-align: center;\">Le massif des Trois Becs est situ\u00e9 en Haute-Savoie, au\u00a0c\u0153ur de la vall\u00e9e du Brevon, sur notre commune. Cette r\u00e9alisation, unique par sa taille en for\u00eat priv\u00e9e, a vu le jour. Un projet men\u00e9 en collaboration avec la Chambre d\u2019Agriculture Savoie Mont-Blanc !<\/p>\n<p><img loading=\"lazy\" decoding=\"async\" class=\"wp-image-1874 size-large aligncenter\" src=\"http:\/\/vailly74.fr\/wp-content\/uploads\/2019\/08\/Affiche-COFORET-1024x730.png\" alt=\"\" width=\"750\" height=\"535\" srcset=\"https:\/\/vailly74.fr\/wp-content\/uploads\/2019\/08\/Affiche-COFORET-1024x730.png 1024w, https:\/\/vailly74.fr\/wp-content\/uploads\/2019\/08\/Affiche-COFORET-300x214.png 300w, https:\/\/vailly74.fr\/wp-content\/uploads\/2019\/08\/Affiche-COFORET-768x548.png 768w, https:\/\/vailly74.fr\/wp-content\/uploads\/2019\/08\/Affiche-COFORET.png 1193w\" sizes=\"auto, (max-width: 750px) 100vw, 750px\" \/><\/p>\n<hr \/>\n<p style=\"text-align: center;\"><span style=\"color: #339966;\"><strong>Assembl\u00e9es G\u00e9n\u00e9rales des propri\u00e9taires :<\/strong><\/span><\/p>\n<p style=\"text-align: center;\"><a href=\"http:\/\/vailly74.fr\/wp-content\/uploads\/2019\/09\/2016-06-11_PV_ASA-3-BECS.pdf\" target=\"_blank\" rel=\"noopener\"><em><span style=\"color: #0000ff;\">Compte-rendu du 11 juin 2016<\/span><\/em><\/a><\/p>\n<p style=\"text-align: center;\"><a href=\"http:\/\/vailly74.fr\/wp-content\/uploads\/2019\/08\/2018-12-08_PV_ASA-3-BECS.pdf\" target=\"_blank\" rel=\"noopener\"><em><span style=\"color: #0000ff;\">Compte-rendu du 8 d\u00e9cembre 2018<\/span><\/em><\/a><\/p>\n<hr \/>\n<p style=\"text-align: center;\"><span style=\"color: #339966;\"><strong>R\u00e9union du Syndicat de l&rsquo;ASA des 3 Becs :<\/strong><\/span><\/p>\n<p style=\"text-align: center;\"><a href=\"http:\/\/vailly74.fr\/wp-content\/uploads\/2019\/09\/2016-07-22_PV_ASA-3-BECS.pdf\" target=\"_blank\" rel=\"noopener\"><em><span style=\"color: #0000ff;\">Compte-rendu de la s\u00e9ance du 22 juillet 2016<\/span><\/em><\/a><\/p>\n<p style=\"text-align: center;\"><a href=\"http:\/\/vailly74.fr\/wp-content\/uploads\/2019\/09\/2017-04-14_PV_ASA-3-BECS.pdf\" target=\"_blank\" rel=\"noopener\"><em><span style=\"color: #0000ff;\">Compte-rendu de la s\u00e9ance du 14 avril 2017<\/span><\/em><\/a><\/p>\n<p style=\"text-align: center;\"><em><span style=\"color: #0000ff;\"><a style=\"color: #0000ff;\" href=\"http:\/\/vailly74.fr\/wp-content\/uploads\/2019\/08\/2017-06-27_PV_ASA-3-BECS.pdf\" target=\"_blank\" rel=\"noopener\">Compte-rendu de la s\u00e9ance du 27 juin 2017<\/a><\/span><\/em><\/p>\n<p style=\"text-align: center;\"><a href=\"http:\/\/vailly74.fr\/wp-content\/uploads\/2019\/09\/2017-12-15_PV_ASA-3-BECS.pdf\" target=\"_blank\" rel=\"noopener\"><em><span style=\"color: #0000ff;\">Compte-rendu de la s\u00e9ance du 15 d\u00e9cembre 2017<\/span><\/em><\/a><\/p>\n<p style=\"text-align: center;\"><a href=\"http:\/\/vailly74.fr\/wp-content\/uploads\/2019\/09\/2018-02-09_PV_ASA-3-BECS.pdf\" target=\"_blank\" rel=\"noopener\"><em><span style=\"color: #0000ff;\">Compte-rendu de la s\u00e9ance du 9 f\u00e9vrier 2018<\/span><\/em><\/a><\/p>\n<p style=\"text-align: center;\"><a href=\"http:\/\/vailly74.fr\/wp-content\/uploads\/2019\/08\/2018-04-13_PV_ASA-3-BECS.pdf\" target=\"_blank\" rel=\"noopener\"><em><span style=\"color: #0000ff;\">Compte-rendu de la s\u00e9ance du 13 avril 2018<\/span><\/em><\/a><\/p>\n<p style=\"text-align: center;\"><a href=\"http:\/\/vailly74.fr\/wp-content\/uploads\/2019\/10\/2019-04-12_PV_ASA-3-BECS.pdf\" target=\"_blank\" rel=\"noopener\"><em><span style=\"color: #0000ff;\">Compte-rendu de la s\u00e9ance du 12 avril 2019<\/span><\/em><\/a><\/p>\n","protected":false},"excerpt":{"rendered":"<p>Le massif des Trois Becs est situ\u00e9 en Haute-Savoie, au\u00a0c\u0153ur de la vall\u00e9e du Brevon, sur notre commune. Cette r\u00e9alisation, unique par sa taille en for\u00eat priv\u00e9e, a vu le jour. Un projet men\u00e9 en collaboration avec la Chambre d\u2019Agriculture<\/p>\n","protected":false},"author":1,"featured_media":0,"parent":2,"menu_order":4,"comment_status":"closed","ping_status":"closed","template":"","meta":{"_mi_skip_tracking":false,"footnotes":""},"class_list":["post-1860","page","type-page","status-publish","hentry"],"_links":{"self":[{"href":"https:\/\/vailly74.fr\/index.php\/wp-json\/wp\/v2\/pages\/1860","targetHints":{"allow":["GET"]}}],"collection":[{"href":"https:\/\/vailly74.fr\/index.php\/wp-json\/wp\/v2\/pages"}],"about":[{"href":"https:\/\/vailly74.fr\/index.php\/wp-json\/wp\/v2\/types\/page"}],"author":[{"embeddable":true,"href":"https:\/\/vailly74.fr\/index.php\/wp-json\/wp\/v2\/users\/1"}],"replies":[{"embeddable":true,"href":"https:\/\/vailly74.fr\/index.php\/wp-json\/wp\/v2\/comments?post=1860"}],"version-history":[{"count":9,"href":"https:\/\/vailly74.fr\/index.php\/wp-json\/wp\/v2\/pages\/1860\/revisions"}],"predecessor-version":[{"id":2148,"href":"https:\/\/vailly74.fr\/index.php\/wp-json\/wp\/v2\/pages\/1860\/revisions\/2148"}],"up":[{"embeddable":true,"href":"https:\/\/vailly74.fr\/index.php\/wp-json\/wp\/v2\/pages\/2"}],"wp:attachment":[{"href":"https:\/\/vailly74.fr\/index.php\/wp-json\/wp\/v2\/media?parent=1860"}],"curies":[{"name":"wp","href":"https:\/\/api.w.org\/{rel}","templated":true}]}}