{"id":158,"date":"2018-10-14T20:43:52","date_gmt":"2018-10-14T18:43:52","guid":{"rendered":"http:\/\/vailly74.fr\/?page_id=158"},"modified":"2021-01-08T14:06:21","modified_gmt":"2021-01-08T13:06:21","slug":"projets-et-travaux","status":"publish","type":"page","link":"https:\/\/vailly74.fr\/index.php\/notre-commune\/projets-et-travaux\/","title":{"rendered":"Projets et travaux"},"content":{"rendered":"<p><span style=\"color: #386eab;\"><strong>&#8211; R\u00e9habilitation de l&rsquo;\u00e9cole \u00e9l\u00e9mentaire et de la Mairie<\/strong><\/span><\/p>\n<p>Evoqu\u00e9 depuis plusieurs ann\u00e9es, le projet de r\u00e9habilitation de la mairie-\u00e9cole va bient\u00f4t se concr\u00e9tiser. Les derniers travaux cons\u00e9quents datent du d\u00e9but des ann\u00e9es 2000. Depuis, seules des petites op\u00e9rations de r\u00e9novation et d\u2019entretien ont \u00e9t\u00e9 r\u00e9alis\u00e9es.<img loading=\"lazy\" decoding=\"async\" class=\"size-medium wp-image-3360 alignright\" src=\"http:\/\/vailly74.fr\/wp-content\/uploads\/2021\/01\/P-9-R\u00e9habilitation-de-la-mairie-\u00e9cole-300x225.jpg\" alt=\"\" width=\"300\" height=\"225\" srcset=\"https:\/\/vailly74.fr\/wp-content\/uploads\/2021\/01\/P-9-R\u00e9habilitation-de-la-mairie-\u00e9cole-300x225.jpg 300w, https:\/\/vailly74.fr\/wp-content\/uploads\/2021\/01\/P-9-R\u00e9habilitation-de-la-mairie-\u00e9cole-768x576.jpg 768w, https:\/\/vailly74.fr\/wp-content\/uploads\/2021\/01\/P-9-R\u00e9habilitation-de-la-mairie-\u00e9cole-1024x768.jpg 1024w\" sizes=\"auto, (max-width: 300px) 100vw, 300px\" \/><\/p>\n<p>En 2019, la municipalit\u00e9 a donc lanc\u00e9 une \u00e9tude de faisabilit\u00e9 r\u00e9pondant \u00e0 deux objectifs\u00a0:<\/p>\n<ul>\n<li>pour la partie scolaire\u00a0: cr\u00e9ation de sanitaires, de locaux annexes (bureau de direction, rangements) et la construction d\u2019un pr\u00e9au.<\/li>\n<li>pour la partie mairie\u00a0: r\u00e9alisation d\u2019une entr\u00e9e s\u00e9par\u00e9e, accessibilit\u00e9 pour les personnes \u00e0 mobilit\u00e9 r\u00e9duite et modification des locaux administratifs.<\/li>\n<\/ul>\n<p>L\u2019enveloppe pr\u00e9visionnelle des travaux a \u00e9t\u00e9 estim\u00e9e \u00e0 1\u00a0000\u00a0000\u20ac HT. C\u2019est sur cette base que le Conseil municipal a d\u00e9lib\u00e9r\u00e9 pour d\u00e9poser des demandes de subventions au titre de la Dotation d\u2019Equipement des Territoires Ruraux (DETR \u2013 Etat) et du Contrat D\u00e9partemental d\u2019Avenir et de Solidarit\u00e9 (CDAS \u2013 Conseil D\u00e9partemental de la Haute-Savoie).<\/p>\n<p>Enfin, suite \u00e0 la consultation pour la ma\u00eetrise d\u2019\u0153uvre lanc\u00e9e cet \u00e9t\u00e9, le march\u00e9 a \u00e9t\u00e9 attribu\u00e9 au groupement Conseils Ing\u00e9nierie L\u00e9manique \u2013 Projectec \u2013 Archispott. La phase diagnostic vient donc de d\u00e9buter en concertation avec les \u00e9lus, les repr\u00e9sentants de l\u2019Education Nationale et le personnel communal.<\/p>\n<p><span style=\"color: #386eab;\"><strong>&#8211; Am\u00e9nagement et s\u00e9curisation du Chef-Lieu, de Sous-la-C\u00f4te et du Lavouet<\/strong><\/span><\/p>\n<p>Depuis plusieurs mois, la commune de Vailly a engag\u00e9 une r\u00e9flexion avec un bureau d\u2019\u00e9tudes, en concertation avec le Conseil D\u00e9partemental de la Haute-Savoie, afin d\u2019am\u00e9nager, embellir et s\u00e9curiser les circulations pi\u00e9tonnes de trois secteurs\u00a0:<\/p>\n<ul>\n<li>Le premier secteur concerne la travers\u00e9e du chef-lieu. Cette section de la RD22 est enti\u00e8rement situ\u00e9e en agglom\u00e9ration, la longueur \u00e0 am\u00e9nager est d\u2019environ 450m ;<img loading=\"lazy\" decoding=\"async\" class=\"size-medium wp-image-3361 alignright\" src=\"http:\/\/vailly74.fr\/wp-content\/uploads\/2021\/01\/P-9-S\u00e9curisation-de-la-travers\u00e9e-du-Chef-Lieu-300x217.jpg\" alt=\"\" width=\"300\" height=\"217\" srcset=\"https:\/\/vailly74.fr\/wp-content\/uploads\/2021\/01\/P-9-S\u00e9curisation-de-la-travers\u00e9e-du-Chef-Lieu-300x217.jpg 300w, https:\/\/vailly74.fr\/wp-content\/uploads\/2021\/01\/P-9-S\u00e9curisation-de-la-travers\u00e9e-du-Chef-Lieu-768x556.jpg 768w, https:\/\/vailly74.fr\/wp-content\/uploads\/2021\/01\/P-9-S\u00e9curisation-de-la-travers\u00e9e-du-Chef-Lieu.jpg 941w\" sizes=\"auto, (max-width: 300px) 100vw, 300px\" \/><\/li>\n<li>Le second secteur se situe sur le hameau de Sous-la-C\u00f4te au croisement entre la RD22 et la RD26 ;<\/li>\n<li>Le dernier secteur se situe sur le hameau du Lavouet.<\/li>\n<\/ul>\n<p>Les objectifs principaux de ces am\u00e9nagements sont de cr\u00e9er un cheminement pi\u00e9ton continu, de favoriser le respect des vitesses en agglom\u00e9ration et de mettre aux normes les arr\u00eats de bus existants, d\u2019am\u00e9liorer et de valoriser les entr\u00e9es, les stationnements et les \u00e9l\u00e9ments patrimoniaux de la commune.<\/p>\n<p>Les travaux qui seront d\u00e9compos\u00e9s en trois tranches, pourront \u00eatre engag\u00e9s dans le courant de l\u2019ann\u00e9e 2021. Ils seront pr\u00e9c\u00e9d\u00e9s pour certains \u00e9quipements, d\u2019une <strong><u>phase test<\/u><\/strong> localis\u00e9e qui permettra d\u2019avoir la vision globale de l&rsquo;am\u00e9nagement et d\u2019analyser son appropriation par les usagers.<\/p>\n<p>La r\u00e9alisation d\u2019am\u00e9nagements de s\u00e9curit\u00e9 sur les RD22 et RD26 (voies class\u00e9es en R\u00e9seau Economique dans le r\u00e9seau routier d\u00e9partemental) seront cons\u00e9quents, et les enjeux majeurs pour la s\u00e9curit\u00e9 et la mobilit\u00e9.<\/p>\n<p>En octobre, la commune a adress\u00e9 son dossier au Pr\u00e9sident du Conseil D\u00e9partemental de la Haute-Savoie afin de solliciter :<\/p>\n<ul>\n<li>Un avis technique de la commission comp\u00e9tente du D\u00e9partement de la Haute Savoie ;<\/li>\n<li>Une participation financi\u00e8re pour l\u2019ensemble des travaux.<\/li>\n<\/ul>\n","protected":false},"excerpt":{"rendered":"<p>&#8211; R\u00e9habilitation de l&rsquo;\u00e9cole \u00e9l\u00e9mentaire et de la Mairie Evoqu\u00e9 depuis plusieurs ann\u00e9es, le projet de r\u00e9habilitation de la mairie-\u00e9cole va bient\u00f4t se concr\u00e9tiser. Les derniers travaux cons\u00e9quents datent du d\u00e9but des ann\u00e9es 2000. Depuis, seules des petites op\u00e9rations de<\/p>\n","protected":false},"author":1,"featured_media":0,"parent":2,"menu_order":3,"comment_status":"closed","ping_status":"closed","template":"","meta":{"_mi_skip_tracking":false,"footnotes":""},"class_list":["post-158","page","type-page","status-publish","hentry"],"_links":{"self":[{"href":"https:\/\/vailly74.fr\/index.php\/wp-json\/wp\/v2\/pages\/158","targetHints":{"allow":["GET"]}}],"collection":[{"href":"https:\/\/vailly74.fr\/index.php\/wp-json\/wp\/v2\/pages"}],"about":[{"href":"https:\/\/vailly74.fr\/index.php\/wp-json\/wp\/v2\/types\/page"}],"author":[{"embeddable":true,"href":"https:\/\/vailly74.fr\/index.php\/wp-json\/wp\/v2\/users\/1"}],"replies":[{"embeddable":true,"href":"https:\/\/vailly74.fr\/index.php\/wp-json\/wp\/v2\/comments?post=158"}],"version-history":[{"count":13,"href":"https:\/\/vailly74.fr\/index.php\/wp-json\/wp\/v2\/pages\/158\/revisions"}],"predecessor-version":[{"id":3364,"href":"https:\/\/vailly74.fr\/index.php\/wp-json\/wp\/v2\/pages\/158\/revisions\/3364"}],"up":[{"embeddable":true,"href":"https:\/\/vailly74.fr\/index.php\/wp-json\/wp\/v2\/pages\/2"}],"wp:attachment":[{"href":"https:\/\/vailly74.fr\/index.php\/wp-json\/wp\/v2\/media?parent=158"}],"curies":[{"name":"wp","href":"https:\/\/api.w.org\/{rel}","templated":true}]}}