{"id":146,"date":"2018-10-14T20:08:12","date_gmt":"2018-10-14T18:08:12","guid":{"rendered":"http:\/\/vailly74.fr\/?page_id=146"},"modified":"2019-08-05T11:50:35","modified_gmt":"2019-08-05T09:50:35","slug":"histoire","status":"publish","type":"page","link":"https:\/\/vailly74.fr\/index.php\/notre-commune\/histoire\/","title":{"rendered":"Histoire"},"content":{"rendered":"<p>L\u2019abb\u00e9 Jean-Fran\u00e7ois Gonthier qui, \u00e0 la fin du XIX\u00e8me si\u00e8cle s\u2019est int\u00e9ress\u00e9 \u00e0 l\u2019histoire de Notre-Dame d\u2019Hermone, s\u2019est pench\u00e9 de plus pr\u00e8s sur l\u2019origine du nom Vailly.<\/p>\n<p>On d\u00e9couvre alors\u00a0que ce toponyme\u00a0serait d\u00e9riv\u00e9 du latin Valliacum, ce qui signifie domaine de Vallius (nom d\u2019un citoyen romain qui se serait install\u00e9 dans notre vall\u00e9e).<\/p>\n<p>Il fait donc remonter l\u2019histoire du village au temps de l\u2019Empire Romain. D\u2019ailleurs, cette hypoth\u00e8se\u00a0est s\u00e9duisante\u00a0puisque des pi\u00e8ces d\u2019\u00e9poque romaine ont \u00e9t\u00e9 retrouv\u00e9es du c\u00f4t\u00e9 de Reyvroz et l\u2019on sait qu\u2019une route secondaire existait probablement entre Thonon et le col de Jambaz (commune de Bellevaux).<\/p>\n<p>Toutefois, le Dictionnaire du Duch\u00e9 de Savoie, publi\u00e9 en 1840, nous offre une explication plus vraisemblable. En effet, jusqu\u2019au XVII\u00e8me si\u00e8cle, notre village est mentionn\u00e9 sous le nom de Vallier, toponyme d\u00e9riv\u00e9 d\u2019Ad Valles \/ Ligara Valles (= au croisement des vall\u00e9es).<\/p>\n<p>La situation g\u00e9ographique de Vailly, \u00e0 l\u2019embranchement de la vall\u00e9e de Lullin (ou de la Follaz) et de la vall\u00e9e Bellevaux, conforte cette seconde hypoth\u00e8se.<\/p>\n","protected":false},"excerpt":{"rendered":"<p>L\u2019abb\u00e9 Jean-Fran\u00e7ois Gonthier qui, \u00e0 la fin du XIX\u00e8me si\u00e8cle s\u2019est int\u00e9ress\u00e9 \u00e0 l\u2019histoire de Notre-Dame d\u2019Hermone, s\u2019est pench\u00e9 de plus pr\u00e8s sur l\u2019origine du nom Vailly. On d\u00e9couvre alors\u00a0que ce toponyme\u00a0serait d\u00e9riv\u00e9 du latin Valliacum, ce qui signifie domaine<\/p>\n","protected":false},"author":1,"featured_media":0,"parent":2,"menu_order":1,"comment_status":"closed","ping_status":"closed","template":"","meta":{"_mi_skip_tracking":false,"footnotes":""},"class_list":["post-146","page","type-page","status-publish","hentry"],"_links":{"self":[{"href":"https:\/\/vailly74.fr\/index.php\/wp-json\/wp\/v2\/pages\/146","targetHints":{"allow":["GET"]}}],"collection":[{"href":"https:\/\/vailly74.fr\/index.php\/wp-json\/wp\/v2\/pages"}],"about":[{"href":"https:\/\/vailly74.fr\/index.php\/wp-json\/wp\/v2\/types\/page"}],"author":[{"embeddable":true,"href":"https:\/\/vailly74.fr\/index.php\/wp-json\/wp\/v2\/users\/1"}],"replies":[{"embeddable":true,"href":"https:\/\/vailly74.fr\/index.php\/wp-json\/wp\/v2\/comments?post=146"}],"version-history":[{"count":2,"href":"https:\/\/vailly74.fr\/index.php\/wp-json\/wp\/v2\/pages\/146\/revisions"}],"predecessor-version":[{"id":149,"href":"https:\/\/vailly74.fr\/index.php\/wp-json\/wp\/v2\/pages\/146\/revisions\/149"}],"up":[{"embeddable":true,"href":"https:\/\/vailly74.fr\/index.php\/wp-json\/wp\/v2\/pages\/2"}],"wp:attachment":[{"href":"https:\/\/vailly74.fr\/index.php\/wp-json\/wp\/v2\/media?parent=146"}],"curies":[{"name":"wp","href":"https:\/\/api.w.org\/{rel}","templated":true}]}}