{"id":1028,"date":"2019-02-13T10:40:17","date_gmt":"2019-02-13T09:40:17","guid":{"rendered":"http:\/\/vailly74.fr\/?page_id=1028"},"modified":"2020-02-04T14:12:24","modified_gmt":"2020-02-04T13:12:24","slug":"sortie-de-territoire","status":"publish","type":"page","link":"https:\/\/vailly74.fr\/index.php\/demarche-administrative\/sortie-de-territoire\/","title":{"rendered":"Autorisation de sortie de territoire"},"content":{"rendered":"<p><img loading=\"lazy\" decoding=\"async\" class=\"alignnone wp-image-2470 \" src=\"http:\/\/vailly74.fr\/wp-content\/uploads\/2020\/02\/ASTM-300x300.jpg\" alt=\"\" width=\"207\" height=\"207\" srcset=\"https:\/\/vailly74.fr\/wp-content\/uploads\/2020\/02\/ASTM-300x300.jpg 300w, https:\/\/vailly74.fr\/wp-content\/uploads\/2020\/02\/ASTM-150x150.jpg 150w, https:\/\/vailly74.fr\/wp-content\/uploads\/2020\/02\/ASTM-270x270.jpg 270w, https:\/\/vailly74.fr\/wp-content\/uploads\/2020\/02\/ASTM-230x230.jpg 230w, https:\/\/vailly74.fr\/wp-content\/uploads\/2020\/02\/ASTM.jpg 600w\" sizes=\"auto, (max-width: 207px) 100vw, 207px\" \/><\/p>\n<p><span style=\"color: #000000;\">Un enfant mineur qui vit en France et voyage \u00e0 l&rsquo;\u00e9tranger sans \u00eatre accompagn\u00e9 par l&rsquo;un de ses parents doit \u00eatre muni d&rsquo;une autorisation de sortie du territoire (AST).<\/span><\/p>\n<p><span style=\"color: #000000;\">Il s&rsquo;agit d&rsquo;un formulaire \u00e9tabli et sign\u00e9 par un parent (ou responsable l\u00e9gal). Un enfant voyageant avec son p\u00e8re ou sa m\u00e8re n&rsquo;a donc pas besoin d&rsquo;une AST.<\/span><\/p>\n<p><span style=\"color: #000000;\">Le formulaire doit \u00eatre accompagn\u00e9 de la photocopie d&rsquo;une pi\u00e8ce d&rsquo;identit\u00e9 du parent signataire.<\/span><\/p>\n<p><span style=\"color: #000000;\">Aucun d\u00e9placement en mairie ou en pr\u00e9fecture n&rsquo;est n\u00e9cessaire.<\/span><\/p>\n<blockquote>\n<p style=\"text-align: center;\"><span style=\"color: #000000;\"><strong>Formulaire en ligne :<\/strong><\/span> <a href=\"https:\/\/www.service-public.fr\/particuliers\/vosdroits\/F1359\">https:\/\/www.service-public.fr\/particuliers\/vosdroits\/F1359<\/a><\/p>\n<\/blockquote>\n","protected":false},"excerpt":{"rendered":"<p>Un enfant mineur qui vit en France et voyage \u00e0 l&rsquo;\u00e9tranger sans \u00eatre accompagn\u00e9 par l&rsquo;un de ses parents doit \u00eatre muni d&rsquo;une autorisation de sortie du territoire (AST). Il s&rsquo;agit d&rsquo;un formulaire \u00e9tabli et sign\u00e9 par un parent (ou<\/p>\n","protected":false},"author":1,"featured_media":0,"parent":1016,"menu_order":7,"comment_status":"closed","ping_status":"closed","template":"","meta":{"_mi_skip_tracking":false,"footnotes":""},"class_list":["post-1028","page","type-page","status-publish","hentry"],"_links":{"self":[{"href":"https:\/\/vailly74.fr\/index.php\/wp-json\/wp\/v2\/pages\/1028","targetHints":{"allow":["GET"]}}],"collection":[{"href":"https:\/\/vailly74.fr\/index.php\/wp-json\/wp\/v2\/pages"}],"about":[{"href":"https:\/\/vailly74.fr\/index.php\/wp-json\/wp\/v2\/types\/page"}],"author":[{"embeddable":true,"href":"https:\/\/vailly74.fr\/index.php\/wp-json\/wp\/v2\/users\/1"}],"replies":[{"embeddable":true,"href":"https:\/\/vailly74.fr\/index.php\/wp-json\/wp\/v2\/comments?post=1028"}],"version-history":[{"count":6,"href":"https:\/\/vailly74.fr\/index.php\/wp-json\/wp\/v2\/pages\/1028\/revisions"}],"predecessor-version":[{"id":2472,"href":"https:\/\/vailly74.fr\/index.php\/wp-json\/wp\/v2\/pages\/1028\/revisions\/2472"}],"up":[{"embeddable":true,"href":"https:\/\/vailly74.fr\/index.php\/wp-json\/wp\/v2\/pages\/1016"}],"wp:attachment":[{"href":"https:\/\/vailly74.fr\/index.php\/wp-json\/wp\/v2\/media?parent=1028"}],"curies":[{"name":"wp","href":"https:\/\/api.w.org\/{rel}","templated":true}]}}