{"id":1026,"date":"2019-02-13T10:40:17","date_gmt":"2019-02-13T09:40:17","guid":{"rendered":"http:\/\/vailly74.fr\/?page_id=1026"},"modified":"2020-02-04T14:14:05","modified_gmt":"2020-02-04T13:14:05","slug":"legalisation-de-signature","status":"publish","type":"page","link":"https:\/\/vailly74.fr\/index.php\/demarche-administrative\/legalisation-de-signature\/","title":{"rendered":"L\u00e9galisation de signature"},"content":{"rendered":"<p>La l\u00e9galisation d&rsquo;une signature sert \u00e0 authentifier votre propre signature lorsqu&rsquo;elle est appos\u00e9e sur un acte qui a \u00e9t\u00e9 r\u00e9dig\u00e9 et sign\u00e9 sans la pr\u00e9sence d&rsquo;un notaire.<\/p>\n<p>La proc\u00e9dure sert \u00e0 v\u00e9rifier que vous \u00eates bien la personne concern\u00e9e par le document.<\/p>\n<p>Vous devez vous adresser \u00e0 la mairie de votre domicile. Il faut pr\u00e9senter les documents suivants\u00a0:<\/p>\n<ul>\n<li>Pi\u00e8ce avec la signature \u00e0 l\u00e9galiser ;<\/li>\n<li>Pi\u00e8ce d&rsquo;identit\u00e9 sur laquelle figure votre signature.<\/li>\n<\/ul>\n<p>L&rsquo;authentification de votre signature se fait obligatoirement en votre pr\u00e9sence.<\/p>\n<p>Vous devez signer au guichet devant l&rsquo;agent.<\/p>\n<p>La d\u00e9marche est gratuit en mairie.<\/p>\n<blockquote>\n<p style=\"text-align: center;\"><span style=\"color: #386eab;\"><strong>Consultez les informations via :<\/strong> <a href=\"https:\/\/www.service-public.fr\/particuliers\/vosdroits\/F1411\">https:\/\/www.service-public.fr\/particuliers\/vosdroits\/F1411<\/a><\/span><\/p>\n<\/blockquote>\n","protected":false},"excerpt":{"rendered":"<p>La l\u00e9galisation d&rsquo;une signature sert \u00e0 authentifier votre propre signature lorsqu&rsquo;elle est appos\u00e9e sur un acte qui a \u00e9t\u00e9 r\u00e9dig\u00e9 et sign\u00e9 sans la pr\u00e9sence d&rsquo;un notaire. La proc\u00e9dure sert \u00e0 v\u00e9rifier que vous \u00eates bien la personne concern\u00e9e par<\/p>\n","protected":false},"author":1,"featured_media":0,"parent":1016,"menu_order":6,"comment_status":"closed","ping_status":"closed","template":"","meta":{"_mi_skip_tracking":false,"footnotes":""},"class_list":["post-1026","page","type-page","status-publish","hentry"],"_links":{"self":[{"href":"https:\/\/vailly74.fr\/index.php\/wp-json\/wp\/v2\/pages\/1026","targetHints":{"allow":["GET"]}}],"collection":[{"href":"https:\/\/vailly74.fr\/index.php\/wp-json\/wp\/v2\/pages"}],"about":[{"href":"https:\/\/vailly74.fr\/index.php\/wp-json\/wp\/v2\/types\/page"}],"author":[{"embeddable":true,"href":"https:\/\/vailly74.fr\/index.php\/wp-json\/wp\/v2\/users\/1"}],"replies":[{"embeddable":true,"href":"https:\/\/vailly74.fr\/index.php\/wp-json\/wp\/v2\/comments?post=1026"}],"version-history":[{"count":6,"href":"https:\/\/vailly74.fr\/index.php\/wp-json\/wp\/v2\/pages\/1026\/revisions"}],"predecessor-version":[{"id":2473,"href":"https:\/\/vailly74.fr\/index.php\/wp-json\/wp\/v2\/pages\/1026\/revisions\/2473"}],"up":[{"embeddable":true,"href":"https:\/\/vailly74.fr\/index.php\/wp-json\/wp\/v2\/pages\/1016"}],"wp:attachment":[{"href":"https:\/\/vailly74.fr\/index.php\/wp-json\/wp\/v2\/media?parent=1026"}],"curies":[{"name":"wp","href":"https:\/\/api.w.org\/{rel}","templated":true}]}}