{"id":1025,"date":"2019-02-13T10:40:17","date_gmt":"2019-02-13T09:40:17","guid":{"rendered":"http:\/\/vailly74.fr\/?page_id=1025"},"modified":"2019-05-28T16:28:46","modified_gmt":"2019-05-28T14:28:46","slug":"etat-civil","status":"publish","type":"page","link":"https:\/\/vailly74.fr\/index.php\/demarche-administrative\/etat-civil\/","title":{"rendered":"Etat civil"},"content":{"rendered":"<div id=\"intro\" class=\"lead\">\n<p>Certaines d\u00e9marches n\u00e9cessitent la production d&rsquo;actes d&rsquo;\u00e9tat civil (acte de naissance, de mariage, de d\u00e9c\u00e8s).<\/p>\n<\/div>\n<p>Le service Etat Civil ne peut fournir des actes uniquement si ces derniers ont \u00e9t\u00e9 \u00e9tablis dans notre commune.<br \/>\nEn application des textes en vigueur, peuvent \u00eatre obtenus les actes de naissance et de mariage concernant les ascendants et descendants du demandeur.<br \/>\nSeules les administrations publiques et les notaires peuvent avoir acc\u00e8s aux pi\u00e8ces d\u2019\u00e9tat-civil d\u2019un tiers.<\/p>\n<p>&nbsp;<\/p>\n<p>Pour toutes demande merci de contacter le secr\u00e9tariat de mairie : 04. 50.73. 80.07 \/ <a href=\"mailto:secretariat@vailly74.fr\">secretariat@vailly74.fr<\/a><\/p>\n","protected":false},"excerpt":{"rendered":"<p>Certaines d\u00e9marches n\u00e9cessitent la production d&rsquo;actes d&rsquo;\u00e9tat civil (acte de naissance, de mariage, de d\u00e9c\u00e8s). Le service Etat Civil ne peut fournir des actes uniquement si ces derniers ont \u00e9t\u00e9 \u00e9tablis dans notre commune. En application des textes en vigueur,<\/p>\n","protected":false},"author":1,"featured_media":0,"parent":1016,"menu_order":5,"comment_status":"closed","ping_status":"closed","template":"","meta":{"_mi_skip_tracking":false,"footnotes":""},"class_list":["post-1025","page","type-page","status-publish","hentry"],"_links":{"self":[{"href":"https:\/\/vailly74.fr\/index.php\/wp-json\/wp\/v2\/pages\/1025","targetHints":{"allow":["GET"]}}],"collection":[{"href":"https:\/\/vailly74.fr\/index.php\/wp-json\/wp\/v2\/pages"}],"about":[{"href":"https:\/\/vailly74.fr\/index.php\/wp-json\/wp\/v2\/types\/page"}],"author":[{"embeddable":true,"href":"https:\/\/vailly74.fr\/index.php\/wp-json\/wp\/v2\/users\/1"}],"replies":[{"embeddable":true,"href":"https:\/\/vailly74.fr\/index.php\/wp-json\/wp\/v2\/comments?post=1025"}],"version-history":[{"count":3,"href":"https:\/\/vailly74.fr\/index.php\/wp-json\/wp\/v2\/pages\/1025\/revisions"}],"predecessor-version":[{"id":1057,"href":"https:\/\/vailly74.fr\/index.php\/wp-json\/wp\/v2\/pages\/1025\/revisions\/1057"}],"up":[{"embeddable":true,"href":"https:\/\/vailly74.fr\/index.php\/wp-json\/wp\/v2\/pages\/1016"}],"wp:attachment":[{"href":"https:\/\/vailly74.fr\/index.php\/wp-json\/wp\/v2\/media?parent=1025"}],"curies":[{"name":"wp","href":"https:\/\/api.w.org\/{rel}","templated":true}]}}