{"id":1024,"date":"2019-02-13T10:40:17","date_gmt":"2019-02-13T09:40:17","guid":{"rendered":"http:\/\/vailly74.fr\/?page_id=1024"},"modified":"2024-09-06T14:36:39","modified_gmt":"2024-09-06T12:36:39","slug":"election","status":"publish","type":"page","link":"https:\/\/vailly74.fr\/index.php\/demarche-administrative\/election\/","title":{"rendered":"Election"},"content":{"rendered":"<h2 class=\"wp-block-heading\">Conditions d\u2019inscription<\/h2>\n<ul>\n<li>Etre majeur (18 ans) au moins la veille du 1er tour de scrutin ;<\/li>\n<li>Etre de nationalit\u00e9 fran\u00e7aise ou europ\u00e9enne (uniquement pour les \u00e9lections municipales et europ\u00e9ennes ;<\/li>\n<li>Etre domicili\u00e9 dans la commune \/ y r\u00e9sider depuis plus de 6 mois \/ \u00eatre contribuable et justifier de 2 ann\u00e9es d\u2019imposition cons\u00e9cutives sur la commune ;<\/li>\n<li>Jouir de ses droits civils et politiques.<\/li>\n<\/ul>\n<p>L\u2019inscription sur la liste \u00e9lectorale est automatique pour les jeunes de 18 ans si les formalit\u00e9s de recensement militaires ont \u00e9t\u00e9 accomplies.<br \/>\nEn dehors de cette situation, notamment en cas de d\u00e9m\u00e9nagement , l\u2019inscription sur les listes \u00e9lectorales doit faire l\u2019objet d\u2019une demande volontaire en mairie.<\/p>\n<h2 class=\"wp-block-heading\">Modification d\u2019inscription sur les listes \u00e9lectorales<\/h2>\n<p>Suite \u00e0 l\u2019entr\u00e9e en vigueur de la r\u00e9forme des listes \u00e9lectorales, vous avez d\u00e9sormais la possibilit\u00e9 de vous inscrire sur les listes \u00e9lectorales en mairie toute l\u2019ann\u00e9e et, en vue d\u2019un scrutin, jusqu\u2019au 6<sup>e<\/sup> vendredi pr\u00e9c\u00e9dant ce scrutin.\u00a0Les inscriptions sont possibles d\u00e8s \u00e0 pr\u00e9sent<em>.<\/em><\/p>\n<p><strong>3 POSSIBILITES POUR S&rsquo;INSCRIRE<\/strong><br \/>\n&#8211; Remplir le dossier en ligne : les inscriptions en ligne se font uniquement <em>via<\/em> <a href=\"https:\/\/www.service-public.fr\/particuliers\/vosdroits\/N47\" target=\"_blank\" rel=\"noopener\">service-public.fr<\/a>.<br \/>\n&#8211; En se rendant en mairie : se pr\u00e9senter soi-m\u00eame ou envoyer un tiers d\u00fbment mandat\u00e9 (attestation sur papier libre) avec le <a href=\"https:\/\/www.formulaires.modernisation.gouv.fr\/gf\/cerfa_12669.do\" target=\"_blank\" rel=\"noopener\">formulaire cerfa<\/a> d\u00fbment compl\u00e9t\u00e9 et les justificatifs n\u00e9cessaire (voir pi\u00e8ces \u00e0 fournir).<br \/>\n&#8211; Par courrier : en envoyant \u00e0 la mairie le <a href=\"https:\/\/www.formulaires.modernisation.gouv.fr\/gf\/cerfa_12669.do\" target=\"_blank\" rel=\"noopener\">formulaire cerfa<\/a> d\u00fbment compl\u00e9t\u00e9 et une photocopie des pi\u00e8ces justificatives.<\/p>\n<p><strong>PIECES JUSTIFICATIVES<\/strong><br \/>\n&gt;&gt; Un titre d\u2019identit\u00e9 et de nationalit\u00e9 en cours de validit\u00e9 :<br \/>\n&#8211; Carte nationale d\u2019identit\u00e9 en cours de validit\u00e9 ou p\u00e9rim\u00e9 depuis moins de 5 ans (photocopie recto-verso)<br \/>\n&#8211; Passeport (photocopie de la page double ou figure votre photo)<br \/>\n&#8211; Permis de conduire (valable uniquement s\u2019il est accompagn\u00e9 d\u2019un justificatif de nationalit\u00e9)<br \/>\n&gt;&gt; Un justificatif de domicile :<br \/>\n&#8211; Toutes factures (\u00e9lectricit\u00e9, gaz, t\u00e9l\u00e9phone, <em>etc.<\/em>) dat\u00e9es de moins de 3 mois<br \/>\n&#8211; Toutes pi\u00e8ces permettant de prouver que vous \u00eates inscrit(e) pour la 2e fois et sans interruption, au r\u00f4le des contributions directes communales ou que votre conjoint r\u00e9pond \u00e0 ces conditions.<br \/>\nChaque \u00e9lecteur devant justifier d\u2019une attache avec le bureau de vote sur la liste duquel il est inscrit doit r\u00e9gulariser sa situation \u00e9lectorale \u00e0 la suite de tout changement de domicile ou de r\u00e9sidence aupr\u00e8s de la mairie.<\/p>\n<p><strong>DONNER PROCURATION<\/strong><br \/>\nLe vote par procuration permet \u00e0 un \u00e9lecteur absent le jour d\u2019une \u00e9lection (ou d\u2019un r\u00e9f\u00e9rendum), de se faire repr\u00e9senter par un \u00e9lecteur inscrit dans la m\u00eame commune ou sur la m\u00eame liste consulaire que lui. La d\u00e9marche se fait au commissariat de police, \u00e0 la gendarmerie (Bo\u00ebge) ou au tribunal d\u2019instance.<br \/>\nLa personne qui donne procuration (le mandant) d\u00e9signe librement la personne qui votera \u00e0 sa place (le mandataire). Le mandataire doit toutefois r\u00e9pondre \u00e0 deux conditions li\u00e9es \u00e0 l\u2019inscription sur les listes \u00e9lectorales et au nombre maximum de procurations. Ces conditions sont d\u00e9finies en fonction du lieu de vote (en France ou \u00e0 l\u2019\u00e9tranger).<\/p>\n<p>&#8211; Le mandataire doit \u00eatre inscrit sur les listes \u00e9lectorales de la m\u00eame commune que le mandant, mais pas forc\u00e9ment \u00eatre \u00e9lecteur du m\u00eame bureau de vote, ni du m\u00eame arrondissement.<br \/>\n&#8211; Le mandataire ne peut disposer que d\u2019une seule procuration pour la m\u00eame \u00e9lection.<br \/>\n&#8211; Le jour du scrutin, le mandataire doit d\u00e9tenir une seule procuration \u00e9tablie en France. Il peut recevoir deux procurations maximum si au moins l\u2019une de ces procurations a \u00e9t\u00e9 \u00e9tablie \u00e0 l\u2019\u00e9tranger.<\/p>\n<p>Le mandant peut se pr\u00e9senter au commissariat de police, \u00e0 la gendarmerie ou au tribunal d\u2019instance de son domicile ou de son lieu de travail.<\/p>\n<p>Le mandant se pr\u00e9sente en personne aupr\u00e8s des autorit\u00e9s comp\u00e9tentes o\u00f9 un formulaire vierge lui est remis :<br \/>\n&#8211; Il pr\u00e9sente un justificatif d\u2019identit\u00e9 admis pour pouvoir voter (carte nationale d\u2019identit\u00e9, passeport ou permis de conduire par exemple).<br \/>\n&#8211; Il remplit le formulaire o\u00f9 sont pr\u00e9cis\u00e9es plusieurs informations sur le mandataire : nom de famille, nom d\u2019usage, pr\u00e9nom(s), adresse et date de naissance.<\/p>\n<p>Ce formulaire inclut une attestation sur l\u2019honneur mentionnant le motif de l\u2019emp\u00eachement. Il peut s\u2019agir par exemple d\u2019une absence li\u00e9e \u00e0 des vacances ou des obligations professionnelles. Il n\u2019y a pas lieu de fournir de justificatif sur la nature de l\u2019absence.<br \/>\nLe mandant peut pr\u00e9parer sa d\u00e9marche avant de se rendre au guichet : dans ce cas, il remplit en ligne (via internet) et imprime le formulaire cerfa n\u00b014952 qu\u2019il pr\u00e9sente ensuite au guichet.<\/p>\n<p><strong>MAJEURS SOUS TUTELLE<\/strong> &#8211; <a href=\"http:\/\/vailly74.fr\/wp-content\/uploads\/2019\/04\/AfficheMAJEURS_TUTELLE.pdf\" target=\"_blank\" rel=\"noopener\"><em>Cliquez ici<\/em><\/a><br \/>\nLes majeurs en tutelle qui \u00e9taient priv\u00e9s de leur droit de vote par une d\u00e9cision de justice recouvrent ce droit, pourront, sous r\u00e9serve de s&rsquo;\u00eatre inscrits sur les listes \u00e9lectorales d&rsquo;une commune (<strong>jusqu&rsquo;au 16 mai minuit, avec une copie de votre jugement de tutelle<\/strong>), l\u2019exercer d\u00e8s l\u2019\u00e9lection des repr\u00e9sentants au Parlement europ\u00e9en du 26 mai 2019. Cette disposition \u00e9tant d&rsquo;entr\u00e9e en vigueur imm\u00e9diate et n&rsquo;appelant pas de mesure r\u00e9glementaire d&rsquo;application (L\u2019article 11 de la <a href=\"https:\/\/www.legifrance.gouv.fr\/eli\/loi\/2019\/3\/23\/JUST1806695L\/jo\/texte\/fr\" target=\"_blank\" rel=\"noopener\">loi n\u00b02019-222 du 23 mars 2019 de programmation 2018-2022 et de r\u00e9forme pour la justice<\/a> abroge l\u2019article L. 5 du code \u00e9lectoral).<\/p>\n<p><strong>Si besoin, n&rsquo;h\u00e9sitez pas \u00e0 interroger votre situation \u00e9lectorale :<\/strong> <a href=\"https:\/\/www.service-public.fr\/particuliers\/vosdroits\/services-en-ligne-et-formulaires\/ISE\" target=\"_blank\" rel=\"noopener\">cliquez ici<\/a><\/p>\n<p>Pour recevoir les documents \u00e9lectoraux, merci de signaler tout changement d\u2019adresse ou d\u2019\u00e9tat civil afin de mettre \u00e0 jour la liste \u00e9lectorale.<br \/>\nSi vous quittez la commune, pensez \u00e0 vous inscrire d\u00e8s votre arriv\u00e9e dans votre nouveau lieu d\u2019habitation.<\/p>\n","protected":false},"excerpt":{"rendered":"<p>Conditions d\u2019inscription Etre majeur (18 ans) au moins la veille du 1er tour de scrutin ; Etre de nationalit\u00e9 fran\u00e7aise ou europ\u00e9enne (uniquement pour les \u00e9lections municipales et europ\u00e9ennes ; Etre domicili\u00e9 dans la commune \/ y r\u00e9sider depuis plus<\/p>\n","protected":false},"author":1,"featured_media":0,"parent":1016,"menu_order":4,"comment_status":"closed","ping_status":"closed","template":"","meta":{"_mi_skip_tracking":false,"footnotes":""},"class_list":["post-1024","page","type-page","status-publish","hentry"],"_links":{"self":[{"href":"https:\/\/vailly74.fr\/index.php\/wp-json\/wp\/v2\/pages\/1024","targetHints":{"allow":["GET"]}}],"collection":[{"href":"https:\/\/vailly74.fr\/index.php\/wp-json\/wp\/v2\/pages"}],"about":[{"href":"https:\/\/vailly74.fr\/index.php\/wp-json\/wp\/v2\/types\/page"}],"author":[{"embeddable":true,"href":"https:\/\/vailly74.fr\/index.php\/wp-json\/wp\/v2\/users\/1"}],"replies":[{"embeddable":true,"href":"https:\/\/vailly74.fr\/index.php\/wp-json\/wp\/v2\/comments?post=1024"}],"version-history":[{"count":22,"href":"https:\/\/vailly74.fr\/index.php\/wp-json\/wp\/v2\/pages\/1024\/revisions"}],"predecessor-version":[{"id":5173,"href":"https:\/\/vailly74.fr\/index.php\/wp-json\/wp\/v2\/pages\/1024\/revisions\/5173"}],"up":[{"embeddable":true,"href":"https:\/\/vailly74.fr\/index.php\/wp-json\/wp\/v2\/pages\/1016"}],"wp:attachment":[{"href":"https:\/\/vailly74.fr\/index.php\/wp-json\/wp\/v2\/media?parent=1024"}],"curies":[{"name":"wp","href":"https:\/\/api.w.org\/{rel}","templated":true}]}}