{"id":1023,"date":"2019-02-13T10:40:17","date_gmt":"2019-02-13T09:40:17","guid":{"rendered":"http:\/\/vailly74.fr\/?page_id=1023"},"modified":"2024-09-06T14:46:02","modified_gmt":"2024-09-06T12:46:02","slug":"recensement","status":"publish","type":"page","link":"https:\/\/vailly74.fr\/index.php\/demarche-administrative\/recensement\/","title":{"rendered":"Recensement Frontalier"},"content":{"rendered":"<p>Chaque ann\u00e9e, le D\u00e9partement de la Haute-Savoie re\u00e7oit du canton de Gen\u00e8ve une dotation, au titre de la Compensation Financi\u00e8re Genevoise, pour toute personne travaillant dans le canton de Gen\u00e8ve et r\u00e9sidant sur le D\u00e9partement (Fonds de R\u00e9trocessions Genevois, FRG).<br \/>\nLe Conseil D\u00e9partemental reverse une part de cette compensation aux communes, proportionnellement \u00e0 leur nombre de frontaliers.<\/p>\n<p><strong>Sont concern\u00e9es les personnes domicili\u00e9es \u00e0 Vailly, travaillant dans le canton de Gen\u00e8ve, de nationalit\u00e9 Suisse ou ayant la double nationalit\u00e9 (suisse et fran\u00e7aise).<\/strong><\/p>\n<p>Les fonds frontaliers sont primordiaux. Il est donc particuli\u00e8rement important pour la commune de conna\u00eetre le nombre de travailleurs frontaliers r\u00e9sidant sur la commune travaillant dans le canton de Gen\u00e8ve, et ce quelque soit sa nationalit\u00e9. Ce recensement n&rsquo;a aucun impact sur votre imposition.<\/p>\n<p><strong><em>Merci de vous faire conna\u00eetre en Mairie d\u00e8s que vous \u00eates frontalier (canton de Gen\u00e8ve).<\/em><\/strong><\/p>\n<p><img loading=\"lazy\" decoding=\"async\" class=\" wp-image-1053 aligncenter\" src=\"http:\/\/vailly74.fr\/wp-content\/uploads\/2019\/02\/Drapeau-France-Suisse.jpg\" alt=\"\" width=\"397\" height=\"297\" \/><\/p>\n","protected":false},"excerpt":{"rendered":"<p>Chaque ann\u00e9e, le D\u00e9partement de la Haute-Savoie re\u00e7oit du canton de Gen\u00e8ve une dotation, au titre de la Compensation Financi\u00e8re Genevoise, pour toute personne travaillant dans le canton de Gen\u00e8ve et r\u00e9sidant sur le D\u00e9partement (Fonds de R\u00e9trocessions Genevois, FRG).<\/p>\n","protected":false},"author":1,"featured_media":0,"parent":1016,"menu_order":3,"comment_status":"closed","ping_status":"closed","template":"","meta":{"_mi_skip_tracking":false,"footnotes":""},"class_list":["post-1023","page","type-page","status-publish","hentry"],"_links":{"self":[{"href":"https:\/\/vailly74.fr\/index.php\/wp-json\/wp\/v2\/pages\/1023","targetHints":{"allow":["GET"]}}],"collection":[{"href":"https:\/\/vailly74.fr\/index.php\/wp-json\/wp\/v2\/pages"}],"about":[{"href":"https:\/\/vailly74.fr\/index.php\/wp-json\/wp\/v2\/types\/page"}],"author":[{"embeddable":true,"href":"https:\/\/vailly74.fr\/index.php\/wp-json\/wp\/v2\/users\/1"}],"replies":[{"embeddable":true,"href":"https:\/\/vailly74.fr\/index.php\/wp-json\/wp\/v2\/comments?post=1023"}],"version-history":[{"count":5,"href":"https:\/\/vailly74.fr\/index.php\/wp-json\/wp\/v2\/pages\/1023\/revisions"}],"predecessor-version":[{"id":5178,"href":"https:\/\/vailly74.fr\/index.php\/wp-json\/wp\/v2\/pages\/1023\/revisions\/5178"}],"up":[{"embeddable":true,"href":"https:\/\/vailly74.fr\/index.php\/wp-json\/wp\/v2\/pages\/1016"}],"wp:attachment":[{"href":"https:\/\/vailly74.fr\/index.php\/wp-json\/wp\/v2\/media?parent=1023"}],"curies":[{"name":"wp","href":"https:\/\/api.w.org\/{rel}","templated":true}]}}