{"id":1021,"date":"2019-02-13T10:40:17","date_gmt":"2019-02-13T09:40:17","guid":{"rendered":"http:\/\/vailly74.fr\/?page_id=1021"},"modified":"2020-02-04T13:38:47","modified_gmt":"2020-02-04T12:38:47","slug":"passeport","status":"publish","type":"page","link":"https:\/\/vailly74.fr\/index.php\/demarche-administrative\/passeport\/","title":{"rendered":"Passeport"},"content":{"rendered":"<p>Pour faire un passeport biom\u00e9trique, il faut le demander dans une mairie habilit\u00e9e, avec les justificatifs n\u00e9cessaires lors de votre rendez-vous.<\/p>\n<p>Les documents d\u00e9pendent de la situation :<\/p>\n<ul>\n<li>Majeur ou mineur ;<\/li>\n<li>Premi\u00e8re demande ou renouvellement, <em>etc.<\/em><\/li>\n<\/ul>\n<p>Le d\u00e9lai pour faire le passeport d\u00e9pend de la p\u00e9riode de l&rsquo;ann\u00e9e et du lieu de la demande.<\/p>\n<p style=\"text-align: center;\"><span style=\"color: #386eab;\"><strong>Service en ligne et formulaire de demande via le lien suivant :<a href=\"https:\/\/www.service-public.fr\/particuliers\/vosdroits\/N360\"> https:\/\/www.service-public.fr\/particuliers\/vosdroits\/N360<\/a><\/strong><\/span><\/p>\n<p>&nbsp;<\/p>\n<p style=\"text-align: center;\"><em><strong><span style=\"color: #e81764;\"><span style=\"color: #000000;\">Pour conna\u00eetre les mairies du secteur habilit\u00e9es \u00e0 d\u00e9livrer un passeport biom\u00e9trique,\u00a0 rendez vous ici :<\/span><br \/>\n<a href=\"https:\/\/passeport.ants.gouv.fr\/Services-associes\/Ou-faire-ma-demande-de-passeport-CNI\">https:\/\/passeport.ants.gouv.fr\/Services-associes\/Ou-faire-ma-demande-de-passeport-CNI<\/a><\/span><\/strong><\/em><\/p>\n","protected":false},"excerpt":{"rendered":"<p>Pour faire un passeport biom\u00e9trique, il faut le demander dans une mairie habilit\u00e9e, avec les justificatifs n\u00e9cessaires lors de votre rendez-vous. Les documents d\u00e9pendent de la situation : Majeur ou mineur ; Premi\u00e8re demande ou renouvellement, etc. Le d\u00e9lai pour<\/p>\n","protected":false},"author":1,"featured_media":0,"parent":1016,"menu_order":2,"comment_status":"closed","ping_status":"closed","template":"","meta":{"_mi_skip_tracking":false,"footnotes":""},"class_list":["post-1021","page","type-page","status-publish","hentry"],"_links":{"self":[{"href":"https:\/\/vailly74.fr\/index.php\/wp-json\/wp\/v2\/pages\/1021","targetHints":{"allow":["GET"]}}],"collection":[{"href":"https:\/\/vailly74.fr\/index.php\/wp-json\/wp\/v2\/pages"}],"about":[{"href":"https:\/\/vailly74.fr\/index.php\/wp-json\/wp\/v2\/types\/page"}],"author":[{"embeddable":true,"href":"https:\/\/vailly74.fr\/index.php\/wp-json\/wp\/v2\/users\/1"}],"replies":[{"embeddable":true,"href":"https:\/\/vailly74.fr\/index.php\/wp-json\/wp\/v2\/comments?post=1021"}],"version-history":[{"count":10,"href":"https:\/\/vailly74.fr\/index.php\/wp-json\/wp\/v2\/pages\/1021\/revisions"}],"predecessor-version":[{"id":2464,"href":"https:\/\/vailly74.fr\/index.php\/wp-json\/wp\/v2\/pages\/1021\/revisions\/2464"}],"up":[{"embeddable":true,"href":"https:\/\/vailly74.fr\/index.php\/wp-json\/wp\/v2\/pages\/1016"}],"wp:attachment":[{"href":"https:\/\/vailly74.fr\/index.php\/wp-json\/wp\/v2\/media?parent=1021"}],"curies":[{"name":"wp","href":"https:\/\/api.w.org\/{rel}","templated":true}]}}