{"id":1016,"date":"2019-02-13T10:37:39","date_gmt":"2019-02-13T09:37:39","guid":{"rendered":"http:\/\/vailly74.fr\/?page_id=1016"},"modified":"2019-02-13T11:24:44","modified_gmt":"2019-02-13T10:24:44","slug":"demarche-administrative","status":"publish","type":"page","link":"https:\/\/vailly74.fr\/index.php\/demarche-administrative\/","title":{"rendered":"D\u00e9marche administrative"},"content":{"rendered":"<p style=\"text-align: center;\">D\u00e9couvrez via les diff\u00e9rentes cat\u00e9gories, toutes les informations relatives aux d\u00e9marches administratives &#8230;<\/p>\n","protected":false},"excerpt":{"rendered":"<p>D\u00e9couvrez via les diff\u00e9rentes cat\u00e9gories, toutes les informations relatives aux d\u00e9marches administratives &#8230;<\/p>\n","protected":false},"author":1,"featured_media":0,"parent":0,"menu_order":0,"comment_status":"closed","ping_status":"closed","template":"","meta":{"_mi_skip_tracking":false,"footnotes":""},"class_list":["post-1016","page","type-page","status-publish","hentry"],"_links":{"self":[{"href":"https:\/\/vailly74.fr\/index.php\/wp-json\/wp\/v2\/pages\/1016","targetHints":{"allow":["GET"]}}],"collection":[{"href":"https:\/\/vailly74.fr\/index.php\/wp-json\/wp\/v2\/pages"}],"about":[{"href":"https:\/\/vailly74.fr\/index.php\/wp-json\/wp\/v2\/types\/page"}],"author":[{"embeddable":true,"href":"https:\/\/vailly74.fr\/index.php\/wp-json\/wp\/v2\/users\/1"}],"replies":[{"embeddable":true,"href":"https:\/\/vailly74.fr\/index.php\/wp-json\/wp\/v2\/comments?post=1016"}],"version-history":[{"count":3,"href":"https:\/\/vailly74.fr\/index.php\/wp-json\/wp\/v2\/pages\/1016\/revisions"}],"predecessor-version":[{"id":1067,"href":"https:\/\/vailly74.fr\/index.php\/wp-json\/wp\/v2\/pages\/1016\/revisions\/1067"}],"wp:attachment":[{"href":"https:\/\/vailly74.fr\/index.php\/wp-json\/wp\/v2\/media?parent=1016"}],"curies":[{"name":"wp","href":"https:\/\/api.w.org\/{rel}","templated":true}]}}