{"id":1005,"date":"2019-02-13T10:31:25","date_gmt":"2019-02-13T09:31:25","guid":{"rendered":"http:\/\/vailly74.fr\/?page_id=1005"},"modified":"2020-10-26T11:23:27","modified_gmt":"2020-10-26T10:23:27","slug":"geoportail","status":"publish","type":"page","link":"https:\/\/vailly74.fr\/index.php\/urbanisme\/geoportail\/","title":{"rendered":"Cadastre"},"content":{"rendered":"<p><strong>GEOPORTAIL<\/strong><\/p>\n<p style=\"text-align: left;\">Outil de consultation des donn\u00e9es des territoires communaux : photos a\u00e9riennes, cadastre, donn\u00e9es r\u00e9glementaires :\u00a0<span style=\"color: #0000ff;\"><a style=\"color: #0000ff;\" href=\"http:\/\/www.geoportail-des-savoie.org\/\" target=\"_blank\" rel=\"noopener noreferrer\">www.geoportail-des-savoie.org<\/a><\/span><\/p>\n<p><strong>CADASTRE<\/strong><\/p>\n<p style=\"text-align: left;\">Les informations cadastrales de la commune de Vailly sont consultables sur le site du cadastre :<span style=\"color: #0000ff;\">\u00a0 <a style=\"color: #0000ff;\" href=\"http:\/\/www.cadastre.gouv.fr\/scpc\/accueil.do\" target=\"_blank\" rel=\"noopener noreferrer\">http:\/\/www.cadastre.gouv.fr\/scpc\/accueil.do<\/a><\/span><\/p>\n<p><a href=\"http:\/\/www.geoportail-des-savoie.org\/#9\/45.7340\/6.4435\" target=\"_blank\" rel=\"noopener noreferrer\"><img loading=\"lazy\" decoding=\"async\" class=\"aligncenter wp-image-1917 size-full\" src=\"http:\/\/vailly74.fr\/wp-content\/uploads\/2019\/08\/geoportail.png\" alt=\"\" width=\"662\" height=\"706\" srcset=\"https:\/\/vailly74.fr\/wp-content\/uploads\/2019\/08\/geoportail.png 662w, https:\/\/vailly74.fr\/wp-content\/uploads\/2019\/08\/geoportail-281x300.png 281w\" sizes=\"auto, (max-width: 662px) 100vw, 662px\" \/><\/a><\/p>\n","protected":false},"excerpt":{"rendered":"<p>GEOPORTAIL Outil de consultation des donn\u00e9es des territoires communaux : photos a\u00e9riennes, cadastre, donn\u00e9es r\u00e9glementaires :\u00a0www.geoportail-des-savoie.org CADASTRE Les informations cadastrales de la commune de Vailly sont consultables sur le site du cadastre :\u00a0 http:\/\/www.cadastre.gouv.fr\/scpc\/accueil.do<\/p>\n","protected":false},"author":1,"featured_media":0,"parent":648,"menu_order":6,"comment_status":"closed","ping_status":"closed","template":"","meta":{"_mi_skip_tracking":false,"footnotes":""},"class_list":["post-1005","page","type-page","status-publish","hentry"],"_links":{"self":[{"href":"https:\/\/vailly74.fr\/index.php\/wp-json\/wp\/v2\/pages\/1005","targetHints":{"allow":["GET"]}}],"collection":[{"href":"https:\/\/vailly74.fr\/index.php\/wp-json\/wp\/v2\/pages"}],"about":[{"href":"https:\/\/vailly74.fr\/index.php\/wp-json\/wp\/v2\/types\/page"}],"author":[{"embeddable":true,"href":"https:\/\/vailly74.fr\/index.php\/wp-json\/wp\/v2\/users\/1"}],"replies":[{"embeddable":true,"href":"https:\/\/vailly74.fr\/index.php\/wp-json\/wp\/v2\/comments?post=1005"}],"version-history":[{"count":8,"href":"https:\/\/vailly74.fr\/index.php\/wp-json\/wp\/v2\/pages\/1005\/revisions"}],"predecessor-version":[{"id":3200,"href":"https:\/\/vailly74.fr\/index.php\/wp-json\/wp\/v2\/pages\/1005\/revisions\/3200"}],"up":[{"embeddable":true,"href":"https:\/\/vailly74.fr\/index.php\/wp-json\/wp\/v2\/pages\/648"}],"wp:attachment":[{"href":"https:\/\/vailly74.fr\/index.php\/wp-json\/wp\/v2\/media?parent=1005"}],"curies":[{"name":"wp","href":"https:\/\/api.w.org\/{rel}","templated":true}]}}